{"id":22755,"date":"2025-08-28T21:32:21","date_gmt":"2025-08-28T21:32:21","guid":{"rendered":"https:\/\/rodrilab.com\/?post_type=product&#038;p=22755"},"modified":"2025-11-13T08:41:05","modified_gmt":"2025-11-13T08:41:05","slug":"box-art-matted-prints","status":"publish","type":"product","link":"https:\/\/rodrilab.com\/it\/prodotto\/box-art-matted-prints\/","title":{"rendered":"Box Art Matted Prints"},"content":{"rendered":"<p>Art Box Matted Prints<\/p>\n<p>Sofistica\u00e7\u00e3o e Praticidade em um s\u00f3 Produto<\/p>\n<p>A Art Box Matted Prints \u00e9 uma elegante caixa de madeira com acabamento impec\u00e1vel e uma tampa em acr\u00edlico transparente, projetada para proteger e exibir suas mem\u00f3rias com estilo. Este produto j\u00e1 inclui os sofisticados Matted Prints (passe-partouts), que destacam e valorizam suas fotografias, transformando-as em verdadeiras obras de arte.<\/p>\n<p>Surpreenda-se com a combina\u00e7\u00e3o perfeita de design, funcionalidade e qualidade. Ideal para quem busca uma apresenta\u00e7\u00e3o \u00fanica e de alto padr\u00e3o para momentos inesquec\u00edveis.<\/p>","protected":false},"excerpt":{"rendered":"<p>Art Box Matted Prints Sofistica\u00e7\u00e3o e Praticidade em um s\u00f3 Produto A Art Box Matted Prints \u00e9 uma elegante caixa<\/p>","protected":false},"featured_media":19090,"comment_status":"closed","ping_status":"closed","template":"","meta":{"rs_blank_template":"","rs_page_bg_color":"","slide_template_v7":"","inline_featured_image":false},"product_brand":[],"product_cat":[3079],"product_tag":[],"class_list":{"0":"post-22755","1":"product","2":"type-product","3":"status-publish","4":"has-post-thumbnail","6":"product_cat-decoracao","8":"first","9":"instock","10":"taxable","11":"shipping-taxable","12":"product-type-variable"},"_links":{"self":[{"href":"https:\/\/rodrilab.com\/it\/wp-json\/wp\/v2\/product\/22755","targetHints":{"allow":["GET"]}}],"collection":[{"href":"https:\/\/rodrilab.com\/it\/wp-json\/wp\/v2\/product"}],"about":[{"href":"https:\/\/rodrilab.com\/it\/wp-json\/wp\/v2\/types\/product"}],"replies":[{"embeddable":true,"href":"https:\/\/rodrilab.com\/it\/wp-json\/wp\/v2\/comments?post=22755"}],"wp:featuredmedia":[{"embeddable":true,"href":"https:\/\/rodrilab.com\/it\/wp-json\/wp\/v2\/media\/19090"}],"wp:attachment":[{"href":"https:\/\/rodrilab.com\/it\/wp-json\/wp\/v2\/media?parent=22755"}],"wp:term":[{"taxonomy":"product_brand","embeddable":true,"href":"https:\/\/rodrilab.com\/it\/wp-json\/wp\/v2\/product_brand?post=22755"},{"taxonomy":"product_cat","embeddable":true,"href":"https:\/\/rodrilab.com\/it\/wp-json\/wp\/v2\/product_cat?post=22755"},{"taxonomy":"product_tag","embeddable":true,"href":"https:\/\/rodrilab.com\/it\/wp-json\/wp\/v2\/product_tag?post=22755"}],"curies":[{"name":"wp","href":"https:\/\/api.w.org\/{rel}","templated":true}]}}