{"id":22501,"date":"2025-08-26T11:31:55","date_gmt":"2025-08-26T11:31:55","guid":{"rendered":"https:\/\/rodrilab.com\/?post_type=product&#038;p=22501"},"modified":"2025-11-13T08:51:40","modified_gmt":"2025-11-13T08:51:40","slug":"wood-kristal","status":"publish","type":"product","link":"https:\/\/rodrilab.com\/it\/prodotto\/wood-kristal\/","title":{"rendered":"Wood Kristal"},"content":{"rendered":"<p data-start=\"71\" data-end=\"89\"><strong data-start=\"71\" data-end=\"87\">Wood Kristal<\/strong><\/p>\n<p data-start=\"71\" data-end=\"89\">Uma pe\u00e7a distinta que une a nobreza da madeira \u00e0 eleg\u00e2ncia do acr\u00edlico. A fotografia \u00e9 impressa em papel e aplicada no verso do acr\u00edlico, criando um efeito de profundidade e sofistica\u00e7\u00e3o \u00fanicos.<br \/>\nAcompanha uma base em madeira, cuidadosamente trabalhada, que permite encaixar o acr\u00edlico de forma est\u00e1vel e elegante, transformando-a em uma pe\u00e7a decorativa.<\/p>","protected":false},"excerpt":{"rendered":"<p>Wood Kristal Uma pe\u00e7a distinta que une a nobreza da madeira \u00e0 eleg\u00e2ncia do acr\u00edlico. A fotografia \u00e9 impressa em<\/p>","protected":false},"featured_media":16432,"comment_status":"closed","ping_status":"closed","template":"","meta":{"rs_blank_template":"","rs_page_bg_color":"","slide_template_v7":"","inline_featured_image":false},"product_brand":[],"product_cat":[3079],"product_tag":[],"class_list":{"0":"post-22501","1":"product","2":"type-product","3":"status-publish","4":"has-post-thumbnail","6":"product_cat-decoracao","8":"first","9":"instock","10":"taxable","11":"shipping-taxable","12":"product-type-variable"},"_links":{"self":[{"href":"https:\/\/rodrilab.com\/it\/wp-json\/wp\/v2\/product\/22501","targetHints":{"allow":["GET"]}}],"collection":[{"href":"https:\/\/rodrilab.com\/it\/wp-json\/wp\/v2\/product"}],"about":[{"href":"https:\/\/rodrilab.com\/it\/wp-json\/wp\/v2\/types\/product"}],"replies":[{"embeddable":true,"href":"https:\/\/rodrilab.com\/it\/wp-json\/wp\/v2\/comments?post=22501"}],"wp:featuredmedia":[{"embeddable":true,"href":"https:\/\/rodrilab.com\/it\/wp-json\/wp\/v2\/media\/16432"}],"wp:attachment":[{"href":"https:\/\/rodrilab.com\/it\/wp-json\/wp\/v2\/media?parent=22501"}],"wp:term":[{"taxonomy":"product_brand","embeddable":true,"href":"https:\/\/rodrilab.com\/it\/wp-json\/wp\/v2\/product_brand?post=22501"},{"taxonomy":"product_cat","embeddable":true,"href":"https:\/\/rodrilab.com\/it\/wp-json\/wp\/v2\/product_cat?post=22501"},{"taxonomy":"product_tag","embeddable":true,"href":"https:\/\/rodrilab.com\/it\/wp-json\/wp\/v2\/product_tag?post=22501"}],"curies":[{"name":"wp","href":"https:\/\/api.w.org\/{rel}","templated":true}]}}