{"id":22459,"date":"2025-08-25T11:57:14","date_gmt":"2025-08-25T11:57:14","guid":{"rendered":"https:\/\/rodrilab.com\/?post_type=product&#038;p=22459"},"modified":"2025-11-13T08:52:24","modified_gmt":"2025-11-13T08:52:24","slug":"kristal-passepartout","status":"publish","type":"product","link":"https:\/\/rodrilab.com\/it\/prodotto\/kristal-passepartout\/","title":{"rendered":"Kristal Passepartout"},"content":{"rendered":"<p><strong data-start=\"60\" data-end=\"84\">Kristal Passepartout<\/strong><\/p>\n<p>Uma pe\u00e7a elegante em acr\u00edlico, com fotografia impressa em papel e aplicada no verso, garantindo profundidade e nitidez \u00e0 imagem.<\/p>\n<p>Acompanha dois suportes em acr\u00edlico, que permitem expor a sua recorda\u00e7\u00e3o com sofistica\u00e7\u00e3o em qualquer ambiente.<\/p>","protected":false},"excerpt":{"rendered":"<p>Kristal Passepartout Uma pe\u00e7a elegante em acr\u00edlico, com fotografia impressa em papel e aplicada no verso, garantindo profundidade e nitidez<\/p>","protected":false},"featured_media":22452,"comment_status":"closed","ping_status":"closed","template":"","meta":{"rs_blank_template":"","rs_page_bg_color":"","slide_template_v7":"","inline_featured_image":false},"product_brand":[],"product_cat":[3079],"product_tag":[],"class_list":{"0":"post-22459","1":"product","2":"type-product","3":"status-publish","4":"has-post-thumbnail","6":"product_cat-decoracao","8":"first","9":"instock","10":"taxable","11":"shipping-taxable","12":"product-type-variable"},"_links":{"self":[{"href":"https:\/\/rodrilab.com\/it\/wp-json\/wp\/v2\/product\/22459","targetHints":{"allow":["GET"]}}],"collection":[{"href":"https:\/\/rodrilab.com\/it\/wp-json\/wp\/v2\/product"}],"about":[{"href":"https:\/\/rodrilab.com\/it\/wp-json\/wp\/v2\/types\/product"}],"replies":[{"embeddable":true,"href":"https:\/\/rodrilab.com\/it\/wp-json\/wp\/v2\/comments?post=22459"}],"wp:featuredmedia":[{"embeddable":true,"href":"https:\/\/rodrilab.com\/it\/wp-json\/wp\/v2\/media\/22452"}],"wp:attachment":[{"href":"https:\/\/rodrilab.com\/it\/wp-json\/wp\/v2\/media?parent=22459"}],"wp:term":[{"taxonomy":"product_brand","embeddable":true,"href":"https:\/\/rodrilab.com\/it\/wp-json\/wp\/v2\/product_brand?post=22459"},{"taxonomy":"product_cat","embeddable":true,"href":"https:\/\/rodrilab.com\/it\/wp-json\/wp\/v2\/product_cat?post=22459"},{"taxonomy":"product_tag","embeddable":true,"href":"https:\/\/rodrilab.com\/it\/wp-json\/wp\/v2\/product_tag?post=22459"}],"curies":[{"name":"wp","href":"https:\/\/api.w.org\/{rel}","templated":true}]}}