{"id":21553,"date":"2025-07-22T13:27:31","date_gmt":"2025-07-22T13:27:31","guid":{"rendered":"https:\/\/rodrilab.com\/?post_type=product&#038;p=21553"},"modified":"2025-11-29T11:47:00","modified_gmt":"2025-11-29T11:47:00","slug":"eco","status":"publish","type":"product","link":"https:\/\/rodrilab.com\/it\/prodotto\/eco\/","title":{"rendered":"Eco"},"content":{"rendered":"<p>O Eco Collection destaca-se pela sua simplicidade elegante e versatilidade.<\/p>\n<p>Com um revestimento resistente e dispon\u00edvel numa ampla paleta de cores, \u00e9 a escolha ideal para quem valoriza praticidade aliada ao design.<\/p>\n<p>Um dos seus grandes atrativos \u00e9 a possibilidade de personalizar a capa com a sua melhor fotografia, criando uma composi\u00e7\u00e3o harmoniosa com o linho de toque suave, dispon\u00edvel em diversas tonalidades.<\/p>","protected":false},"excerpt":{"rendered":"<p>O Eco Collection destaca-se pela sua simplicidade elegante e versatilidade. Com um revestimento resistente e dispon\u00edvel numa ampla paleta de<\/p>","protected":false},"featured_media":16244,"comment_status":"closed","ping_status":"closed","template":"","meta":{"rs_blank_template":"","rs_page_bg_color":"","slide_template_v7":"","inline_featured_image":false},"product_brand":[],"product_cat":[3077],"product_tag":[],"class_list":{"0":"post-21553","1":"product","2":"type-product","3":"status-publish","4":"has-post-thumbnail","6":"product_cat-albuns","8":"first","9":"instock","10":"taxable","11":"shipping-taxable","12":"product-type-variable"},"_links":{"self":[{"href":"https:\/\/rodrilab.com\/it\/wp-json\/wp\/v2\/product\/21553","targetHints":{"allow":["GET"]}}],"collection":[{"href":"https:\/\/rodrilab.com\/it\/wp-json\/wp\/v2\/product"}],"about":[{"href":"https:\/\/rodrilab.com\/it\/wp-json\/wp\/v2\/types\/product"}],"replies":[{"embeddable":true,"href":"https:\/\/rodrilab.com\/it\/wp-json\/wp\/v2\/comments?post=21553"}],"wp:featuredmedia":[{"embeddable":true,"href":"https:\/\/rodrilab.com\/it\/wp-json\/wp\/v2\/media\/16244"}],"wp:attachment":[{"href":"https:\/\/rodrilab.com\/it\/wp-json\/wp\/v2\/media?parent=21553"}],"wp:term":[{"taxonomy":"product_brand","embeddable":true,"href":"https:\/\/rodrilab.com\/it\/wp-json\/wp\/v2\/product_brand?post=21553"},{"taxonomy":"product_cat","embeddable":true,"href":"https:\/\/rodrilab.com\/it\/wp-json\/wp\/v2\/product_cat?post=21553"},{"taxonomy":"product_tag","embeddable":true,"href":"https:\/\/rodrilab.com\/it\/wp-json\/wp\/v2\/product_tag?post=21553"}],"curies":[{"name":"wp","href":"https:\/\/api.w.org\/{rel}","templated":true}]}}