{"id":21449,"date":"2025-07-19T22:25:04","date_gmt":"2025-07-19T22:25:04","guid":{"rendered":"https:\/\/rodrilab.com\/?post_type=product&#038;p=21449"},"modified":"2025-12-05T08:24:35","modified_gmt":"2025-12-05T08:24:35","slug":"studio-book","status":"publish","type":"product","link":"https:\/\/rodrilab.com\/it\/prodotto\/studio-book\/","title":{"rendered":"Studio Book"},"content":{"rendered":"<p data-start=\"108\" data-end=\"386\">Star Book \u2013 Semplice, versatile e pieno di fascino.<strong>tudio Book<\/strong> destaca-se pela sua eleg\u00e2ncia minimalista e \u00e9 a escolha perfeita para formatos compactos. Revestido em Linen de alta resist\u00eancia, oferece uma vasta paleta de cores para combinares com o estilo de cada sess\u00e3o.<\/p>\n<p data-start=\"108\" data-end=\"386\"><strong>Il dettaglio del bottone con cordoncino aggiunge un tocco artigianale e affascinante, garantendo una chiusura sicura del prodotto. Preferisci un look pi\u00f9 essenziale?<\/strong> com cordel adiciona um toque artesanal e encantador, garantindo o fecho seguro do produto.<\/p>\n<p data-start=\"108\" data-end=\"386\">\u00c8 disponibile anche in una versione senza chiusura, ancora pi\u00f9 semplice e contemporanea.<\/p>\n<p data-start=\"108\" data-end=\"386\">Al\u00e9m disso, oferecemos op\u00e7\u00f5es exclusivas, como a personaliza\u00e7\u00e3o da primeira guarda e a possibilidade de incluir uma delicada folha de papel vegetal na primeira p\u00e1gina, um detalhe que acrescenta sofistica\u00e7\u00e3o e requinte ao teu \u00e1lbum.<\/p>\n<p data-start=\"108\" data-end=\"386\">Ideale per le sessioni in studio, lo Star Book unisce praticit\u00e0 e personalit\u00e0, rendendo ogni ricordo ancora pi\u00f9 speciale.<\/p>","protected":false},"excerpt":{"rendered":"<p>O Studio Book destaca-se pela sua eleg\u00e2ncia minimalista e \u00e9 a escolha perfeita para formatos compactos. Revestido em Linen de<\/p>","protected":false},"featured_media":23193,"comment_status":"closed","ping_status":"closed","template":"","meta":{"rs_blank_template":"","rs_page_bg_color":"","slide_template_v7":"","inline_featured_image":false},"product_brand":[],"product_cat":[3078],"product_tag":[],"class_list":{"0":"post-21449","1":"product","2":"type-product","3":"status-publish","4":"has-post-thumbnail","6":"product_cat-books","8":"first","9":"instock","10":"taxable","11":"shipping-taxable","12":"product-type-variable"},"_links":{"self":[{"href":"https:\/\/rodrilab.com\/it\/wp-json\/wp\/v2\/product\/21449","targetHints":{"allow":["GET"]}}],"collection":[{"href":"https:\/\/rodrilab.com\/it\/wp-json\/wp\/v2\/product"}],"about":[{"href":"https:\/\/rodrilab.com\/it\/wp-json\/wp\/v2\/types\/product"}],"replies":[{"embeddable":true,"href":"https:\/\/rodrilab.com\/it\/wp-json\/wp\/v2\/comments?post=21449"}],"wp:featuredmedia":[{"embeddable":true,"href":"https:\/\/rodrilab.com\/it\/wp-json\/wp\/v2\/media\/23193"}],"wp:attachment":[{"href":"https:\/\/rodrilab.com\/it\/wp-json\/wp\/v2\/media?parent=21449"}],"wp:term":[{"taxonomy":"product_brand","embeddable":true,"href":"https:\/\/rodrilab.com\/it\/wp-json\/wp\/v2\/product_brand?post=21449"},{"taxonomy":"product_cat","embeddable":true,"href":"https:\/\/rodrilab.com\/it\/wp-json\/wp\/v2\/product_cat?post=21449"},{"taxonomy":"product_tag","embeddable":true,"href":"https:\/\/rodrilab.com\/it\/wp-json\/wp\/v2\/product_tag?post=21449"}],"curies":[{"name":"wp","href":"https:\/\/api.w.org\/{rel}","templated":true}]}}