{"id":21391,"date":"2025-07-18T19:44:11","date_gmt":"2025-07-18T19:44:11","guid":{"rendered":"https:\/\/rodrilab.com\/?post_type=product&#038;p=21391"},"modified":"2026-04-23T14:09:26","modified_gmt":"2026-04-23T14:09:26","slug":"linen","status":"publish","type":"product","link":"https:\/\/rodrilab.com\/it\/prodotto\/linen\/","title":{"rendered":"Linen"},"content":{"rendered":"<p>Linen Collection \u00e9 uma cole\u00e7\u00e3o pensada para quem aprecia um design minimalista, mas sofisticado, e procura produtos intemporais.<\/p>\n<p>Com uma capa inteiri\u00e7a revestida em Linho, esta cole\u00e7\u00e3o destaca-se pela vasta gama de cores dispon\u00edveis e pelas m\u00faltiplas possibilidades de personaliza\u00e7\u00e3o, tornando-a extremamente vers\u00e1til.<\/p>\n<p>Scelta come una delle preferite dai fotografi professionisti di tutto il mondo, \u00e8 senza dubbio una scelta intelligente che catturer\u00e0 i tuoi clienti e valorizzer\u00e0 il tuo lavoro.<\/p>","protected":false},"excerpt":{"rendered":"<p>Linen Collection \u00e9 uma cole\u00e7\u00e3o pensada para quem aprecia um design minimalista, mas sofisticado, e procura produtos intemporais. Com uma<\/p>","protected":false},"featured_media":19401,"comment_status":"closed","ping_status":"closed","template":"","meta":{"rs_blank_template":"","rs_page_bg_color":"","slide_template_v7":"","inline_featured_image":false},"product_brand":[],"product_cat":[3077],"product_tag":[],"class_list":{"0":"post-21391","1":"product","2":"type-product","3":"status-publish","4":"has-post-thumbnail","6":"product_cat-albuns","8":"first","9":"instock","10":"taxable","11":"shipping-taxable","12":"product-type-variable"},"_links":{"self":[{"href":"https:\/\/rodrilab.com\/it\/wp-json\/wp\/v2\/product\/21391","targetHints":{"allow":["GET"]}}],"collection":[{"href":"https:\/\/rodrilab.com\/it\/wp-json\/wp\/v2\/product"}],"about":[{"href":"https:\/\/rodrilab.com\/it\/wp-json\/wp\/v2\/types\/product"}],"replies":[{"embeddable":true,"href":"https:\/\/rodrilab.com\/it\/wp-json\/wp\/v2\/comments?post=21391"}],"wp:featuredmedia":[{"embeddable":true,"href":"https:\/\/rodrilab.com\/it\/wp-json\/wp\/v2\/media\/19401"}],"wp:attachment":[{"href":"https:\/\/rodrilab.com\/it\/wp-json\/wp\/v2\/media?parent=21391"}],"wp:term":[{"taxonomy":"product_brand","embeddable":true,"href":"https:\/\/rodrilab.com\/it\/wp-json\/wp\/v2\/product_brand?post=21391"},{"taxonomy":"product_cat","embeddable":true,"href":"https:\/\/rodrilab.com\/it\/wp-json\/wp\/v2\/product_cat?post=21391"},{"taxonomy":"product_tag","embeddable":true,"href":"https:\/\/rodrilab.com\/it\/wp-json\/wp\/v2\/product_tag?post=21391"}],"curies":[{"name":"wp","href":"https:\/\/api.w.org\/{rel}","templated":true}]}}