{"id":21324,"date":"2025-07-17T19:17:46","date_gmt":"2025-07-17T19:17:46","guid":{"rendered":"https:\/\/rodrilab.com\/?post_type=product&#038;p=21324"},"modified":"2025-11-13T10:15:41","modified_gmt":"2025-11-13T10:15:41","slug":"misa","status":"publish","type":"product","link":"https:\/\/rodrilab.com\/it\/prodotto\/misa\/","title":{"rendered":"Misa"},"content":{"rendered":"<p><strong>MISA COLLECTION<\/strong><\/p>\n<p>La collezione Misa \u00e8 l\u2019espressione massima di sofisticazione, progettata per trasformare momenti speciali in ricordi indimenticabili.<\/p>\n<p>Ogni prodotto di questa collezione \u00e8 stato accuratamente realizzato per essere la scelta perfetta nella creazione di album che catturano le avventure e le storie di vita dei tuoi clienti. Inoltre, la collezione include un elegante sacchetto progettato per completare il lusso e proteggere con stile questi preziosi ricordi. <strong>inclui uma elegante bolsa<\/strong> , projetada para complementar o luxo e proteger essas preciosas lembran\u00e7as com estilo.<\/p>\n<p>Prodotta con eccellenza, in un tessuto premium di lana morbida e flessibile, e arricchita da una splendida palette di colori strutturati, questa collezione combina in modo unico lusso e funzionalit\u00e0.<\/p>\n<p>Ideale per album di matrimonio, album di famiglia e sessioni per bambini, la collezione Misa non \u00e8 solo una scelta, ma un\u2019esperienza completa che eleva ogni ricordo a un nuovo livello di esclusivit\u00e0 e bellezza.<\/p>","protected":false},"excerpt":{"rendered":"<p>MISA COLLECTION A Misa Collection \u00e9 a express\u00e3o m\u00e1xima de sofistica\u00e7\u00e3o, concebida para transformar momentos especiais em mem\u00f3rias inesquec\u00edveis. Cada<\/p>","protected":false},"featured_media":18767,"comment_status":"closed","ping_status":"closed","template":"","meta":{"rs_blank_template":"","rs_page_bg_color":"","slide_template_v7":"","inline_featured_image":false},"product_brand":[],"product_cat":[3077],"product_tag":[],"class_list":{"0":"post-21324","1":"product","2":"type-product","3":"status-publish","4":"has-post-thumbnail","6":"product_cat-albuns","8":"first","9":"instock","10":"taxable","11":"shipping-taxable","12":"product-type-variable"},"_links":{"self":[{"href":"https:\/\/rodrilab.com\/it\/wp-json\/wp\/v2\/product\/21324","targetHints":{"allow":["GET"]}}],"collection":[{"href":"https:\/\/rodrilab.com\/it\/wp-json\/wp\/v2\/product"}],"about":[{"href":"https:\/\/rodrilab.com\/it\/wp-json\/wp\/v2\/types\/product"}],"replies":[{"embeddable":true,"href":"https:\/\/rodrilab.com\/it\/wp-json\/wp\/v2\/comments?post=21324"}],"wp:featuredmedia":[{"embeddable":true,"href":"https:\/\/rodrilab.com\/it\/wp-json\/wp\/v2\/media\/18767"}],"wp:attachment":[{"href":"https:\/\/rodrilab.com\/it\/wp-json\/wp\/v2\/media?parent=21324"}],"wp:term":[{"taxonomy":"product_brand","embeddable":true,"href":"https:\/\/rodrilab.com\/it\/wp-json\/wp\/v2\/product_brand?post=21324"},{"taxonomy":"product_cat","embeddable":true,"href":"https:\/\/rodrilab.com\/it\/wp-json\/wp\/v2\/product_cat?post=21324"},{"taxonomy":"product_tag","embeddable":true,"href":"https:\/\/rodrilab.com\/it\/wp-json\/wp\/v2\/product_tag?post=21324"}],"curies":[{"name":"wp","href":"https:\/\/api.w.org\/{rel}","templated":true}]}}