{"id":21065,"date":"2025-07-16T19:08:21","date_gmt":"2025-07-16T19:08:21","guid":{"rendered":"https:\/\/rodrilab.com\/?post_type=product&#038;p=21065"},"modified":"2025-11-13T10:26:46","modified_gmt":"2025-11-13T10:26:46","slug":"deco-dibond-prints","status":"publish","type":"product","link":"https:\/\/rodrilab.com\/it\/prodotto\/deco-dibond-prints\/","title":{"rendered":"Deco Dibond Prints"},"content":{"rendered":"<p><strong>Deco Dibond Prints<\/strong><\/p>\n<p>Os Deco Dibond s\u00e3o produzidos em\u00a0<strong>Dibond<\/strong>\u00a0de 3mm de espessura, com uma fotografia contracolada de alta qualidade impressa em\u00a0<strong>Papel Lustre Fujicolor Crystal Archive Digital Paper Type DPII<\/strong>, e finalizados com lamina\u00e7\u00e3o\u00a0<strong>Matte Anti-Scratch<\/strong>. Este produto \u00e9 uma excelente op\u00e7\u00e3o tanto para decora\u00e7\u00e3o quanto para comunica\u00e7\u00e3o visual de alta qualidade.<\/p>\n<p>Dispon\u00edveis em diversos tamanhos \u2013 20\u00d720, 25\u00d725, 30\u00d730, 30\u00d740, 35\u00d735, 40\u00d740, 40\u00d750, 50\u00d750 e 50\u00d770 \u2013 e em 13 formatos diferentes.<\/p>\n<p>O\u00a0<strong>Dibond<\/strong>\u00a0combina duas camadas de alum\u00ednio\u00a0 em ambos os lados com um n\u00facleo de polietileno, resultando em uma espessura total de 3mm. Essa composi\u00e7\u00e3o oferece um acabamento de qualidade superior e durabilidade excepcional.<\/p>\n<p>A lamina\u00e7\u00e3o Matte Anti-Scratch torna o produto resistente a poeira e \u00e1gua, permitindo que seja facilmente limpo com um pano \u00famido, garantindo a sua longevidade e facilidade de manuten\u00e7\u00e3o.<\/p>\n<p>A instala\u00e7\u00e3o \u00e9 extremamente simples, gra\u00e7as ao suporte integrado, composto por uma placa em madeira de 4mm com um orif\u00edcio na extremidade, permitindo uma fixa\u00e7\u00e3o r\u00e1pida e segura.<\/p>\n<p><strong>Tempo de produ\u00e7\u00e3o: de 4 a 8 dias \u00fateis<\/strong><\/p>","protected":false},"excerpt":{"rendered":"<p>Deco Dibond Prints Os Deco Dibond s\u00e3o produzidos em\u00a0Dibond\u00a0de 3mm de espessura, com uma fotografia contracolada de alta qualidade impressa<\/p>","protected":false},"featured_media":16495,"comment_status":"closed","ping_status":"closed","template":"","meta":{"rs_blank_template":"","rs_page_bg_color":"","slide_template_v7":"","inline_featured_image":false},"product_brand":[],"product_cat":[3079],"product_tag":[],"class_list":{"0":"post-21065","1":"product","2":"type-product","3":"status-publish","4":"has-post-thumbnail","6":"product_cat-decoracao","8":"first","9":"instock","10":"taxable","11":"shipping-taxable","12":"product-type-variable"},"_links":{"self":[{"href":"https:\/\/rodrilab.com\/it\/wp-json\/wp\/v2\/product\/21065","targetHints":{"allow":["GET"]}}],"collection":[{"href":"https:\/\/rodrilab.com\/it\/wp-json\/wp\/v2\/product"}],"about":[{"href":"https:\/\/rodrilab.com\/it\/wp-json\/wp\/v2\/types\/product"}],"replies":[{"embeddable":true,"href":"https:\/\/rodrilab.com\/it\/wp-json\/wp\/v2\/comments?post=21065"}],"wp:featuredmedia":[{"embeddable":true,"href":"https:\/\/rodrilab.com\/it\/wp-json\/wp\/v2\/media\/16495"}],"wp:attachment":[{"href":"https:\/\/rodrilab.com\/it\/wp-json\/wp\/v2\/media?parent=21065"}],"wp:term":[{"taxonomy":"product_brand","embeddable":true,"href":"https:\/\/rodrilab.com\/it\/wp-json\/wp\/v2\/product_brand?post=21065"},{"taxonomy":"product_cat","embeddable":true,"href":"https:\/\/rodrilab.com\/it\/wp-json\/wp\/v2\/product_cat?post=21065"},{"taxonomy":"product_tag","embeddable":true,"href":"https:\/\/rodrilab.com\/it\/wp-json\/wp\/v2\/product_tag?post=21065"}],"curies":[{"name":"wp","href":"https:\/\/api.w.org\/{rel}","templated":true}]}}