{"id":20620,"date":"2025-06-27T12:24:16","date_gmt":"2025-06-27T12:24:16","guid":{"rendered":"https:\/\/rodrilab.com\/?post_type=product&#038;p=20620"},"modified":"2025-11-13T10:30:49","modified_gmt":"2025-11-13T10:30:49","slug":"box-duocover","status":"publish","type":"product","link":"https:\/\/rodrilab.com\/it\/prodotto\/box-duocover\/","title":{"rendered":"Box DuoCover"},"content":{"rendered":"<p>A Box DuoCover\u00a0\u00e9 a escolha perfeita para complementar o seu \u00e1lbum, unindo design sofisticado e personaliza\u00e7\u00e3o incompar\u00e1vel.<\/p>\n<p>O diferencial desta cole\u00e7\u00e3o est\u00e1 na cuidadosa combina\u00e7\u00e3o de materiais, que proporciona um estilo \u00fanico e adapt\u00e1vel \u00e0s prefer\u00eancias de cada cliente.<\/p>\n<p>Capa Personalizada,\u00a0destaque a melhor imagem na capa, com o requinte de duas peles sobrepostas.<\/p>\n<p>Moldura da Caixa,\u00a0confeccionada em Madeira, dispon\u00edvel nas op\u00e7\u00f5es <strong>Nature, Pinho, Nogal, Teka, Brown, Black ou White<\/strong>, com altura de 3+3 cm para um acabamento elegante e estruturado.<\/p>\n<p>Interior e Exterior,\u00a0totalmente personaliz\u00e1veis, com uma ampla sele\u00e7\u00e3o de materiais que atendem aos mais altos padr\u00f5es de qualidade.<\/p>\n<p>Cada pe\u00e7a \u00e9 meticulosamente produzida de forma artesanal, garantindo excel\u00eancia em cada detalhe e transformando sua cole\u00e7\u00e3o em uma obra de arte atemporal.<\/p>","protected":false},"excerpt":{"rendered":"<p>A Box DuoCover\u00a0\u00e9 a escolha perfeita para complementar o seu \u00e1lbum, unindo design sofisticado e personaliza\u00e7\u00e3o incompar\u00e1vel. O diferencial desta<\/p>","protected":false},"featured_media":16345,"comment_status":"closed","ping_status":"closed","template":"","meta":{"rs_blank_template":"","rs_page_bg_color":"","slide_template_v7":"","inline_featured_image":false},"product_brand":[],"product_cat":[81],"product_tag":[],"class_list":{"0":"post-20620","1":"product","2":"type-product","3":"status-publish","4":"has-post-thumbnail","6":"product_cat-embalagens","8":"first","9":"instock","10":"taxable","11":"shipping-taxable","12":"product-type-variable"},"_links":{"self":[{"href":"https:\/\/rodrilab.com\/it\/wp-json\/wp\/v2\/product\/20620","targetHints":{"allow":["GET"]}}],"collection":[{"href":"https:\/\/rodrilab.com\/it\/wp-json\/wp\/v2\/product"}],"about":[{"href":"https:\/\/rodrilab.com\/it\/wp-json\/wp\/v2\/types\/product"}],"replies":[{"embeddable":true,"href":"https:\/\/rodrilab.com\/it\/wp-json\/wp\/v2\/comments?post=20620"}],"wp:featuredmedia":[{"embeddable":true,"href":"https:\/\/rodrilab.com\/it\/wp-json\/wp\/v2\/media\/16345"}],"wp:attachment":[{"href":"https:\/\/rodrilab.com\/it\/wp-json\/wp\/v2\/media?parent=20620"}],"wp:term":[{"taxonomy":"product_brand","embeddable":true,"href":"https:\/\/rodrilab.com\/it\/wp-json\/wp\/v2\/product_brand?post=20620"},{"taxonomy":"product_cat","embeddable":true,"href":"https:\/\/rodrilab.com\/it\/wp-json\/wp\/v2\/product_cat?post=20620"},{"taxonomy":"product_tag","embeddable":true,"href":"https:\/\/rodrilab.com\/it\/wp-json\/wp\/v2\/product_tag?post=20620"}],"curies":[{"name":"wp","href":"https:\/\/api.w.org\/{rel}","templated":true}]}}