{"id":20595,"date":"2025-06-27T03:27:08","date_gmt":"2025-06-27T03:27:08","guid":{"rendered":"https:\/\/rodrilab.com\/?post_type=product&#038;p=20595"},"modified":"2025-11-13T10:34:55","modified_gmt":"2025-11-13T10:34:55","slug":"box-art","status":"publish","type":"product","link":"https:\/\/rodrilab.com\/it\/prodotto\/box-art\/","title":{"rendered":"Box Art"},"content":{"rendered":"<p>Box Art \u00e9 uma elegante caixa de madeira com tampa de acr\u00edlico, ideal para armazenar seus \u00e1lbuns digitais. Sua principal caracter\u00edstica \u00e9 a combina\u00e7\u00e3o perfeita de funcionalidade e sofistica\u00e7\u00e3o.<\/p>\n<p>Disponibile in tutte le dimensioni di album, la Arte Box pu\u00f2 contenere fino a 50 fogli (100 pagine). La struttura della box \u00e8 realizzata in legno nei colori Nature, Pino, Noce, Teak, Marrone, Nero e Bianco, mentre la base pu\u00f2 essere personalizzata con qualsiasi dei materiali che offriamo. Un vantaggio distintivo \u00e8 la possibilit\u00e0 di scegliere lo stesso materiale sia per la base della box che per la copertina dell\u2019album, offrendo cos\u00ec un tocco ancora pi\u00f9 esclusivo.<\/p>\n<p>A tampa \u00e9 confeccionada em acr\u00edlico de 4mm e pode ser personalizada por impress\u00e3o UV dispon\u00edvel em todas as cores, ou grava\u00e7\u00e3o a laser. Para preservar a integridade da impress\u00e3o e da tampa, recomendamos evitar a personaliza\u00e7\u00e3o at\u00e9 as bordas do acr\u00edlico, pois o contato com a madeira pode danificar a impress\u00e3o do design. O fundo da caixa conta com uma fita dispon\u00edvel em diversas cores, facilitando a remo\u00e7\u00e3o do \u00e1lbum. Al\u00e9m disso, a base interior da box pode ser personalizada com o mesmo material escolhido para a capa do \u00e1lbum, garantindo uma harmonia est\u00e9tica.<\/p>\n<p>A Box Art est\u00e1 dispon\u00edvel em duas espessuras, de acordo com a quantidade de folhas do \u00e1lbum: 4 cm (para at\u00e9 20 folhas) e 5,5 cm (para de 21 a 50 folhas).<\/p>","protected":false},"excerpt":{"rendered":"<p>Box Art \u00e9 uma elegante caixa de madeira com tampa de acr\u00edlico, ideal para armazenar seus \u00e1lbuns digitais. Sua principal<\/p>","protected":false},"featured_media":16272,"comment_status":"closed","ping_status":"closed","template":"","meta":{"rs_blank_template":"","rs_page_bg_color":"","slide_template_v7":"","inline_featured_image":false},"product_brand":[],"product_cat":[81],"product_tag":[],"class_list":{"0":"post-20595","1":"product","2":"type-product","3":"status-publish","4":"has-post-thumbnail","6":"product_cat-embalagens","8":"first","9":"instock","10":"taxable","11":"shipping-taxable","12":"product-type-variable"},"_links":{"self":[{"href":"https:\/\/rodrilab.com\/it\/wp-json\/wp\/v2\/product\/20595","targetHints":{"allow":["GET"]}}],"collection":[{"href":"https:\/\/rodrilab.com\/it\/wp-json\/wp\/v2\/product"}],"about":[{"href":"https:\/\/rodrilab.com\/it\/wp-json\/wp\/v2\/types\/product"}],"replies":[{"embeddable":true,"href":"https:\/\/rodrilab.com\/it\/wp-json\/wp\/v2\/comments?post=20595"}],"wp:featuredmedia":[{"embeddable":true,"href":"https:\/\/rodrilab.com\/it\/wp-json\/wp\/v2\/media\/16272"}],"wp:attachment":[{"href":"https:\/\/rodrilab.com\/it\/wp-json\/wp\/v2\/media?parent=20595"}],"wp:term":[{"taxonomy":"product_brand","embeddable":true,"href":"https:\/\/rodrilab.com\/it\/wp-json\/wp\/v2\/product_brand?post=20595"},{"taxonomy":"product_cat","embeddable":true,"href":"https:\/\/rodrilab.com\/it\/wp-json\/wp\/v2\/product_cat?post=20595"},{"taxonomy":"product_tag","embeddable":true,"href":"https:\/\/rodrilab.com\/it\/wp-json\/wp\/v2\/product_tag?post=20595"}],"curies":[{"name":"wp","href":"https:\/\/api.w.org\/{rel}","templated":true}]}}