{"id":20551,"date":"2025-06-27T02:57:47","date_gmt":"2025-06-27T02:57:47","guid":{"rendered":"https:\/\/rodrilab.com\/?post_type=product&#038;p=20551"},"modified":"2025-11-13T10:47:41","modified_gmt":"2025-11-13T10:47:41","slug":"box-style","status":"publish","type":"product","link":"https:\/\/rodrilab.com\/it\/prodotto\/box-style\/","title":{"rendered":"Box Style"},"content":{"rendered":"<p data-start=\"134\" data-end=\"195\"><strong data-start=\"134\" data-end=\"147\">Box Style<\/strong><br data-start=\"147\" data-end=\"150\" \/><strong data-start=\"150\" data-end=\"195\">Eleg\u00e2ncia e Personaliza\u00e7\u00e3o num S\u00f3 Produto<\/strong><\/p>\n<p data-start=\"197\" data-end=\"448\">Descubra a <strong data-start=\"208\" data-end=\"221\">Box Style<\/strong>, uma caixa premium produzida em dois aros de madeira, dispon\u00edvel nas cores <strong data-start=\"297\" data-end=\"341\">Nature, Pinho, Nogal, Teka, Brown, Black<\/strong> e <strong data-start=\"344\" data-end=\"353\">White<\/strong>, e com <strong data-start=\"361\" data-end=\"402\">variedades de revestimentos \u00e0 escolha<\/strong>, real\u00e7ando o seu car\u00e1ter distinto e vers\u00e1til.<\/p>\n<p data-start=\"450\" data-end=\"606\">Elegante e totalmente personaliz\u00e1vel, pode ser adquirida individualmente e combinada com diferentes \u00e1lbuns, permitindo criar conjuntos \u00fanicos e harmoniosos.<\/p>\n<p data-start=\"608\" data-end=\"763\">A <strong data-start=\"610\" data-end=\"623\">Box Style<\/strong> \u00e9 a escolha perfeita para quem valoriza sofistica\u00e7\u00e3o, funcionalidade e personaliza\u00e7\u00e3o, dando um toque especial aos momentos mais preciosos.<\/p>","protected":false},"excerpt":{"rendered":"<p>Box StyleEleg\u00e2ncia e Personaliza\u00e7\u00e3o num S\u00f3 Produto Descubra a Box Style, uma caixa premium produzida em dois aros de madeira,<\/p>","protected":false},"featured_media":16362,"comment_status":"closed","ping_status":"closed","template":"","meta":{"rs_blank_template":"","rs_page_bg_color":"","slide_template_v7":"","inline_featured_image":false},"product_brand":[],"product_cat":[81],"product_tag":[],"class_list":{"0":"post-20551","1":"product","2":"type-product","3":"status-publish","4":"has-post-thumbnail","6":"product_cat-embalagens","8":"first","9":"instock","10":"taxable","11":"shipping-taxable","12":"product-type-variable"},"_links":{"self":[{"href":"https:\/\/rodrilab.com\/it\/wp-json\/wp\/v2\/product\/20551","targetHints":{"allow":["GET"]}}],"collection":[{"href":"https:\/\/rodrilab.com\/it\/wp-json\/wp\/v2\/product"}],"about":[{"href":"https:\/\/rodrilab.com\/it\/wp-json\/wp\/v2\/types\/product"}],"replies":[{"embeddable":true,"href":"https:\/\/rodrilab.com\/it\/wp-json\/wp\/v2\/comments?post=20551"}],"wp:featuredmedia":[{"embeddable":true,"href":"https:\/\/rodrilab.com\/it\/wp-json\/wp\/v2\/media\/16362"}],"wp:attachment":[{"href":"https:\/\/rodrilab.com\/it\/wp-json\/wp\/v2\/media?parent=20551"}],"wp:term":[{"taxonomy":"product_brand","embeddable":true,"href":"https:\/\/rodrilab.com\/it\/wp-json\/wp\/v2\/product_brand?post=20551"},{"taxonomy":"product_cat","embeddable":true,"href":"https:\/\/rodrilab.com\/it\/wp-json\/wp\/v2\/product_cat?post=20551"},{"taxonomy":"product_tag","embeddable":true,"href":"https:\/\/rodrilab.com\/it\/wp-json\/wp\/v2\/product_tag?post=20551"}],"curies":[{"name":"wp","href":"https:\/\/api.w.org\/{rel}","templated":true}]}}