{"id":20524,"date":"2025-06-27T02:23:29","date_gmt":"2025-06-27T02:23:29","guid":{"rendered":"https:\/\/rodrilab.com\/?post_type=product&#038;p=20524"},"modified":"2025-11-13T10:50:09","modified_gmt":"2025-11-13T10:50:09","slug":"box-save","status":"publish","type":"product","link":"https:\/\/rodrilab.com\/it\/prodotto\/box-save\/","title":{"rendered":"Box Save"},"content":{"rendered":"<p><strong data-start=\"68\" data-end=\"80\">Box Save<\/strong><br data-start=\"80\" data-end=\"83\" \/><strong data-start=\"83\" data-end=\"115\">Sofistica\u00e7\u00e3o em Cada Detalhe<\/strong><\/p>\n<p data-start=\"119\" data-end=\"359\">Eleg\u00e2ncia e qualidade encontram-se na Box Save, um produto premium concebido para guardar a sua <strong data-start=\"215\" data-end=\"226\">pen USB<\/strong> (n\u00e3o inclu\u00edda) com estilo e seguran\u00e7a. Revestida com tecidos requintados, oferece textura, vivacidade e um toque de exclusividade.<\/p>\n<p>A pen pode ser revestida com o mesmo tecido da box, criando um conjunto harmonioso e personalizado.<\/p>\n<p>Com um design \u00fanico e inovador, resulta do equil\u00edbrio perfeito entre delicadeza e modernidade, finalizado com um charmoso la\u00e7o de cetim que acrescenta um detalhe de refinamento.<\/p>\n<p>Uma escolha ideal para quem aprecia a suavidade ao toque e valoriza cada pormenor. Transforme o simples em inesquec\u00edvel com a Box Save.<\/p>","protected":false},"excerpt":{"rendered":"<p>Box SaveSofistica\u00e7\u00e3o em Cada Detalhe Eleg\u00e2ncia e qualidade encontram-se na Box Save, um produto premium concebido para guardar a sua<\/p>","protected":false},"featured_media":16260,"comment_status":"closed","ping_status":"closed","template":"","meta":{"rs_blank_template":"","rs_page_bg_color":"","slide_template_v7":"","inline_featured_image":false},"product_brand":[],"product_cat":[81],"product_tag":[],"class_list":{"0":"post-20524","1":"product","2":"type-product","3":"status-publish","4":"has-post-thumbnail","6":"product_cat-embalagens","8":"first","9":"instock","10":"taxable","11":"shipping-taxable","12":"product-type-variable"},"_links":{"self":[{"href":"https:\/\/rodrilab.com\/it\/wp-json\/wp\/v2\/product\/20524","targetHints":{"allow":["GET"]}}],"collection":[{"href":"https:\/\/rodrilab.com\/it\/wp-json\/wp\/v2\/product"}],"about":[{"href":"https:\/\/rodrilab.com\/it\/wp-json\/wp\/v2\/types\/product"}],"replies":[{"embeddable":true,"href":"https:\/\/rodrilab.com\/it\/wp-json\/wp\/v2\/comments?post=20524"}],"wp:featuredmedia":[{"embeddable":true,"href":"https:\/\/rodrilab.com\/it\/wp-json\/wp\/v2\/media\/16260"}],"wp:attachment":[{"href":"https:\/\/rodrilab.com\/it\/wp-json\/wp\/v2\/media?parent=20524"}],"wp:term":[{"taxonomy":"product_brand","embeddable":true,"href":"https:\/\/rodrilab.com\/it\/wp-json\/wp\/v2\/product_brand?post=20524"},{"taxonomy":"product_cat","embeddable":true,"href":"https:\/\/rodrilab.com\/it\/wp-json\/wp\/v2\/product_cat?post=20524"},{"taxonomy":"product_tag","embeddable":true,"href":"https:\/\/rodrilab.com\/it\/wp-json\/wp\/v2\/product_tag?post=20524"}],"curies":[{"name":"wp","href":"https:\/\/api.w.org\/{rel}","templated":true}]}}