{"id":19699,"date":"2025-05-29T18:36:15","date_gmt":"2025-05-29T18:36:15","guid":{"rendered":"https:\/\/rodrilab.com\/?post_type=product&#038;p=19699"},"modified":"2026-04-14T14:56:27","modified_gmt":"2026-04-14T14:56:27","slug":"basic","status":"publish","type":"product","link":"https:\/\/rodrilab.com\/it\/prodotto\/basic\/","title":{"rendered":"Basic"},"content":{"rendered":"<h5>Trasforma i tuoi ricordi in qualcosa di unico con la Basic Collection!<\/h5>\n<h5>La Collezione Basic \u00e8 la scelta perfetta per conservare i tuoi momenti pi\u00f9 speciali in modo semplice ed elegante<\/h5>\n<h5>Con una copertina rigida rivestita in carta fotografica laminata, puoi personalizzarla completamente scegliendo la tua foto migliore per la copertina.<\/h5>\n<h5>Inoltre, offriamo opzioni esclusive, come la personalizzazione della prima carta di guardia e la possibilit\u00e0 di aggiungere un delicato foglio di carta velina nella prima pagina.<\/h5>\n<h5>Registra ricordi con stile e raffinatezza.<\/h5>","protected":false},"excerpt":{"rendered":"<p>Transforme mem\u00f3rias em algo \u00fanico com o Basic Collection! Os Basic Collection s\u00e3o a escolha perfeita para guardar\u00a0 momentos mais<\/p>","protected":false},"featured_media":19702,"comment_status":"closed","ping_status":"closed","template":"","meta":{"rs_blank_template":"","rs_page_bg_color":"","slide_template_v7":"","inline_featured_image":false},"product_brand":[],"product_cat":[3077],"product_tag":[],"class_list":{"0":"post-19699","1":"product","2":"type-product","3":"status-publish","4":"has-post-thumbnail","6":"product_cat-albuns","8":"first","9":"instock","10":"taxable","11":"shipping-taxable","12":"product-type-variable"},"_links":{"self":[{"href":"https:\/\/rodrilab.com\/it\/wp-json\/wp\/v2\/product\/19699","targetHints":{"allow":["GET"]}}],"collection":[{"href":"https:\/\/rodrilab.com\/it\/wp-json\/wp\/v2\/product"}],"about":[{"href":"https:\/\/rodrilab.com\/it\/wp-json\/wp\/v2\/types\/product"}],"replies":[{"embeddable":true,"href":"https:\/\/rodrilab.com\/it\/wp-json\/wp\/v2\/comments?post=19699"}],"wp:featuredmedia":[{"embeddable":true,"href":"https:\/\/rodrilab.com\/it\/wp-json\/wp\/v2\/media\/19702"}],"wp:attachment":[{"href":"https:\/\/rodrilab.com\/it\/wp-json\/wp\/v2\/media?parent=19699"}],"wp:term":[{"taxonomy":"product_brand","embeddable":true,"href":"https:\/\/rodrilab.com\/it\/wp-json\/wp\/v2\/product_brand?post=19699"},{"taxonomy":"product_cat","embeddable":true,"href":"https:\/\/rodrilab.com\/it\/wp-json\/wp\/v2\/product_cat?post=19699"},{"taxonomy":"product_tag","embeddable":true,"href":"https:\/\/rodrilab.com\/it\/wp-json\/wp\/v2\/product_tag?post=19699"}],"curies":[{"name":"wp","href":"https:\/\/api.w.org\/{rel}","templated":true}]}}