{"id":83,"date":"2018-01-12T17:21:52","date_gmt":"2018-01-12T17:21:52","guid":{"rendered":"https:\/\/rodrilab.com\/?page_id=83"},"modified":"2024-12-25T17:09:53","modified_gmt":"2024-12-25T17:09:53","slug":"politica-privacidade","status":"publish","type":"page","link":"https:\/\/rodrilab.com\/it\/politica-privacidade\/","title":{"rendered":"Politica sulla Privacy"},"content":{"rendered":"<div class=\"wpb-content-wrapper\"><div class=\"vc_row wpb_row vc_row-fluid\"><div class=\"wpb_column vc_column_container vc_col-sm-12\"><div class=\"vc_column-inner\"><div class=\"wpb_wrapper\">\n\t<div class=\"wpb_text_column wpb_content_element\" >\n\t\t<div class=\"wpb_wrapper\">\n\t\t\t<p><strong>RODRILAB \u00e8 specializzata nella fornitura di prodotti e servizi fotografici a imprese del settore e a fotografi professionisti.<\/strong><\/p>\n<p>L\u2019azienda rispetta la privacy dei visitatori del proprio sito web, la cui homepage \u00e8 disponibile all\u2019indirizzo https:\/\/www.rodrilab.com.<br \/>\nLa presente Informativa sulla Privacy ha lo scopo di informarti sulle nostre politiche e pratiche relative alla raccolta, all\u2019utilizzo e alla divulgazione di qualsiasi informazione che ci fornisci tramite il nostro sito web.<\/p>\n<p>La presente politica descrive sinteticamente le informazioni che potremmo raccogliere, i loro possibili utilizzi e altri aspetti importanti relativi alla privacy e alla protezione dei dati dell\u2019utente.<\/p>\n<p>Tutte le informazioni relative agli utenti saranno trattate da RODRILAB in conformit\u00e0 al Regolamento (UE) 2016\/679 del 27 aprile 2016 (Regolamento Generale sulla Protezione dei Dati \u2013 GDPR).<\/p>\n\n\t\t<\/div>\n\t<\/div>\n<\/div><\/div><\/div><\/div><div class=\"vc_row wpb_row vc_row-fluid wd-rs-676c2ef4cd9e0\"><div class=\"wpb_column vc_column_container vc_col-sm-12\"><div class=\"vc_column-inner\"><div class=\"wpb_wrapper\"><div  class=\"vc_do_toggle vc_toggle vc_toggle_default vc_toggle_color_default vc_toggle_size_md\"><div class=\"vc_toggle_title\"><h4>Responsabilit\u00e0 del trattamento dei dati<\/h4><i class=\"vc_toggle_icon\"><\/i><\/div><div class=\"vc_toggle_content\"><p>RODRILAB, con sede in Rua da Escola, 147, 4750-492 GALEGOS S. MARTINHO, P. IVA 517 379 210, \u00e8 l\u2019entit\u00e0 responsabile del trattamento dei suoi dati raccolti attraverso i vari siti e i moduli di registrazione e contatto.<\/p>\n<\/div><\/div><div  class=\"vc_do_toggle vc_toggle vc_toggle_default vc_toggle_color_default vc_toggle_size_md\"><div class=\"vc_toggle_title\"><h4>Consenso all\u2019utilizzo<\/h4><i class=\"vc_toggle_icon\"><\/i><\/div><div class=\"vc_toggle_content\"><p>Inviando le tue informazioni commerciali o altri contenuti tramite il nostro sito, accetti i termini della presente Informativa sulla Privacy e acconsenti espressamente al trattamento delle tue informazioni secondo quanto previsto dalla stessa.<\/p>\n<p>Raccogliamo solo le informazioni strettamente necessarie per fornire un servizio di qualit\u00e0. Questa raccolta di dati ci aiuta a comprendere meglio gli utenti del nostro sito web, i nostri clienti e i potenziali clienti. Utilizziamo queste informazioni per offrire i servizi richiesti.<\/p>\n<p>I dati forniti saranno utilizzati esclusivamente da Rodrilab per la gestione e produzione degli ordini, le richieste di contatto e le informazioni sui suoi prodotti e servizi. Questi dati saranno trattati elettronicamente e inseriti in un archivio di propriet\u00e0 di RODRILAB (Rua da Escola 147 \u2013 4750-492 Galegos S. Martinho).<\/p>\n<p>All\u2019interessato \u00e8 garantito il diritto di accesso, rettifica, modifica o cancellazione dei propri dati. La richiesta deve essere indirizzata al responsabile del trattamento \u2013 RODRILAB, tramite l\u2019indirizzo email geral@rodrilab.com. In genere rispondiamo alle richieste entro 28 giorni dalla loro presentazione.<\/p>\n<\/div><\/div><div  class=\"vc_do_toggle vc_toggle vc_toggle_default vc_toggle_color_default vc_toggle_size_md\"><div class=\"vc_toggle_title\"><h4>Dati che raccogliamo e finalit\u00e0<\/h4><i class=\"vc_toggle_icon\"><\/i><\/div><div class=\"vc_toggle_content\"><p>Tutte le informazioni raccolte sono conformi al Regolamento Generale sulla Protezione dei Dati (GDPR).<\/p>\n<p>Conserveremo le sue informazioni per tutto il tempo necessario a fornirle i nostri servizi e a soddisfare le finalit\u00e0 indicate nella presente informativa. Questo vale anche per qualsiasi persona o azienda con cui condividiamo le sue informazioni e che svolge servizi per RODRILAB. Quando non avremo pi\u00f9 bisogno di utilizzare le sue informazioni e non sar\u00e0 necessario conservarle per obblighi legali o normativi, verranno eliminate dai nostri sistemi oppure rese anonime in modo che non siano pi\u00f9 identificabili.<\/p>\n<p>Quando ti registri sul nostro sito web, raccogliamo i tuoi dati aziendali come il nome dell\u2019azienda, il nome della persona di contatto, l\u2019indirizzo, l\u2019e-mail, il numero di identificazione fiscale, ecc. Raccogliamo inoltre dati che ci permettono di definire il tuo profilo cliente, compreso il settore fotografico in cui lavori (matrimonio, newborn, studio o altri).<\/p>\n<p>Quando ordini prodotti o servizi sul sito, raccogliamo tutte le informazioni necessarie per completare la transazione, comprese immagini, dati di fatturazione, contatti e indirizzo di consegna.<\/p>\n<p>Quando ti iscrivi alla newsletter di RODRILAB, raccogliamo il tuo nome e indirizzo e-mail.<\/p>\n<p>Quando ci contatti per lasciare commenti, fare domande o inviarci feedback utilizzando i moduli sul nostro sito web, raccogliamo il tuo nome, indirizzo e-mail e i tuoi commenti, domande o feedback.<\/p>\n<p>Quando partecipi ai nostri questionari, potremmo raccogliere informazioni aggiuntive.<\/p>\n<p>Quando ci contatti via e-mail, raccogliamo il tuo indirizzo e-mail, tutte le informazioni contenute nel messaggio che ci hai inviato e tutti gli allegati presenti.<\/p>\n<p>In generale, le informazioni che ci fornisci ci permettono di contattarti, rispondere alle tue domande e offrirti un servizio di qualit\u00e0 in linea con le tue aspettative.<\/p>\n<p>Tieni presente che i contenuti che carichi sulle nostre piattaforme possono contenere informazioni personali di terzi (come immagini, indirizzi di spedizione, contatti o altre informazioni).<\/p>\n<p>Ricorda che per condividere questo contenuto con noi (o con altri, tramite funzionalit\u00e0 del nostro software come la creazione di prove o le anteprime), devi avere il consenso espresso delle persone interessate. Inviando questi dati sulle nostre piattaforme, ci assicuri di essere autorizzato a farlo.<\/p>\n<p>Il contenuto dei dati inviati, essenziale per la produzione e consegna degli ordini e che pu\u00f2 contenere informazioni personali relative a terzi, \u00e8 raccolto e trattato da RODRILAB al solo scopo di evadere i tuoi ordini e viene conservato per un periodo massimo di un anno.<\/p>\n<p>Iscrizione alla newsletter:<\/p>\n<p>RODRILAB pu\u00f2 inviare comunicazioni per finalit\u00e0 di marketing diretto, in particolare attraverso l\u2019utilizzo di sistemi automatizzati di chiamata e comunicazione che non richiedono l\u2019intervento umano (dispositivi di chiamata automatica), fax o posta elettronica, inclusi SMS (servizi di messaggistica breve), EMS (servizi di messaggistica avanzata), MMS (servizi di messaggistica multimediale) e altri tipi di applicazioni simili.<\/p>\n<p>Facendo parte del nostro database, potresti ricevere newsletter con contenuti relativi a RODRILAB, con informazioni su offerte promozionali, contenuti pubblicitari, questionari, eventi sponsorizzati o annunci di modifiche e aggiornamenti dei nostri prodotti e servizi.<\/p>\n<p>La newsletter di RODRILAB viene inviata via e-mail. Iscrivendoti alla newsletter sul sito di RODRILAB o in un altro luogo, accetti la raccolta del tuo nome e indirizzo e-mail per questa finalit\u00e0. Per essere certi che l\u2019iscrizione sia stata effettuata da te, ti invieremo un\u2019e-mail dopo la registrazione per chiederti di confermare l\u2019autorizzazione alla raccolta e conservazione dei tuoi dati personali a tale scopo.<\/p>\n<p>Le newsletter di RODRILAB contengono pixel di tracciamento. Questi pixel sono codici inseriti nell\u2019e-mail con lo scopo di generare i dati statistici necessari per valutare il successo dell\u2019invio. In base a questi dati possiamo vedere se l\u2019e-mail \u00e8 stata aperta e su quali link \u00e8 stato cliccato.<\/p>\n<p>Per inviarti i contenuti pi\u00f9 adatti o ritenuti pi\u00f9 interessanti per il tuo settore di attivit\u00e0, potremmo raccogliere dati che ci aiutino a definire il tuo profilo cliente (ad esempio, come fotografo di matrimoni, newborn, ecc.).<\/p>\n<p>L\u2019iscrizione alla newsletter pu\u00f2 essere annullata in qualsiasi momento cliccando sul link presente nel pi\u00e8 di pagina dell\u2019e-mail. In tal caso, i tuoi dati non saranno pi\u00f9 trattati per questa finalit\u00e0. Nel pi\u00e8 di pagina dell\u2019e-mail troverai anche un altro link per modificare o aggiornare i tuoi dati.<\/p>\n<p>I dati che ci fornisci saranno conservati in un database di iscritti crittografato fino a quando non ne richiederai la cancellazione.<\/p>\n<p>Modulo di Contatto:<\/p>\n<p>Per inviare messaggi tramite il modulo di contatto disponibile nella pagina \u201cContatti\u201d del sito rodrilab.com, \u00e8 necessario fornire obbligatoriamente il proprio nome e indirizzo e-mail. Questi dati saranno utilizzati esclusivamente per gestire la richiesta di contatto e non saranno trattati per altri scopi una volta completato il processo iniziale.<\/p>\n<p>Per quanto riguarda i bambini:<\/p>\n<p>Non raccogliamo intenzionalmente informazioni personali su visitatori di et\u00e0 inferiore ai 18 anni.<\/p>\n<p>Altri siti web:<\/p>\n<p>Qualsiasi link che potresti trovare sul nostro sito web che faccia riferimento a un altro sito o luogo \u00e8 solo per tua comodit\u00e0 e non implica la nostra approvazione di quel sito o del suo contenuto. Tieni presente che i termini della nostra politica sulla privacy non si estendono a quei siti.<\/p>\n<\/div><\/div><div  class=\"vc_do_toggle vc_toggle vc_toggle_default vc_toggle_color_default vc_toggle_size_md\"><div class=\"vc_toggle_title\"><h4>Per quanto tempo conserviamo i tuoi dati.<\/h4><i class=\"vc_toggle_icon\"><\/i><\/div><div class=\"vc_toggle_content\"><p>Conserviamo le tue informazioni commerciali per il tempo necessario a fornire i servizi richiesti o per altri scopi essenziali come il rispetto degli obblighi legali, la risoluzione di controversie e l\u2019applicazione delle nostre politiche.<\/p>\n<\/div><\/div><div  class=\"vc_do_toggle vc_toggle vc_toggle_default vc_toggle_color_default vc_toggle_size_md\"><div class=\"vc_toggle_title\"><h4>Divulgazione di informazioni commerciali e personali<\/h4><i class=\"vc_toggle_icon\"><\/i><\/div><div class=\"vc_toggle_content\"><p>Salvo diversa indicazione nella presente Informativa sulla Privacy, Rodrilab non vende, noleggia n\u00e9 condivide le tue informazioni con terzi e non divulgher\u00e0 alcuna informazione che ci fornisci a meno che tu non la richieda.<\/p>\n<p>Potremmo condividere le tue informazioni commerciali o altri dati che ci fornisci con terze parti per poterti fornire i prodotti e i servizi richiesti tramite il sito web, come ad esempio le aziende che si occupano del trasporto dei tuoi ordini.<\/p>\n<p>Se Rodrilab viene acquisita da un\u2019altra azienda, quest\u2019ultima possieder\u00e0 le informazioni che abbiamo raccolto e rispetter\u00e0 i diritti e gli obblighi descritti in questa Informativa sulla Privacy.<\/p>\n<\/div><\/div><div  class=\"vc_do_toggle vc_toggle vc_toggle_default vc_toggle_color_default vc_toggle_size_md\"><div class=\"vc_toggle_title\"><h4>Diritto di accesso e revoca del consenso.<\/h4><i class=\"vc_toggle_icon\"><\/i><\/div><div class=\"vc_toggle_content\"><p>In qualit\u00e0 di titolare dei dati, ha il diritto di sapere se RODRILAB sta trattando dati che la riguardano e, in tal caso, ha il diritto di accedere, aggiornare, correggere dati inesatti o richiederne la cancellazione.<\/p>\n<p>Puoi esercitare questi diritti inviando una comunicazione scritta a RODRILAB, Rua da Escola, 147, 4750-492 Galegos S. Martinho, o tramite e-mail a geral@rodrilab.com.<\/p>\n<p>In tutte le newsletter di RODRILAB puoi anche modificare direttamente i tuoi dati o annullare l\u2019iscrizione tramite i link inclusi nel pi\u00e8 di pagina delle e-mail. Esercitando queste opzioni, i tuoi dati cesseranno di essere trattati o saranno immediatamente aggiornati, a seconda della scelta effettuata.<\/p>\n<p>La successiva revoca del consenso prestato per il trattamento dei tuoi dati non compromette la liceit\u00e0 del trattamento basato sul consenso precedentemente fornito.<\/p>\n<p>Diritto di presentare un reclamo<\/p>\n<p>Il titolare dei dati ha il diritto di presentare un reclamo relativo a qualsiasi questione riguardante il trattamento dei propri dati presso RODRILAB, telefonando al +351 253 088 353(*) o via e-mail a geral@rodrilab.com.<\/p>\n<p>Tuttavia, il titolare dei dati ha il diritto di presentare un reclamo presso la Commissione Nazionale per la Protezione dei Dati \u2013 CNPD.<\/p>\n<p>(*) Costo di una chiamata verso una rete mobile o fissa nazionale in base alla tua tariffa in Portogallo e\/o in roaming.<\/p>\n<\/div><\/div><div  class=\"vc_do_toggle vc_toggle vc_toggle_default vc_toggle_color_default vc_toggle_size_md\"><div class=\"vc_toggle_title\"><h4>Protezione dei tuoi dati personali.<\/h4><i class=\"vc_toggle_icon\"><\/i><\/div><div class=\"vc_toggle_content\"><p>Quali misure adotta RODRILAB per garantire la sicurezza dei tuoi dati personali?<\/p>\n<p>RODRILAB si impegna a prendere tutte le misure in suo potere per proteggere i dati forniti dai suoi clienti. Con questa attenzione sono state adottate misure di sicurezza tecniche e organizzative per proteggere i tuoi dati personali contro la diffusione, la perdita o l\u2019uso improprio.<\/p>\n<p>A tal proposito, tutti i siti web di RODRILAB, cos\u00ec come tutti i moduli di raccolta dati, richiedono sessioni browser criptate, e tutti i dati sono archiviati in modo sicuro nei sistemi di RODRILAB, protetti da adeguate misure di sicurezza.<\/p>\n<p>Inoltre, tutte le entit\u00e0 terze con cui condividiamo i tuoi dati, al fine di fornire il miglior servizio possibile, sono tenute ad adottare misure tecniche di sicurezza e a garantire per iscritto il rispetto dei requisiti previsti dalla normativa vigente.<\/p>\n<p>Nonostante le misure di sicurezza adottate da RODRILAB, avvisiamo i nostri clienti che navigano in internet di adottare misure di sicurezza aggiuntive come l\u2019uso di sistemi aggiornati, firewall attivi e computer protetti da sistemi antivirus e antispyware, assicurandosi dell\u2019autenticit\u00e0 dei siti visitati.<\/p>\n<p>Sebbene RODRILAB abbia adottato misure significative per garantire che nessuna informazione fornitaci venga intercettata, visualizzata, utilizzata o divulgata da persone non autorizzate, devi tenere presente che RODRILAB non pu\u00f2 eliminare completamente i rischi di sicurezza associati alle tue informazioni. Nell\u2019improbabile eventualit\u00e0 di una violazione della sicurezza originata dai nostri sistemi, RODRILAB ha stabilito protocolli di diagnosi e contenimento dei danni e si impegna a informare tutte le parti interessate e l\u2019autorit\u00e0 di regolamentazione, in conformit\u00e0 con le normative vigenti.<\/p>\n<\/div><\/div><\/div><\/div><\/div><\/div>\n<\/div>","protected":false},"excerpt":{"rendered":"A RODRILAB dedica-se ao fornecimento de produtos e servi\u00e7os fotogr\u00e1ficos a empresas na \u00e1rea da fotografia e fot\u00f3grafos profissionais. A","protected":false},"author":87,"featured_media":0,"parent":0,"menu_order":0,"comment_status":"closed","ping_status":"closed","template":"","meta":{"rs_blank_template":"","rs_page_bg_color":"","slide_template_v7":"","inline_featured_image":false,"footnotes":""},"class_list":["post-83","page","type-page","status-publish","hentry"],"_links":{"self":[{"href":"https:\/\/rodrilab.com\/it\/wp-json\/wp\/v2\/pages\/83","targetHints":{"allow":["GET"]}}],"collection":[{"href":"https:\/\/rodrilab.com\/it\/wp-json\/wp\/v2\/pages"}],"about":[{"href":"https:\/\/rodrilab.com\/it\/wp-json\/wp\/v2\/types\/page"}],"author":[{"embeddable":true,"href":"https:\/\/rodrilab.com\/it\/wp-json\/wp\/v2\/users\/87"}],"replies":[{"embeddable":true,"href":"https:\/\/rodrilab.com\/it\/wp-json\/wp\/v2\/comments?post=83"}],"version-history":[{"count":0,"href":"https:\/\/rodrilab.com\/it\/wp-json\/wp\/v2\/pages\/83\/revisions"}],"wp:attachment":[{"href":"https:\/\/rodrilab.com\/it\/wp-json\/wp\/v2\/media?parent=83"}],"curies":[{"name":"wp","href":"https:\/\/api.w.org\/{rel}","templated":true}]}}