{"id":69,"date":"2018-01-11T19:31:32","date_gmt":"2018-01-11T19:31:32","guid":{"rendered":"https:\/\/rodrilab.com\/?page_id=69"},"modified":"2025-06-20T18:14:53","modified_gmt":"2025-06-20T18:14:53","slug":"termos-e-condicoes","status":"publish","type":"page","link":"https:\/\/rodrilab.com\/it\/termos-e-condicoes\/","title":{"rendered":"Termini e Condizioni"},"content":{"rendered":"<div class=\"wpb-content-wrapper\"><div class=\"vc_row wpb_row vc_row-fluid\"><div class=\"wpb_column vc_column_container vc_col-sm-12\"><div class=\"vc_column-inner\"><div class=\"wpb_wrapper\">\n\t<div class=\"wpb_text_column wpb_content_element\" >\n\t\t<div class=\"wpb_wrapper\">\n\t\t\t<p>L\u2019accesso e l\u2019uso del nostro sito web, cos\u00ec come dei nostri prodotti e servizi, sono soggetti alle condizioni riportate di seguito.<\/p>\n<p>Utilizzando questo sito, il cliente accetta i termini di utilizzo, che possono essere aggiornati occasionalmente. Ti consigliamo di visitare regolarmente questa pagina per essere informato di eventuali aggiornamenti di questi termini e condizioni.<\/p>\n<p>RODRILAB \u00e8 un marchio registrato, P. IVA 517 379 210, Rua da Escola 147, 4750-492 Galegos S. Martinho, Barcelos, Portugal<\/p>\n<p>L\u2019accesso a questo sito \u00e8 consentito a titolo temporaneo e ci riserviamo il diritto di ritirare o modificare i servizi senza preavviso. Non siamo responsabili se, per qualsiasi motivo, questo sito non fosse disponibile per un determinato periodo e occasionalmente potremmo limitare l\u2019accesso ad alcune aree.<\/p>\n<p>RODRILAB non \u00e8 responsabile per danni o perdite derivanti dall\u2019uso di qualsiasi informazione contenuta in questo sito.<\/p>\n<p>Alcuni collegamenti ipertestuali di questo sito reindirizzano il cliente a siti esterni, partner di RODRILAB. Cliccando su questi collegamenti, lascerai il sito di RODRILAB. Poich\u00e9 non abbiamo alcun controllo su questi siti, non siamo responsabili del materiale in essi contenuto.<\/p>\n<p>Per effettuare un ordine, il cliente deve essere maggiorenne e si impegna a fornire dati veritieri che consentano la corretta elaborazione del suo ordine. A tutti gli effetti, RODRILAB considera una persona giuridica identificata e individualizzata dalla connessione tra la sua ragione sociale, la sede legale e il numero di identificazione.<\/p>\n<p>Per essere cliente di RODRILAB, \u00e8 necessario accettare la nostra Informativa sulla Privacy.<\/p>\n<p><strong><button class=\"accordion-button\" type=\"button\" aria-expanded=\"true\"><span class=\"panel-title\">Metodi di Pagamento<\/span><\/button><\/strong><\/p>\n<p>Effettuando un ordine presso Rodrilab, prendi atto che l\u2019azienda si riserva il diritto di addebitare i servizi che offre e di modificare le tariffe presentate a sua discrezione, annunciandolo sul proprio sito web o applicazioni. Utilizzando i servizi, sarai responsabile del pagamento di eventuali commissioni applicabili.<\/p>\n<p>Sul sito rodrilab.com i pagamenti degli ordini vengono effettuati esclusivamente online tramite Carta di Credito (Visa, Mastercard, American Express), PayPal, MB Way, Multibanco, Apple Pay e Google Pay.<\/p>\n<p>Accetti di sostenere tutte le spese relative ai tuoi ordini e acquisti (incluse eventuali tasse imposte che potrebbero non essere limitate a tasse sulle vendite, sull\u2019uso o IVA) alle tariffe in vigore al momento del pagamento.<\/p>\n<p>RODRILAB pu\u00f2 addebitare automaticamente le spese di spedizione per indirizzi all\u2019interno di giurisdizioni in cui tali spese sono obbligatorie.<\/p>\n<p>Gli ordini di prodotti per la consegna fuori dal Portogallo possono essere soggetti a tasse e imposte che vengono applicate quando i prodotti arrivano a destinazione. Poich\u00e9 i dazi doganali variano da paese a paese, \u00e8 necessario contattare i servizi doganali del proprio paese per ulteriori informazioni. Si ricorda inoltre che si \u00e8 considerati l\u2019importatore e si devono rispettare tutte le leggi e i regolamenti del proprio paese.<\/p>\n<div>\n<h2 class=\"accordion-header\"><strong><button class=\"accordion-button\" type=\"button\" aria-expanded=\"true\"><span class=\"panel-title\">Spedizione<\/span><\/button><\/strong><\/h2>\n<div class=\"accordion-collapse collapse show\">\n<p>I prodotti RODRILAB, una volta ordinati e con pagamento validato, verranno spediti al termine del periodo di produzione, conteggiato in giorni lavorativi, che pu\u00f2 variare in base al prodotto selezionato e all\u2019indirizzo di consegna. Puoi consultare i tempi di produzione di ogni prodotto nel nostro catalogo.<\/p>\n<p>Rodrilab spedisce in tutto il mondo. Contattaci per ulteriori informazioni sulle spedizioni verso paesi non elencati nella nostra tabella delle tariffe di spedizione.<\/p>\n<p>Eventuali diritti, tariffe e tasse applicabili devono essere pagati dal destinatario al momento della consegna.<\/p>\n<p>Le consegne vengono solitamente effettuate in un periodo che pu\u00f2 variare da 1 a 8 giorni dalla data di spedizione. Per indirizzi in localit\u00e0 pi\u00f9 remote, si prega di considerare un tempo aggiuntivo per la consegna.<\/p>\n<p>I prezzi possono essere consultati al momento dell\u2019acquisto, sulla fattura o contattandoci in anticipo tramite i canali abituali.<\/p>\n<\/div>\n<\/div>\n<div>\n<h2 class=\"accordion-header\"><strong><button class=\"accordion-button\" type=\"button\" aria-expanded=\"true\"><span class=\"panel-title\">Resi e Rimborsi<\/span><\/button><\/strong><\/h2>\n<div class=\"accordion-collapse collapse show\">\n<p><span style=\"color: #808080;\">Rodrilab garantisce la soddisfazione per la produzione del tuo ordine. Nella catena di produzione ci sono diverse fasi di controllo qualit\u00e0.<\/span><\/p>\n<p><span style=\"color: #808080;\">Tuttavia, a causa della natura artigianale dell\u2019attivit\u00e0, possono esserci piccole variazioni nel colore dei materiali e nella manifattura del prodotto, considerate come la personalit\u00e0 unica di ciascuno di essi.<\/span><\/p>\n<p><span style=\"color: #808080;\">Nell\u2019improbabile caso che il tuo ordine arrivi danneggiato o con un difetto di fabbricazione, contattaci tramite il tuo account manager o direttamente all\u2019indirizzo geral@rodrilab.com il giorno lavorativo successivo al ricevimento, allegando una foto del difetto riscontrato.<\/span><\/p>\n<p><span style=\"color: #808080;\">Risolveremo la situazione. Dopo aver effettuato l\u2019ordine, a causa dell\u2019elevato grado di personalizzazione dei prodotti, Rodrilab non pu\u00f2 annullare l\u2019ordine e\/o rimborsare l\u2019importo speso, salvo nei casi espressamente descritti in questa politica di resi e rimborsi (cio\u00e8 se il tuo prodotto arriva danneggiato o con difetto di fabbricazione). Non possiamo accettare resi in altri casi. Si prega di notare che ogni prodotto ordinato alla nostra azienda \u00e8 prodotto individualmente da attrezzature e collaboratori diversi.<\/span><\/p>\n<p><span style=\"color: #808080;\">Possono esserci lievi differenze tra le diverse stampe e rilegature dello stesso prodotto.<\/span><\/p>\n<p><span style=\"color: #808080;\">Lavoriamo duramente per mantenere il tuo prodotto il pi\u00f9 coerente possibile, ma le variazioni nelle finiture sono normali, non sono considerate difetti di fabbricazione e non giustificano una nuova produzione.<\/span><\/p>\n<p><span style=\"color: #808080;\">La responsabilit\u00e0 di Rodrilab si limita alla sostituzione del prodotto danneggiato, senza alcun indennizzo o compensazione per eventuali danni collaterali. Il tuo prodotto \u00e8 completamente tuo: Rodrilab non invia prove, modifica o altera il contenuto.<\/span><\/p>\n<\/div>\n<div class=\"accordion-collapse collapse show\" style=\"text-align: left;\">\n<p><span style=\"color: #808080;\">Di conseguenza, Rodrilab ha limitazioni sulla garanzia del tuo prodotto che includono l\u2019obbligo di correggere:<\/span><\/p>\n<ul>\n<li><span style=\"color: #808080;\">\u00a0Errori tipografici, grammaticali, testi incompleti o altri testi con errori;<\/span><\/li>\n<li><span style=\"color: #808080;\">\u00a0Bassa risoluzione delle immagini che pu\u00f2 riflettersi nella stampa delle immagini;<\/span><\/li>\n<li><span style=\"color: #808080;\">\u00a0Specifiche del design, inclusa la dimensione del prodotto, l\u2019organizzazione, lo stile, il colore e il layout;<\/span><\/li>\n<li><span style=\"color: #808080;\">\u00a0Qualsiasi altra scelta creativa che potresti aver fatto relativa al tuo prodotto.<\/span><\/li>\n<\/ul>\n<p><span style=\"color: #808080;\">Ci\u00f2 significa che la responsabilit\u00e0 di rivedere l\u2019impaginazione del prodotto prima dell\u2019invio \u00e8 tua.<\/span><\/p>\n<p><span style=\"color: #808080;\">Dovresti farlo visualizzando l\u2019anteprima prima di stampare e ti consigliamo vivamente di chiedere a un amico di controllarlo prima di inviarlo. Questo significa che accetti di non inviare contenuti che non sono stati completamente revisionati e di cui non sei sicuro che siano pronti per la stampa.<\/span><\/p>\n<\/div>\n<div class=\"accordion-collapse collapse show\">\n<p><span style=\"color: #808080;\">Il contenuto del tuo prodotto \u00e8 interamente tua responsabilit\u00e0 e devi assicurarti che non violi i diritti alla privacy, i diritti di pubblicit\u00e0, i diritti d\u2019autore o altri diritti di persone o entit\u00e0.<\/span><\/p>\n<p><span style=\"color: #808080;\">Il contenuto include testi, file, modelli di design, immagini, foto, opere d\u2019autore e altri materiali.<\/span><\/p>\n<p><span style=\"color: #808080;\">\u00c8 espressamente vietata l\u2019inclusione di \u201cPubblicato da Rodrilab\u201d o qualsiasi altro riferimento che suggerisca direttamente o indirettamente che Rodrilab sia l\u2019editore dei prodotti creati utilizzando i servizi dell\u2019azienda, senza previa autorizzazione.<\/span><\/p>\n<p><span style=\"color: #808080;\">Il tuo ordine \u00e8 una stampa unica dopo il tuo acquisto e non conserviamo prodotti. Pertanto, non possiamo accettare resi o rimborsi per motivi diversi da quelli descritti sopra.<\/span><\/p>\n<\/div>\n<\/div>\n<p><!-- e651d4032b2f793c0d038812ad576b82 --><\/p>\n\n\t\t<\/div>\n\t<\/div>\n<\/div><\/div><\/div><\/div>\n<\/div>","protected":false},"excerpt":{"rendered":"L\u2019accesso e l\u2019uso del nostro sito web, cos\u00ec come dei nostri prodotti e servizi, sono soggetti alle condizioni riportate di seguito.","protected":false},"author":87,"featured_media":0,"parent":0,"menu_order":0,"comment_status":"closed","ping_status":"closed","template":"","meta":{"rs_blank_template":"","rs_page_bg_color":"","slide_template_v7":"","inline_featured_image":false,"footnotes":""},"class_list":["post-69","page","type-page","status-publish","hentry"],"_links":{"self":[{"href":"https:\/\/rodrilab.com\/it\/wp-json\/wp\/v2\/pages\/69","targetHints":{"allow":["GET"]}}],"collection":[{"href":"https:\/\/rodrilab.com\/it\/wp-json\/wp\/v2\/pages"}],"about":[{"href":"https:\/\/rodrilab.com\/it\/wp-json\/wp\/v2\/types\/page"}],"author":[{"embeddable":true,"href":"https:\/\/rodrilab.com\/it\/wp-json\/wp\/v2\/users\/87"}],"replies":[{"embeddable":true,"href":"https:\/\/rodrilab.com\/it\/wp-json\/wp\/v2\/comments?post=69"}],"version-history":[{"count":1,"href":"https:\/\/rodrilab.com\/it\/wp-json\/wp\/v2\/pages\/69\/revisions"}],"predecessor-version":[{"id":20337,"href":"https:\/\/rodrilab.com\/it\/wp-json\/wp\/v2\/pages\/69\/revisions\/20337"}],"wp:attachment":[{"href":"https:\/\/rodrilab.com\/it\/wp-json\/wp\/v2\/media?parent=69"}],"curies":[{"name":"wp","href":"https:\/\/api.w.org\/{rel}","templated":true}]}}