{"id":60,"date":"2018-01-11T19:25:41","date_gmt":"2018-01-11T19:25:41","guid":{"rendered":"https:\/\/rodrilab.com\/?page_id=60"},"modified":"2024-12-26T18:13:03","modified_gmt":"2024-12-26T18:13:03","slug":"sobre-nos","status":"publish","type":"page","link":"https:\/\/rodrilab.com\/it\/sobre-nos\/","title":{"rendered":"Chi Siamo"},"content":{"rendered":"<p>&nbsp;<\/p>\n<section>\n<div class=\"container\">\n<div class=\"row v-align-children\">\n<div class=\"col-md-5 col-md-offset-1 col-sm-6 col-sm-offset-1\">\n<h4><span style=\"color: #000000;\"><strong>Rodrilab \u2013 Chi siamo<\/strong><\/span><\/h4>\n<h5><span style=\"color: #808080;\">In Rodrilab siamo guidati dalla passione di trasformare ricordi indimenticabili in opere d\u2019arte durature. Specializzati nella produzione e stampa di album digitali di alta qualit\u00e0, creiamo prodotti che celebrano storie uniche come matrimoni, battesimi, servizi fotografici newborn e altre occasioni memorabili.<\/span><\/h5>\n<h5><span style=\"color: #808080;\">Combiniamo tecnologia avanzata e design sofisticato con un tocco artigianale, garantendo che ogni album sia un pezzo unico, capace di catturare l\u2019essenza e l\u2019emozione dei tuoi momenti pi\u00f9 preziosi. Ogni dettaglio \u00e8 curato con attenzione, riflettendo il nostro costante impegno per l\u2019eccellenza.<\/span><\/h5>\n<h5><span style=\"color: #808080;\">Pi\u00f9 che un\u2019azienda, siamo narratori di storie visive. Viviamo e amiamo ci\u00f2 che facciamo, perch\u00e9 crediamo che ogni sorriso, ogni sguardo e ogni ricordo meritino di essere preservati alla perfezione. Che si tratti di rendere eterno il giorno pi\u00f9 importante della tua vita o i piccoli momenti che fanno la differenza, siamo qui per creare album che superano ogni aspettativa e diventano veri e propri lasciti per le generazioni future.<\/span><\/h5>\n<h5><strong><span style=\"color: #000000;\">Trasformando le emozioni in arte, affinch\u00e9 le tue storie siano ricordate per sempre.<\/span><\/strong><\/h5>\n<\/div>\n<\/div>\n<\/div>\n<\/section>","protected":false},"excerpt":{"rendered":"<p>&nbsp; Rodrilab, quem somos Na Rodrilab, somos movidos pela paix\u00e3o de transformar mem\u00f3rias inesquec\u00edveis em obras de arte duradouras. Especializados<\/p>","protected":false},"author":87,"featured_media":0,"parent":0,"menu_order":0,"comment_status":"closed","ping_status":"closed","template":"","meta":{"rs_blank_template":"","rs_page_bg_color":"","slide_template_v7":"","inline_featured_image":false,"footnotes":""},"class_list":["post-60","page","type-page","status-publish","hentry"],"_links":{"self":[{"href":"https:\/\/rodrilab.com\/it\/wp-json\/wp\/v2\/pages\/60","targetHints":{"allow":["GET"]}}],"collection":[{"href":"https:\/\/rodrilab.com\/it\/wp-json\/wp\/v2\/pages"}],"about":[{"href":"https:\/\/rodrilab.com\/it\/wp-json\/wp\/v2\/types\/page"}],"author":[{"embeddable":true,"href":"https:\/\/rodrilab.com\/it\/wp-json\/wp\/v2\/users\/87"}],"replies":[{"embeddable":true,"href":"https:\/\/rodrilab.com\/it\/wp-json\/wp\/v2\/comments?post=60"}],"version-history":[{"count":0,"href":"https:\/\/rodrilab.com\/it\/wp-json\/wp\/v2\/pages\/60\/revisions"}],"wp:attachment":[{"href":"https:\/\/rodrilab.com\/it\/wp-json\/wp\/v2\/media?parent=60"}],"curies":[{"name":"wp","href":"https:\/\/api.w.org\/{rel}","templated":true}]}}