{"id":581,"date":"2019-03-01T13:39:37","date_gmt":"2019-03-01T13:39:37","guid":{"rendered":"https:\/\/rodrilab.com\/?page_id=581"},"modified":"2025-06-17T22:20:20","modified_gmt":"2025-06-17T22:20:20","slug":"garantia-de-qualidade","status":"publish","type":"page","link":"https:\/\/rodrilab.com\/it\/garantia-de-qualidade\/","title":{"rendered":"Garanzia di Qualit\u00e0"},"content":{"rendered":"<h3 class=\"uk-h2 uk-margin-small uk-margin-remove-bottom uk-text-left@m uk-text-center\">Supporto e Controllo Qualit\u00e0<\/h3>\n<ul>\n<li class=\"uk-panel uk-margin-small uk-margin-remove-bottom\">La vostra soddisfazione \u00e8 la nostra massima priorit\u00e0. Tutti i nostri prodotti passano attraverso tre rigorose fasi di controllo qualit\u00e0 per garantire che ogni dettaglio sia perfetto.<\/li>\n<li class=\"uk-panel uk-margin-small uk-margin-remove-bottom\">Ci occupiamo dell\u2019intero processo, dalla ricezione dell\u2019ordine fino alla spedizione finale, con un monitoraggio costante da parte di professionisti specializzati, garantendo la massima eccellenza in ogni fase della realizzazione.<\/li>\n<\/ul>\n<div>\n<hr \/>\n<\/div>\n<h3 class=\"uk-h5 uk-text-emphasis uk-margin-large uk-margin-remove-bottom uk-width-xlarge uk-margin-auto-left@m uk-margin-remove-right@m uk-margin-auto uk-text-left@m uk-text-center\">Supporto e Monitoraggio<\/h3>\n<ul>\n<li class=\"uk-panel uk-margin-small uk-margin-remove-bottom uk-width-xlarge@m uk-margin-auto-left@m uk-margin-remove-right@m uk-margin-auto uk-text-left@m uk-text-center\">In Rodrilab disponiamo di un team di assistenza clienti sempre pronto a offrirti il supporto di cui hai bisogno. Siamo disponibili per rispondere alle tue domande, monitorare l\u2019avanzamento degli ordini e fornirti aggiornamenti sullo stato e la produzione dei tuoi prodotti.<\/li>\n<li class=\"uk-panel uk-margin-small uk-margin-remove-bottom uk-width-xlarge@m uk-margin-auto-left@m uk-margin-remove-right@m uk-margin-auto uk-text-left@m uk-text-center\">Inoltre, il nostro team commerciale altamente specializzato \u00e8 impegnato a favorire la crescita della tua attivit\u00e0 attraverso la vendita di prodotti fotografici, perch\u00e9 crediamo che il tuo successo sia anche il nostro successo.<\/li>\n<\/ul>\n<div>\n<hr \/>\n<\/div>\n<div class=\"uk-grid tm-grid-expand uk-child-width-1-1 uk-grid-margin\">\n<div class=\"uk-width-1-1\">\n<h3 class=\"uk-h2 uk-margin-remove-vertical uk-text-center\">Materiali e Colore<\/h3>\n<\/div>\n<\/div>\n<div class=\"uk-grid tm-grid-expand uk-grid-column-medium uk-margin-large\">\n<div class=\"uk-grid-item-match uk-flex-middle uk-width-1-2@m\">\n<div class=\"uk-panel uk-width-1-1\">\n<ul>\n<li class=\"uk-panel uk-margin-small uk-margin-remove-bottom uk-text-left@m uk-text-center\">Offriamo un\u2019ampia selezione di materiali di alta qualit\u00e0, con rivestimenti che si distinguono sia per l\u2019aspetto visivo che per il piacere al tatto.<\/li>\n<li class=\"uk-panel uk-margin-small uk-margin-remove-bottom uk-text-left@m uk-text-center\">I nostri collaboratori, artigiani esperti, si dedicano a perfezionare la tecnica per valorizzare al meglio ogni rivestimento, assicurando un risultato eccezionale.<\/li>\n<li class=\"uk-panel uk-margin-small uk-margin-remove-bottom uk-text-left@m uk-text-center\">Inoltre, le nostre carte da stampa si distinguono non solo per la variet\u00e0, ma anche per l\u2019eccellenza, fornite da marchi riconosciuti e certificati a livello mondiale come Hahnem\u00fchle e Fujifilm.<\/li>\n<\/ul>\n<div>\n<hr \/>\n<\/div>\n<\/div>\n<\/div>\n<\/div>\n<h3 class=\"uk-h5 uk-text-emphasis uk-margin-large uk-margin-remove-bottom uk-width-xlarge uk-margin-auto-left@m uk-margin-remove-right@m uk-margin-auto uk-text-left@m uk-text-center\">Prove colore quotidiane<\/h3>\n<ul>\n<li class=\"uk-panel uk-margin-small uk-margin-remove-bottom uk-width-xlarge@m uk-margin-auto-left@m uk-margin-remove-right@m uk-margin-auto uk-text-left@m uk-text-center\">La qualit\u00e0 di stampa \u00e8 strettamente legata alla precisione dei colori. Per questo eseguiamo prove colore quotidiane, condotte da un tecnico specializzato e certificato nella stampa.<\/li>\n<li class=\"uk-panel uk-margin-small uk-margin-remove-bottom uk-width-xlarge@m uk-margin-auto-left@m uk-margin-remove-right@m uk-margin-auto uk-text-left@m uk-text-center\">Dopo le prove, eseguiamo le calibrazioni necessarie su tutte le attrezzature di stampa, garantendo che i colori dei tuoi prodotti siano sempre fedeli ai file che ci vengono forniti.<\/li>\n<li class=\"uk-panel uk-margin-small uk-margin-remove-bottom uk-width-xlarge@m uk-margin-auto-left@m uk-margin-remove-right@m uk-margin-auto uk-text-left@m uk-text-center\">Ogni prodotto viene stampato e accuratamente controllato, con la massima attenzione e dedizione, per garantire che i colori soddisfino le aspettative e stupiscano i tuoi clienti.<\/li>\n<\/ul>\n<div>\n<hr \/>\n<\/div>\n<div class=\"uk-margin-large uk-container\">\n<div class=\"uk-grid tm-grid-expand uk-child-width-1-1\">\n<div class=\"uk-grid-item-match uk-width-1-1\">\n<div class=\"uk-tile-muted uk-tile uk-padding-remove\">\n<h3 class=\"uk-h2 uk-margin-remove-vertical uk-text-left@m uk-text-center\">Attenzione Ambientale e Uso della Plastica<\/h3>\n<\/div>\n<\/div>\n<\/div>\n<\/div>\n<div class=\"uk-grid tm-grid-expand uk-grid-margin\">\n<div class=\"uk-grid-item-match uk-flex-bottom uk-width-1-2@m uk-first-column\">\n<div class=\"uk-panel uk-width-1-1\">\n<ul>\n<li class=\"uk-panel uk-margin-small uk-margin-remove-bottom uk-width-large@m uk-margin-auto-right@m uk-margin-remove-left@m uk-margin-auto uk-text-left@m uk-text-center\">La sostenibilit\u00e0 ambientale \u00e8 una delle nostre principali priorit\u00e0. Per questo abbiamo deciso di eliminare l\u2019uso della plastica nelle nostre confezioni, senza compromettere la sicurezza e la qualit\u00e0 dei nostri prodotti.<\/li>\n<li class=\"uk-panel uk-margin-small uk-margin-remove-bottom uk-width-large@m uk-margin-auto-right@m uk-margin-remove-left@m uk-margin-auto uk-text-left@m uk-text-center\">Raccomandiamo di proseguire il ciclo di riciclo dopo aver ricevuto il tuo ordine, contribuendo cos\u00ec a un futuro pi\u00f9 sostenibile.<\/li>\n<\/ul>\n<div>\n<hr \/>\n<\/div>\n<div>\n<h3 class=\"uk-h5 uk-text-emphasis uk-margin-large uk-margin-remove-bottom uk-width-large uk-margin-auto-left@m uk-margin-remove-right@m uk-margin-auto uk-text-left@m uk-text-center\">Stampa e Trattamento Chimico<\/h3>\n<ul>\n<li class=\"uk-panel uk-margin-small uk-margin-remove-bottom uk-width-large@m uk-margin-auto-left@m uk-margin-remove-right@m uk-margin-auto uk-text-left@m uk-text-center\">Adottiamo tecniche di stampa avanzate, utilizzando attrezzature di alta gamma all\u2019avanguardia, riconosciute per innovazione ed eccellenza nel settore della stampa.<\/li>\n<li class=\"uk-panel uk-margin-small uk-margin-remove-bottom uk-width-large@m uk-margin-auto-left@m uk-margin-remove-right@m uk-margin-auto uk-text-left@m uk-text-center\">Uno dei principali vantaggi delle nostre attrezzature \u00e8 la capacit\u00e0 di ridurre al minimo gli sprechi di materie prime, garantendo l\u2019utilizzo esclusivo delle quantit\u00e0 strettamente necessarie.<\/li>\n<li class=\"uk-panel uk-margin-small uk-margin-remove-bottom uk-width-large@m uk-margin-auto-left@m uk-margin-remove-right@m uk-margin-auto uk-text-left@m uk-text-center\">Inoltre, i prodotti chimici utilizzati nel processo di stampa sono accuratamente trattati da un\u2019azienda specializzata e certificata, garantendo un impatto ambientale ridotto al minimo.<\/li>\n<\/ul>\n<\/div>\n<\/div>\n<\/div>\n<\/div>\n<p><!-- a61d25be4c419d1a5bd71dd99eaac457 --><\/p>","protected":false},"excerpt":{"rendered":"<p>Apoio e controlo de qualidade A sua satisfa\u00e7\u00e3o \u00e9 a nossa principal prioridade. Todos os nossos produtos passam por tr\u00eas<\/p>","protected":false},"author":87,"featured_media":0,"parent":0,"menu_order":0,"comment_status":"closed","ping_status":"closed","template":"","meta":{"rs_blank_template":"","rs_page_bg_color":"","slide_template_v7":"","inline_featured_image":false,"footnotes":""},"class_list":["post-581","page","type-page","status-publish","hentry"],"_links":{"self":[{"href":"https:\/\/rodrilab.com\/it\/wp-json\/wp\/v2\/pages\/581","targetHints":{"allow":["GET"]}}],"collection":[{"href":"https:\/\/rodrilab.com\/it\/wp-json\/wp\/v2\/pages"}],"about":[{"href":"https:\/\/rodrilab.com\/it\/wp-json\/wp\/v2\/types\/page"}],"author":[{"embeddable":true,"href":"https:\/\/rodrilab.com\/it\/wp-json\/wp\/v2\/users\/87"}],"replies":[{"embeddable":true,"href":"https:\/\/rodrilab.com\/it\/wp-json\/wp\/v2\/comments?post=581"}],"version-history":[{"count":1,"href":"https:\/\/rodrilab.com\/it\/wp-json\/wp\/v2\/pages\/581\/revisions"}],"predecessor-version":[{"id":20277,"href":"https:\/\/rodrilab.com\/it\/wp-json\/wp\/v2\/pages\/581\/revisions\/20277"}],"wp:attachment":[{"href":"https:\/\/rodrilab.com\/it\/wp-json\/wp\/v2\/media?parent=581"}],"curies":[{"name":"wp","href":"https:\/\/api.w.org\/{rel}","templated":true}]}}