{"id":18560,"date":"2024-12-25T17:46:10","date_gmt":"2024-12-25T17:46:10","guid":{"rendered":"https:\/\/rodrilab.com\/?page_id=18560"},"modified":"2024-12-25T17:48:59","modified_gmt":"2024-12-25T17:48:59","slug":"politica-de-monstruario","status":"publish","type":"page","link":"https:\/\/rodrilab.com\/it\/politica-de-monstruario\/","title":{"rendered":"Politica di Presentazione"},"content":{"rendered":"<p><strong>Sconto su prodotti campione<\/strong><\/p>\n<p>Esibire i tuoi lavori finali in prodotti di alta qualit\u00e0 con finiture eccezionali \u00e8 un ottimo modo per aumentare le vendite e attirare l\u2019attenzione dei tuoi clienti.<\/p>\n<p>L\u2019uso di campionari \u00e8 lo strumento perfetto per questo, perch\u00e9 consente di mostrare l\u2019importanza di catturare e conservare i ricordi. Il modo migliore per raccontare una storia \u00e8 unire la dedizione e la competenza di un fotografo professionista con prodotti che valorizzano i dettagli e le emozioni del racconto.<\/p>\n<p>Siamo impegnati a riflettere il tuo stile unico e il tuo modo di lavorare in prodotti che rappresentino il risultato finale di un lavoro fotografico o video straordinario.<\/p>\n<hr \/>\n<h2 class=\"accordion-header\"><strong><button class=\"accordion-button\" type=\"button\" aria-expanded=\"true\"><span class=\"panel-title\">C'\u00e8 qualche differenza tra un prodotto e un prodotto campione?<\/span><\/button><\/strong><\/h2>\n<div class=\"accordion-collapse collapse show\">\n<div class=\"whitespace-pre-line accordion-body\">L\u2019unica differenza tra un prodotto originale e un prodotto campione \u00e8 il sigillo \"sample\" che lo identifica come prodotto da esposizione.<\/div>\n<\/div>\n<div>\n<hr \/>\n<\/div>\n<div><\/div>\n<div>\n<h2 class=\"accordion-header\"><strong><button class=\"accordion-button\" type=\"button\" aria-expanded=\"true\"><span class=\"panel-title\">Dove viene applicato il sigillo \"sample\"?<\/span><\/button><\/strong><\/h2>\n<div class=\"accordion-collapse collapse show\">\n<div class=\"whitespace-pre-line accordion-body\">La posizione del sigillo \"sample\" pu\u00f2 variare a seconda del prodotto ordinato e delle esigenze specifiche di ogni situazione. Rodrilab si riserva il diritto di modificare la posizione del sigillo \"sample\" senza preavviso.<\/div>\n<div>\n<hr \/>\n<\/div>\n<div><\/div>\n<\/div>\n<div>\n<h2 class=\"accordion-header\"><strong><button class=\"accordion-button\" type=\"button\" aria-expanded=\"true\"><span class=\"panel-title\">Offrite sconti sui prodotti campione?<\/span><\/button><\/strong><\/h2>\n<div class=\"accordion-collapse collapse show\">\n<div class=\"whitespace-pre-line accordion-body\">S\u00ec, tutti i libri ordinati come campionari ricevono uno sconto del 50% e i prodotti delle categorie decorazione, ricordi e accessori uno sconto del 30%<\/div>\n<div>\n<hr \/>\n<\/div>\n<div><\/div>\n<\/div>\n<div>\n<h2 class=\"accordion-header\"><strong><button class=\"accordion-button\" type=\"button\" aria-expanded=\"true\"><span class=\"panel-title\">Chi pu\u00f2 beneficiare dello sconto campione?<\/span><\/button><\/strong><\/h2>\n<div class=\"accordion-collapse collapse show\">\n<div class=\"whitespace-pre-line accordion-body\">Tutti i clienti registrati presso Rodrilab possono beneficiarne, purch\u00e9 l\u2019ordine rientri nella nostra politica dei campionari.<\/div>\n<div>\n<hr \/>\n<\/div>\n<div><\/div>\n<div>\n<h2 class=\"accordion-header\"><strong><button class=\"accordion-button\" type=\"button\" aria-expanded=\"true\"><span class=\"panel-title\">Qual \u00e8 il tempo di produzione per gli ordini campione?<\/span><\/button><\/strong><\/h2>\n<div class=\"accordion-collapse collapse show\">\n<div class=\"whitespace-pre-line accordion-body\">Gli ordini campione richiedono da 8 a 15 giorni lavorativi per la produzione, salvo nei periodi festivi in cui si applicano i tempi previsti per il prodotto specifico.<\/div>\n<\/div>\n<\/div>\n<div>\n<hr \/>\n<\/div>\n<div>\n<div class=\"accordion-collapse collapse show\">\n<div>\n<h2 class=\"accordion-header\"><strong><button class=\"accordion-button\" type=\"button\" aria-expanded=\"true\"><span class=\"panel-title\">Ci sono limitazioni per gli ordini di libri campione?<\/span><\/button><\/strong><\/h2>\n<div class=\"accordion-collapse collapse show\">\n<div class=\"whitespace-pre-line accordion-body\">Per garantire un accesso equo ai prodotti campione, \u00e8 stato stabilito un limite di 3 libri campione all\u2019anno per cliente. Tuttavia, in casi particolari, \u00e8 possibile contattare l\u2019Assistenza Clienti per richiedere una valutazione aggiuntiva.<\/div>\n<div>\n<hr \/>\n<\/div>\n<div>\n<h2 class=\"accordion-header\"><button class=\"accordion-button\" type=\"button\" aria-expanded=\"true\"><span class=\"panel-title\">Come posso ottenere lo sconto sui libri campione?<\/span><\/button><\/h2>\n<div class=\"accordion-collapse collapse show\">\n<div class=\"whitespace-pre-line accordion-body\">Per ottenere lo sconto sui libri campione, \u00e8 necessario selezionare l\u2019opzione indicata nel campo previsto prima di procedere al pagamento.<\/div>\n<div>\n<hr \/>\n<\/div>\n<div>\n<h2 class=\"accordion-header\"><button class=\"accordion-button\" type=\"button\" aria-expanded=\"true\"><span class=\"panel-title\">Ci sono limitazioni per gli ordini di prodotti campione diversi dai libri?<\/span><\/button><\/h2>\n<div class=\"accordion-collapse collapse show\">\n<div class=\"whitespace-pre-line accordion-body\">Per garantire un utilizzo responsabile, \u00e8 possibile ordinare fino a 3 prodotti campione nelle categorie Album, decorazioni, ricordi e accessori.<\/div>\n<div>\n<hr \/>\n<\/div>\n<div>\n<h2 class=\"accordion-header\"><button class=\"accordion-button\" type=\"button\" aria-expanded=\"true\"><span class=\"panel-title\">\u00c8 possibile richiedere lo sconto campione dopo aver completato l\u2019ordine?<\/span><\/button><\/h2>\n<div class=\"accordion-collapse collapse show\">\n<div class=\"whitespace-pre-line accordion-body\">No, lo sconto campione viene applicato solo durante il processo di ordinazione. Non \u00e8 possibile identificare un prodotto come campione dopo l\u2019elaborazione e\/o la produzione dell\u2019ordine.<\/div>\n<div>\n<hr \/>\n<\/div>\n<div>\n<h2 class=\"accordion-header\"><button class=\"accordion-button\" type=\"button\" aria-expanded=\"true\"><span class=\"panel-title\">Posso ordinare un campione in qualsiasi periodo dell\u2019anno?<\/span><\/button><\/h2>\n<div class=\"accordion-collapse collapse show\">\n<div class=\"whitespace-pre-line accordion-body\">S\u00ec, \u00e8 possibile. Non ci sono restrizioni di data per ordinare un prodotto campione \u2014 puoi effettuare l\u2019ordine in qualsiasi momento dell\u2019anno. Tuttavia, tieni presente che nei periodi di maggiore affluenza i tempi di produzione potrebbero essere pi\u00f9 lunghi.<\/div>\n<div>\n<hr \/>\n<\/div>\n<div>\n<h2 class=\"accordion-header\"><button class=\"accordion-button\" type=\"button\" aria-expanded=\"true\"><span class=\"panel-title\">Posso cumulare lo sconto campione con altre promozioni o sconti?<\/span><\/button><\/h2>\n<div class=\"accordion-collapse collapse show\">\n<div class=\"whitespace-pre-line accordion-body\">Lo sconto campione non pu\u00f2 essere combinato con altre offerte o sconti in corso.<\/div>\n<div>\n<hr \/>\n<\/div>\n<div>\n<h2 class=\"accordion-header\"><button class=\"accordion-button\" type=\"button\" aria-expanded=\"true\"><span class=\"panel-title\">Il mio ordine pu\u00f2 essere rifiutato?<\/span><\/button><\/h2>\n<div class=\"accordion-collapse collapse show\">\n<div class=\"whitespace-pre-line accordion-body\">Rodrilab offre questo sconto per permetterti di diversificare o rinnovare i tuoi campionari e, di conseguenza, aumentare le vendite con i tuoi clienti. Ci riserviamo il diritto di annullare gli ordini che non soddisfano questo scopo. Rodrilab si riserva inoltre il diritto di annullare ordini di prodotti che non rientrano nella nostra politica dei campioni e\/o non siano coerenti con l\u2019ambito di lavoro del fotografo.<\/div>\n<div>\n<hr \/>\n<\/div>\n<div>\n<h2 class=\"accordion-header\"><button class=\"accordion-button\" type=\"button\" aria-expanded=\"true\"><span class=\"panel-title\">Posso ordinare prodotti campione insieme a prodotti non campione?<\/span><\/button><\/h2>\n<div class=\"accordion-collapse collapse show\">\n<div class=\"whitespace-pre-line accordion-body\">Quando ordini prodotti campione, non dovresti includere altri prodotti non campione, poich\u00e9 selezionando l\u2019opzione campione questa verr\u00e0 applicata all\u2019intero ordine, rendendo tutti i prodotti campione.<\/div>\n<div>\n<hr \/>\n<\/div>\n<div>\n<h2 class=\"accordion-header\"><button class=\"accordion-button\" type=\"button\" aria-expanded=\"true\"><span class=\"panel-title\">Prodotti con sconto campione:<\/span><\/button><\/h2>\n<div class=\"accordion-collapse collapse show\">\n<div class=\"whitespace-pre-line accordion-body\">Tutti i prodotti Rodrilab.<\/div>\n<\/div>\n<\/div>\n<\/div>\n<\/div>\n<\/div>\n<\/div>\n<\/div>\n<\/div>\n<\/div>\n<\/div>\n<\/div>\n<\/div>\n<\/div>\n<\/div>\n<\/div>\n<\/div>\n<\/div>\n<\/div>\n<\/div>\n<\/div>\n<\/div>\n<\/div>\n<\/div>\n<\/div>","protected":false},"excerpt":{"rendered":"<p>Desconto Produtos Mostru\u00e1rio. Expor os seus trabalhos finais em produtos de alta qualidade e acabamentos incr\u00edveis \u00e9 uma excelente maneira<\/p>","protected":false},"author":87,"featured_media":0,"parent":0,"menu_order":0,"comment_status":"closed","ping_status":"closed","template":"","meta":{"rs_blank_template":"","rs_page_bg_color":"","slide_template_v7":"","inline_featured_image":false,"footnotes":""},"class_list":["post-18560","page","type-page","status-publish","hentry"],"_links":{"self":[{"href":"https:\/\/rodrilab.com\/it\/wp-json\/wp\/v2\/pages\/18560","targetHints":{"allow":["GET"]}}],"collection":[{"href":"https:\/\/rodrilab.com\/it\/wp-json\/wp\/v2\/pages"}],"about":[{"href":"https:\/\/rodrilab.com\/it\/wp-json\/wp\/v2\/types\/page"}],"author":[{"embeddable":true,"href":"https:\/\/rodrilab.com\/it\/wp-json\/wp\/v2\/users\/87"}],"replies":[{"embeddable":true,"href":"https:\/\/rodrilab.com\/it\/wp-json\/wp\/v2\/comments?post=18560"}],"version-history":[{"count":0,"href":"https:\/\/rodrilab.com\/it\/wp-json\/wp\/v2\/pages\/18560\/revisions"}],"wp:attachment":[{"href":"https:\/\/rodrilab.com\/it\/wp-json\/wp\/v2\/media?parent=18560"}],"curies":[{"name":"wp","href":"https:\/\/api.w.org\/{rel}","templated":true}]}}