{"id":25004,"date":"2025-11-09T18:05:48","date_gmt":"2025-11-09T18:05:48","guid":{"rendered":"https:\/\/rodrilab.com\/?post_type=product&#038;p=25004"},"modified":"2025-11-09T19:07:47","modified_gmt":"2025-11-09T19:07:47","slug":"christmas-cristal-frame","status":"publish","type":"product","link":"https:\/\/rodrilab.com\/fr\/produit\/christmas-cristal-frame\/","title":{"rendered":"Christmas Cristal Frame"},"content":{"rendered":"<p><strong data-start=\"107\" data-end=\"134\">Christmas Cristal Frame<\/strong><\/p>\n<p>As mem\u00f3rias de Natal merecem ser eternizadas com eleg\u00e2ncia!<\/p>\n<p>O <strong data-start=\"201\" data-end=\"228\">Christmas Cristal Frame<\/strong>\u00a0destaca-se pela sua originalidade e design encantador.<\/p>\n<p>No formato\u00a0<strong data-start=\"295\" data-end=\"307\">20\u00d715 cm<\/strong>, combina o toque r\u00fastico da\u00a0<strong data-start=\"336\" data-end=\"347\">madeira<\/strong>\u00a0com a leveza e brilho do\u00a0<strong data-start=\"373\" data-end=\"385\">acr\u00edlico<\/strong>, criando uma pe\u00e7a que se adapta facilmente a qualquer decora\u00e7\u00e3o.<\/p>\n<p>Dispon\u00edvel em <strong data-start=\"467\" data-end=\"481\">tr\u00eas cores<\/strong>\u00a0\u00a0Natural, Pinho e Nogal\u00a0 \u00e9 a escolha perfeita para oferecer ou decorar com estilo nesta \u00e9poca festiva.<\/p>","protected":false},"excerpt":{"rendered":"<p>Christmas Cristal Frame As mem\u00f3rias de Natal merecem ser eternizadas com eleg\u00e2ncia! O Christmas Cristal Frame\u00a0destaca-se pela sua originalidade e<\/p>","protected":false},"featured_media":24997,"comment_status":"closed","ping_status":"closed","template":"","meta":{"rs_blank_template":"","rs_page_bg_color":"","slide_template_v7":"","inline_featured_image":false},"product_brand":[],"product_cat":[2947],"product_tag":[],"class_list":{"0":"post-25004","1":"product","2":"type-product","3":"status-publish","4":"has-post-thumbnail","6":"product_cat-natal","8":"first","9":"instock","10":"taxable","11":"shipping-taxable","12":"product-type-variable"},"_links":{"self":[{"href":"https:\/\/rodrilab.com\/fr\/wp-json\/wp\/v2\/product\/25004","targetHints":{"allow":["GET"]}}],"collection":[{"href":"https:\/\/rodrilab.com\/fr\/wp-json\/wp\/v2\/product"}],"about":[{"href":"https:\/\/rodrilab.com\/fr\/wp-json\/wp\/v2\/types\/product"}],"replies":[{"embeddable":true,"href":"https:\/\/rodrilab.com\/fr\/wp-json\/wp\/v2\/comments?post=25004"}],"wp:featuredmedia":[{"embeddable":true,"href":"https:\/\/rodrilab.com\/fr\/wp-json\/wp\/v2\/media\/24997"}],"wp:attachment":[{"href":"https:\/\/rodrilab.com\/fr\/wp-json\/wp\/v2\/media?parent=25004"}],"wp:term":[{"taxonomy":"product_brand","embeddable":true,"href":"https:\/\/rodrilab.com\/fr\/wp-json\/wp\/v2\/product_brand?post=25004"},{"taxonomy":"product_cat","embeddable":true,"href":"https:\/\/rodrilab.com\/fr\/wp-json\/wp\/v2\/product_cat?post=25004"},{"taxonomy":"product_tag","embeddable":true,"href":"https:\/\/rodrilab.com\/fr\/wp-json\/wp\/v2\/product_tag?post=25004"}],"curies":[{"name":"wp","href":"https:\/\/api.w.org\/{rel}","templated":true}]}}