{"id":24837,"date":"2025-11-05T09:26:52","date_gmt":"2025-11-05T09:26:52","guid":{"rendered":"https:\/\/rodrilab.com\/?post_type=product&#038;p=24837"},"modified":"2025-11-18T11:59:46","modified_gmt":"2025-11-18T11:59:46","slug":"christmas-wood-block","status":"publish","type":"product","link":"https:\/\/rodrilab.com\/fr\/produit\/christmas-wood-block\/","title":{"rendered":"Christmas Wood Block"},"content":{"rendered":"<p><strong data-start=\"70\" data-end=\"84\">Wood Block <\/strong>\u00e9 uma pe\u00e7a decorativa \u00fanica, com a fotografia impressa diretamente na madeira, real\u00e7ando o car\u00e1ter natural e elegante do material.<\/p>\n<p>Uma forma distinta e duradoura de preservar e expor as suas mem\u00f3rias com autenticidade.<\/p>","protected":false},"excerpt":{"rendered":"<p>Wood Block \u00e9 uma pe\u00e7a decorativa \u00fanica, com a fotografia impressa diretamente na madeira, real\u00e7ando o car\u00e1ter natural e elegante<\/p>","protected":false},"featured_media":22358,"comment_status":"closed","ping_status":"closed","template":"","meta":{"rs_blank_template":"","rs_page_bg_color":"","slide_template_v7":"","inline_featured_image":false},"product_brand":[],"product_cat":[3614],"product_tag":[],"class_list":{"0":"post-24837","1":"product","2":"type-product","3":"status-publish","4":"has-post-thumbnail","6":"product_cat-rascunho","8":"first","9":"instock","10":"taxable","11":"shipping-taxable","12":"product-type-variable"},"_links":{"self":[{"href":"https:\/\/rodrilab.com\/fr\/wp-json\/wp\/v2\/product\/24837","targetHints":{"allow":["GET"]}}],"collection":[{"href":"https:\/\/rodrilab.com\/fr\/wp-json\/wp\/v2\/product"}],"about":[{"href":"https:\/\/rodrilab.com\/fr\/wp-json\/wp\/v2\/types\/product"}],"replies":[{"embeddable":true,"href":"https:\/\/rodrilab.com\/fr\/wp-json\/wp\/v2\/comments?post=24837"}],"wp:featuredmedia":[{"embeddable":true,"href":"https:\/\/rodrilab.com\/fr\/wp-json\/wp\/v2\/media\/22358"}],"wp:attachment":[{"href":"https:\/\/rodrilab.com\/fr\/wp-json\/wp\/v2\/media?parent=24837"}],"wp:term":[{"taxonomy":"product_brand","embeddable":true,"href":"https:\/\/rodrilab.com\/fr\/wp-json\/wp\/v2\/product_brand?post=24837"},{"taxonomy":"product_cat","embeddable":true,"href":"https:\/\/rodrilab.com\/fr\/wp-json\/wp\/v2\/product_cat?post=24837"},{"taxonomy":"product_tag","embeddable":true,"href":"https:\/\/rodrilab.com\/fr\/wp-json\/wp\/v2\/product_tag?post=24837"}],"curies":[{"name":"wp","href":"https:\/\/api.w.org\/{rel}","templated":true}]}}