{"id":24287,"date":"2025-10-09T18:58:52","date_gmt":"2025-10-09T18:58:52","guid":{"rendered":"https:\/\/rodrilab.com\/?post_type=product&#038;p=24287"},"modified":"2025-11-19T18:49:53","modified_gmt":"2025-11-19T18:49:53","slug":"stand-cristal-prints","status":"publish","type":"product","link":"https:\/\/rodrilab.com\/fr\/produit\/stand-cristal-prints\/","title":{"rendered":"Christmas Stand Cristal Prints"},"content":{"rendered":"<h5 data-start=\"101\" data-end=\"131\"><strong data-start=\"77\" data-end=\"111\">Christmas Stand Cristal Prints<\/strong><\/h5>\n<h5 data-start=\"101\" data-end=\"131\">O <strong data-start=\"116\" data-end=\"150\">Christmas Stand Cristal Prints<\/strong> \u00e9 uma pe\u00e7a em acr\u00edlico elegante e minimalista, criada para valorizar as suas fotografias.<\/h5>\n<h5 data-start=\"101\" data-end=\"131\">Com um design limpo e moderno, permite expor as suas mem\u00f3rias de forma sofisticada em qualquer espa\u00e7o, seja em casa, no escrit\u00f3rio ou em ambientes decorativos.<\/h5>\n<h5 data-start=\"101\" data-end=\"131\">Mais do que um suporte, \u00e9 um detalhe que real\u00e7a a beleza das suas imagens, transformando-as em verdadeiros elementos de destaque.<\/h5>\n<h5 data-start=\"101\" data-end=\"131\">Inclui <strong data-start=\"544\" data-end=\"583\">6 fotografias contracoladas em mats<\/strong>, prontas para uma apresenta\u00e7\u00e3o refinada e com toque art\u00edstico.<\/h5>","protected":false},"excerpt":{"rendered":"<p>Christmas Stand Cristal Prints O Christmas Stand Cristal Prints \u00e9 uma pe\u00e7a em acr\u00edlico elegante e minimalista, criada para valorizar<\/p>","protected":false},"featured_media":23027,"comment_status":"closed","ping_status":"closed","template":"","meta":{"rs_blank_template":"","rs_page_bg_color":"","slide_template_v7":"","inline_featured_image":false},"product_brand":[],"product_cat":[2947],"product_tag":[],"class_list":{"0":"post-24287","1":"product","2":"type-product","3":"status-publish","4":"has-post-thumbnail","6":"product_cat-natal","8":"first","9":"instock","10":"taxable","11":"shipping-taxable","12":"product-type-variable"},"_links":{"self":[{"href":"https:\/\/rodrilab.com\/fr\/wp-json\/wp\/v2\/product\/24287","targetHints":{"allow":["GET"]}}],"collection":[{"href":"https:\/\/rodrilab.com\/fr\/wp-json\/wp\/v2\/product"}],"about":[{"href":"https:\/\/rodrilab.com\/fr\/wp-json\/wp\/v2\/types\/product"}],"replies":[{"embeddable":true,"href":"https:\/\/rodrilab.com\/fr\/wp-json\/wp\/v2\/comments?post=24287"}],"wp:featuredmedia":[{"embeddable":true,"href":"https:\/\/rodrilab.com\/fr\/wp-json\/wp\/v2\/media\/23027"}],"wp:attachment":[{"href":"https:\/\/rodrilab.com\/fr\/wp-json\/wp\/v2\/media?parent=24287"}],"wp:term":[{"taxonomy":"product_brand","embeddable":true,"href":"https:\/\/rodrilab.com\/fr\/wp-json\/wp\/v2\/product_brand?post=24287"},{"taxonomy":"product_cat","embeddable":true,"href":"https:\/\/rodrilab.com\/fr\/wp-json\/wp\/v2\/product_cat?post=24287"},{"taxonomy":"product_tag","embeddable":true,"href":"https:\/\/rodrilab.com\/fr\/wp-json\/wp\/v2\/product_tag?post=24287"}],"curies":[{"name":"wp","href":"https:\/\/api.w.org\/{rel}","templated":true}]}}