{"id":24264,"date":"2025-10-09T14:18:05","date_gmt":"2025-10-09T14:18:05","guid":{"rendered":"https:\/\/rodrilab.com\/?post_type=product&#038;p=24264"},"modified":"2025-11-29T11:44:24","modified_gmt":"2025-11-29T11:44:24","slug":"christmas-studio-book","status":"publish","type":"product","link":"https:\/\/rodrilab.com\/fr\/produit\/christmas-studio-book\/","title":{"rendered":"Christmas Studio Book"},"content":{"rendered":"<p data-start=\"89\" data-end=\"116\">O Christmas Studio Book \u00e9 pensado para eternizar a magia do Natal e os momentos em fam\u00edlia que tornam esta \u00e9poca t\u00e3o especial.<\/p>\n<p data-start=\"89\" data-end=\"116\">Dispon\u00edvel em dois formatos\u00a0 20&#215;20 cm e 25&#215;25 cm , oferece entre 5 e 8 folhas (10 a 16 p\u00e1ginas), proporcionando o espa\u00e7o ideal para reunir recorda\u00e7\u00f5es cheias de emo\u00e7\u00e3o e encanto.<\/p>\n<p data-start=\"89\" data-end=\"116\">Encontra uma vasta gama de revestimentos e grava\u00e7\u00f5es inspiradas no tema de Natal, que permitem personalizar cada detalhe com eleg\u00e2ncia e originalidade.<\/p>\n<p data-start=\"89\" data-end=\"116\">Elegante e duradouro, transforma cada mem\u00f3ria natal\u00edcia numa verdadeira obra de arte, feita para ser partilhada e revivida ano ap\u00f3s ano.<\/p>","protected":false},"excerpt":{"rendered":"<p>O Christmas Studio Book \u00e9 pensado para eternizar a magia do Natal e os momentos em fam\u00edlia que tornam esta<\/p>","protected":false},"featured_media":23169,"comment_status":"closed","ping_status":"closed","template":"","meta":{"rs_blank_template":"","rs_page_bg_color":"","slide_template_v7":"","inline_featured_image":false},"product_brand":[],"product_cat":[2947],"product_tag":[],"class_list":{"0":"post-24264","1":"product","2":"type-product","3":"status-publish","4":"has-post-thumbnail","6":"product_cat-natal","8":"first","9":"instock","10":"taxable","11":"shipping-taxable","12":"product-type-variable"},"_links":{"self":[{"href":"https:\/\/rodrilab.com\/fr\/wp-json\/wp\/v2\/product\/24264","targetHints":{"allow":["GET"]}}],"collection":[{"href":"https:\/\/rodrilab.com\/fr\/wp-json\/wp\/v2\/product"}],"about":[{"href":"https:\/\/rodrilab.com\/fr\/wp-json\/wp\/v2\/types\/product"}],"replies":[{"embeddable":true,"href":"https:\/\/rodrilab.com\/fr\/wp-json\/wp\/v2\/comments?post=24264"}],"wp:featuredmedia":[{"embeddable":true,"href":"https:\/\/rodrilab.com\/fr\/wp-json\/wp\/v2\/media\/23169"}],"wp:attachment":[{"href":"https:\/\/rodrilab.com\/fr\/wp-json\/wp\/v2\/media?parent=24264"}],"wp:term":[{"taxonomy":"product_brand","embeddable":true,"href":"https:\/\/rodrilab.com\/fr\/wp-json\/wp\/v2\/product_brand?post=24264"},{"taxonomy":"product_cat","embeddable":true,"href":"https:\/\/rodrilab.com\/fr\/wp-json\/wp\/v2\/product_cat?post=24264"},{"taxonomy":"product_tag","embeddable":true,"href":"https:\/\/rodrilab.com\/fr\/wp-json\/wp\/v2\/product_tag?post=24264"}],"curies":[{"name":"wp","href":"https:\/\/api.w.org\/{rel}","templated":true}]}}