{"id":23789,"date":"2025-09-10T11:26:06","date_gmt":"2025-09-10T11:26:06","guid":{"rendered":"https:\/\/rodrilab.com\/?post_type=product&#038;p=23789"},"modified":"2025-11-13T08:24:40","modified_gmt":"2025-11-13T08:24:40","slug":"box-photo","status":"publish","type":"product","link":"https:\/\/rodrilab.com\/fr\/produit\/box-photo\/","title":{"rendered":"Box Photo"},"content":{"rendered":"<p data-start=\"80\" data-end=\"230\"><strong data-start=\"80\" data-end=\"93\">Box Photo<\/strong><br data-start=\"93\" data-end=\"96\" \/>Com um toque de estilo e sofistica\u00e7\u00e3o, a Box Photo protege o seu book ou \u00e1lbum de forma distinta, garantindo-lhe maior durabilidade.<\/p>\n<p data-start=\"232\" data-end=\"403\">Produzida com um aro de madeira de 3 e 4 cm, dispon\u00edvel em v\u00e1rias cores, esta box alia robustez e eleg\u00e2ncia, sendo ideal para <strong data-start=\"354\" data-end=\"400\">books ou \u00e1lbuns at\u00e9 30 folhas (60 p\u00e1ginas)<\/strong>.<\/p>\n<p data-start=\"405\" data-end=\"637\">A personaliza\u00e7\u00e3o possibilita combina\u00e7\u00f5es exclusivas, transformando cada pe\u00e7a numa cria\u00e7\u00e3o \u00fanica e irrepet\u00edvel, com a possibilidade de utilizar a sua melhor fotografia na capa da box, tornando-a ainda mais especial e personalizada.<\/p>","protected":false},"excerpt":{"rendered":"<p>Box PhotoCom um toque de estilo e sofistica\u00e7\u00e3o, a Box Photo protege o seu book ou \u00e1lbum de forma distinta,<\/p>","protected":false},"featured_media":22911,"comment_status":"closed","ping_status":"closed","template":"","meta":{"rs_blank_template":"","rs_page_bg_color":"","slide_template_v7":"","inline_featured_image":false},"product_brand":[],"product_cat":[81],"product_tag":[],"class_list":{"0":"post-23789","1":"product","2":"type-product","3":"status-publish","4":"has-post-thumbnail","6":"product_cat-embalagens","8":"first","9":"instock","10":"taxable","11":"shipping-taxable","12":"product-type-variable"},"_links":{"self":[{"href":"https:\/\/rodrilab.com\/fr\/wp-json\/wp\/v2\/product\/23789","targetHints":{"allow":["GET"]}}],"collection":[{"href":"https:\/\/rodrilab.com\/fr\/wp-json\/wp\/v2\/product"}],"about":[{"href":"https:\/\/rodrilab.com\/fr\/wp-json\/wp\/v2\/types\/product"}],"replies":[{"embeddable":true,"href":"https:\/\/rodrilab.com\/fr\/wp-json\/wp\/v2\/comments?post=23789"}],"wp:featuredmedia":[{"embeddable":true,"href":"https:\/\/rodrilab.com\/fr\/wp-json\/wp\/v2\/media\/22911"}],"wp:attachment":[{"href":"https:\/\/rodrilab.com\/fr\/wp-json\/wp\/v2\/media?parent=23789"}],"wp:term":[{"taxonomy":"product_brand","embeddable":true,"href":"https:\/\/rodrilab.com\/fr\/wp-json\/wp\/v2\/product_brand?post=23789"},{"taxonomy":"product_cat","embeddable":true,"href":"https:\/\/rodrilab.com\/fr\/wp-json\/wp\/v2\/product_cat?post=23789"},{"taxonomy":"product_tag","embeddable":true,"href":"https:\/\/rodrilab.com\/fr\/wp-json\/wp\/v2\/product_tag?post=23789"}],"curies":[{"name":"wp","href":"https:\/\/api.w.org\/{rel}","templated":true}]}}