{"id":22738,"date":"2025-08-28T17:04:42","date_gmt":"2025-08-28T17:04:42","guid":{"rendered":"https:\/\/rodrilab.com\/?post_type=product&#038;p=22738"},"modified":"2025-11-13T08:44:31","modified_gmt":"2025-11-13T08:44:31","slug":"wood-nuvem","status":"publish","type":"product","link":"https:\/\/rodrilab.com\/fr\/produit\/wood-nuvem\/","title":{"rendered":"Wood Nuvem"},"content":{"rendered":"<p>O <strong data-start=\"94\" data-end=\"114\">Wood Nuvem<\/strong> \u00e9 uma pe\u00e7a decorativa em madeira, com uma fotografia contracolada na superf\u00edcie, recortada a laser em forma de nuvem.<\/p>\n<p>O corte preciso valoriza tanto a imagem como o formato, resultando numa pe\u00e7a delicada e original.<\/p>\n<p>\u00c9 uma op\u00e7\u00e3o perfeita para servir como lembran\u00e7a personalizada ou convite criativo em ocasi\u00f5es especiais, tornando cada momento ainda mais \u00fanico e memor\u00e1vel.<\/p>","protected":false},"excerpt":{"rendered":"<p>O Wood Nuvem \u00e9 uma pe\u00e7a decorativa em madeira, com uma fotografia contracolada na superf\u00edcie, recortada a laser em forma<\/p>","protected":false},"featured_media":16444,"comment_status":"closed","ping_status":"closed","template":"","meta":{"rs_blank_template":"","rs_page_bg_color":"","slide_template_v7":"","inline_featured_image":false},"product_brand":[],"product_cat":[3081],"product_tag":[],"class_list":{"0":"post-22738","1":"product","2":"type-product","3":"status-publish","4":"has-post-thumbnail","6":"product_cat-lembrancas-acessorios","8":"first","9":"instock","10":"taxable","11":"shipping-taxable","12":"product-type-variable"},"_links":{"self":[{"href":"https:\/\/rodrilab.com\/fr\/wp-json\/wp\/v2\/product\/22738","targetHints":{"allow":["GET"]}}],"collection":[{"href":"https:\/\/rodrilab.com\/fr\/wp-json\/wp\/v2\/product"}],"about":[{"href":"https:\/\/rodrilab.com\/fr\/wp-json\/wp\/v2\/types\/product"}],"replies":[{"embeddable":true,"href":"https:\/\/rodrilab.com\/fr\/wp-json\/wp\/v2\/comments?post=22738"}],"wp:featuredmedia":[{"embeddable":true,"href":"https:\/\/rodrilab.com\/fr\/wp-json\/wp\/v2\/media\/16444"}],"wp:attachment":[{"href":"https:\/\/rodrilab.com\/fr\/wp-json\/wp\/v2\/media?parent=22738"}],"wp:term":[{"taxonomy":"product_brand","embeddable":true,"href":"https:\/\/rodrilab.com\/fr\/wp-json\/wp\/v2\/product_brand?post=22738"},{"taxonomy":"product_cat","embeddable":true,"href":"https:\/\/rodrilab.com\/fr\/wp-json\/wp\/v2\/product_cat?post=22738"},{"taxonomy":"product_tag","embeddable":true,"href":"https:\/\/rodrilab.com\/fr\/wp-json\/wp\/v2\/product_tag?post=22738"}],"curies":[{"name":"wp","href":"https:\/\/api.w.org\/{rel}","templated":true}]}}