{"id":22530,"date":"2025-08-26T21:55:43","date_gmt":"2025-08-26T21:55:43","guid":{"rendered":"https:\/\/rodrilab.com\/?post_type=product&#038;p=22530"},"modified":"2025-11-13T08:50:00","modified_gmt":"2025-11-13T08:50:00","slug":"box-basic","status":"publish","type":"product","link":"https:\/\/rodrilab.com\/fr\/produit\/box-basic\/","title":{"rendered":"Box Basic"},"content":{"rendered":"<p>A Box Basic \u00e9 a escolha ideal para quem deseja dar uma nova dimens\u00e3o \u00e0 sua fotografia favorita. Com um design elegante e totalmente personaliz\u00e1vel, permite que a imagem selecionada cubra toda a superf\u00edcie da box, criando um impacto visual distinto e exclusivo.<\/p>\n<p>Equipada com uma fita de cetim que facilita a remo\u00e7\u00e3o segura do \u00e1lbum e com a resist\u00eancia dos aros de madeira que garantem a sua prote\u00e7\u00e3o, a Box Basic alia sofistica\u00e7\u00e3o e funcionalidade.<\/p>\n<p>Pensada para quem valoriza o detalhe e a personaliza\u00e7\u00e3o, esta \u00e9 a op\u00e7\u00e3o perfeita para clientes que querem ver-se refletidos na embalagem do seu \u00e1lbum de mem\u00f3rias, tornando cada momento ainda mais especial.<\/p>","protected":false},"excerpt":{"rendered":"<p>A Box Basic \u00e9 a escolha ideal para quem deseja dar uma nova dimens\u00e3o \u00e0 sua fotografia favorita. Com um<\/p>","protected":false},"featured_media":19376,"comment_status":"closed","ping_status":"closed","template":"","meta":{"rs_blank_template":"","rs_page_bg_color":"","slide_template_v7":"","inline_featured_image":false},"product_brand":[],"product_cat":[81],"product_tag":[],"class_list":{"0":"post-22530","1":"product","2":"type-product","3":"status-publish","4":"has-post-thumbnail","6":"product_cat-embalagens","8":"first","9":"instock","10":"taxable","11":"shipping-taxable","12":"product-type-variable"},"_links":{"self":[{"href":"https:\/\/rodrilab.com\/fr\/wp-json\/wp\/v2\/product\/22530","targetHints":{"allow":["GET"]}}],"collection":[{"href":"https:\/\/rodrilab.com\/fr\/wp-json\/wp\/v2\/product"}],"about":[{"href":"https:\/\/rodrilab.com\/fr\/wp-json\/wp\/v2\/types\/product"}],"replies":[{"embeddable":true,"href":"https:\/\/rodrilab.com\/fr\/wp-json\/wp\/v2\/comments?post=22530"}],"wp:featuredmedia":[{"embeddable":true,"href":"https:\/\/rodrilab.com\/fr\/wp-json\/wp\/v2\/media\/19376"}],"wp:attachment":[{"href":"https:\/\/rodrilab.com\/fr\/wp-json\/wp\/v2\/media?parent=22530"}],"wp:term":[{"taxonomy":"product_brand","embeddable":true,"href":"https:\/\/rodrilab.com\/fr\/wp-json\/wp\/v2\/product_brand?post=22530"},{"taxonomy":"product_cat","embeddable":true,"href":"https:\/\/rodrilab.com\/fr\/wp-json\/wp\/v2\/product_cat?post=22530"},{"taxonomy":"product_tag","embeddable":true,"href":"https:\/\/rodrilab.com\/fr\/wp-json\/wp\/v2\/product_tag?post=22530"}],"curies":[{"name":"wp","href":"https:\/\/api.w.org\/{rel}","templated":true}]}}