{"id":22505,"date":"2025-08-26T13:01:19","date_gmt":"2025-08-26T13:01:19","guid":{"rendered":"https:\/\/rodrilab.com\/?post_type=product&#038;p=22505"},"modified":"2025-11-13T08:50:56","modified_gmt":"2025-11-13T08:50:56","slug":"kristal-view","status":"publish","type":"product","link":"https:\/\/rodrilab.com\/fr\/produit\/kristal-view\/","title":{"rendered":"Kristal View"},"content":{"rendered":"<p data-start=\"258\" data-end=\"282\">Kristal Collection<\/p>\n<p data-start=\"283\" data-end=\"595\">A <strong data-start=\"285\" data-end=\"307\">Kristal Collection<\/strong> \u00e9 um \u00e1lbum de pe\u00e7a \u00fanica, com <strong data-start=\"338\" data-end=\"358\">lombada quadrada<\/strong> e uma ampla sele\u00e7\u00e3o de revestimentos \u00e0 escolha.<\/p>\n<p data-start=\"283\" data-end=\"595\">O grande destaque est\u00e1 na capa, que combina o revestimento escolhido com um acabamento sofisticado em <strong data-start=\"515\" data-end=\"544\">fotografia sobre acr\u00edlico<\/strong>, criando um efeito moderno, elegante e marcante.<\/p>\n<p data-start=\"597\" data-end=\"696\">\u00c9 a op\u00e7\u00e3o perfeita para quem deseja eternizar as suas mem\u00f3rias com <strong data-start=\"664\" data-end=\"693\">requinte e impacto visual<\/strong>.<\/p>","protected":false},"excerpt":{"rendered":"<p>Kristal Collection A Kristal Collection \u00e9 um \u00e1lbum de pe\u00e7a \u00fanica, com lombada quadrada e uma ampla sele\u00e7\u00e3o de revestimentos<\/p>","protected":false},"featured_media":22539,"comment_status":"closed","ping_status":"closed","template":"","meta":{"rs_blank_template":"","rs_page_bg_color":"","slide_template_v7":"","inline_featured_image":false},"product_brand":[],"product_cat":[3077],"product_tag":[],"class_list":{"0":"post-22505","1":"product","2":"type-product","3":"status-publish","4":"has-post-thumbnail","6":"product_cat-albuns","8":"first","9":"instock","10":"taxable","11":"shipping-taxable","12":"product-type-variable"},"_links":{"self":[{"href":"https:\/\/rodrilab.com\/fr\/wp-json\/wp\/v2\/product\/22505","targetHints":{"allow":["GET"]}}],"collection":[{"href":"https:\/\/rodrilab.com\/fr\/wp-json\/wp\/v2\/product"}],"about":[{"href":"https:\/\/rodrilab.com\/fr\/wp-json\/wp\/v2\/types\/product"}],"replies":[{"embeddable":true,"href":"https:\/\/rodrilab.com\/fr\/wp-json\/wp\/v2\/comments?post=22505"}],"wp:featuredmedia":[{"embeddable":true,"href":"https:\/\/rodrilab.com\/fr\/wp-json\/wp\/v2\/media\/22539"}],"wp:attachment":[{"href":"https:\/\/rodrilab.com\/fr\/wp-json\/wp\/v2\/media?parent=22505"}],"wp:term":[{"taxonomy":"product_brand","embeddable":true,"href":"https:\/\/rodrilab.com\/fr\/wp-json\/wp\/v2\/product_brand?post=22505"},{"taxonomy":"product_cat","embeddable":true,"href":"https:\/\/rodrilab.com\/fr\/wp-json\/wp\/v2\/product_cat?post=22505"},{"taxonomy":"product_tag","embeddable":true,"href":"https:\/\/rodrilab.com\/fr\/wp-json\/wp\/v2\/product_tag?post=22505"}],"curies":[{"name":"wp","href":"https:\/\/api.w.org\/{rel}","templated":true}]}}