{"id":20501,"date":"2025-06-27T01:47:37","date_gmt":"2025-06-27T01:47:37","guid":{"rendered":"https:\/\/rodrilab.com\/?post_type=product&#038;p=20501"},"modified":"2025-11-13T11:07:03","modified_gmt":"2025-11-13T11:07:03","slug":"box-rodri-clear","status":"publish","type":"product","link":"https:\/\/rodrilab.com\/fr\/produit\/box-rodri-clear\/","title":{"rendered":"Box Rodri Clear"},"content":{"rendered":"<p data-start=\"96\" data-end=\"147\"><strong data-start=\"96\" data-end=\"147\">Eleg\u00e2ncia e Funcionalidade em Perfeita Harmonia<\/strong><\/p>\n<p data-start=\"149\" data-end=\"437\">A <strong data-start=\"151\" data-end=\"170\">Box Rodri Clear<\/strong> combina o charme r\u00fastico da madeira com a sofistica\u00e7\u00e3o e transpar\u00eancia do acr\u00edlico, destacando a beleza do seu conte\u00fado com estilo e exclusividade. Dispon\u00edvel nas cores <strong data-start=\"340\" data-end=\"384\">Nature, Pinho, Nogal, Teka, Brown, Black<\/strong> et <strong data-start=\"387\" data-end=\"396\">White<\/strong>, adapta-se a qualquer ambiente e estilo.<\/p>\n<p data-start=\"439\" data-end=\"543\">O seu design \u00fanico \u00e9 ideal para fins decorativos, trazendo um toque natural e moderno a qualquer espa\u00e7o.<\/p>\n<p data-start=\"545\" data-end=\"691\">Com uma tampa remov\u00edvel que se divide em duas estruturas sim\u00e9tricas, oferece um encaixe perfeito para o \u00e1lbum, garantindo praticidade e seguran\u00e7a.<\/p>\n<p data-start=\"693\" data-end=\"894\">Choisissez la Wood Planita Box et apportez la beaut\u00e9 de l'artisanat \u00e0 vos moments les plus pr\u00e9cieux. <strong data-start=\"703\" data-end=\"722\">Box Rodri Clear<\/strong> para valorizar os seus momentos especiais, mantendo o aconchego do visual r\u00fastico aliado \u00e0 modernidade do acr\u00edlico.<\/p>","protected":false},"excerpt":{"rendered":"<p>Eleg\u00e2ncia e Funcionalidade em Perfeita Harmonia A Box Rodri Clear combina o charme r\u00fastico da madeira com a sofistica\u00e7\u00e3o e<\/p>","protected":false},"featured_media":17933,"comment_status":"closed","ping_status":"closed","template":"","meta":{"rs_blank_template":"","rs_page_bg_color":"","slide_template_v7":"","inline_featured_image":false},"product_brand":[],"product_cat":[81],"product_tag":[],"class_list":{"0":"post-20501","1":"product","2":"type-product","3":"status-publish","4":"has-post-thumbnail","6":"product_cat-embalagens","8":"first","9":"instock","10":"taxable","11":"shipping-taxable","12":"product-type-variable"},"_links":{"self":[{"href":"https:\/\/rodrilab.com\/fr\/wp-json\/wp\/v2\/product\/20501","targetHints":{"allow":["GET"]}}],"collection":[{"href":"https:\/\/rodrilab.com\/fr\/wp-json\/wp\/v2\/product"}],"about":[{"href":"https:\/\/rodrilab.com\/fr\/wp-json\/wp\/v2\/types\/product"}],"replies":[{"embeddable":true,"href":"https:\/\/rodrilab.com\/fr\/wp-json\/wp\/v2\/comments?post=20501"}],"wp:featuredmedia":[{"embeddable":true,"href":"https:\/\/rodrilab.com\/fr\/wp-json\/wp\/v2\/media\/17933"}],"wp:attachment":[{"href":"https:\/\/rodrilab.com\/fr\/wp-json\/wp\/v2\/media?parent=20501"}],"wp:term":[{"taxonomy":"product_brand","embeddable":true,"href":"https:\/\/rodrilab.com\/fr\/wp-json\/wp\/v2\/product_brand?post=20501"},{"taxonomy":"product_cat","embeddable":true,"href":"https:\/\/rodrilab.com\/fr\/wp-json\/wp\/v2\/product_cat?post=20501"},{"taxonomy":"product_tag","embeddable":true,"href":"https:\/\/rodrilab.com\/fr\/wp-json\/wp\/v2\/product_tag?post=20501"}],"curies":[{"name":"wp","href":"https:\/\/api.w.org\/{rel}","templated":true}]}}