{"id":20451,"date":"2025-06-27T01:21:57","date_gmt":"2025-06-27T01:21:57","guid":{"rendered":"https:\/\/rodrilab.com\/?post_type=product&#038;p=20451"},"modified":"2025-11-13T11:14:16","modified_gmt":"2025-11-13T11:14:16","slug":"express-print","status":"publish","type":"product","link":"https:\/\/rodrilab.com\/fr\/produit\/express-print\/","title":{"rendered":"Express Print"},"content":{"rendered":"<p><strong>Impressions de haute qualit\u00e9 \u00e0 des prix comp\u00e9titifs<\/strong><\/p>\n<p>Oferecemos impress\u00f5es premium com a m\u00e1xima qualidade e a pre\u00e7os acess\u00edveis. Submeta as suas imagens, escolhendo o formato e a quantidade desejada para cada ficheiro. As encomendas finalizadas at\u00e9 \u00e0s 11h s\u00e3o processadas e enviadas no mesmo dia, garantindo a entrega no dia \u00fatil seguinte.<\/p>\n<p>Nos Express Print sont r\u00e9alis\u00e9s sur du papier photo de qualit\u00e9 sup\u00e9rieure Fujifilm DP II Professional, avec des finitions Silk ou Lustre, garantissant des r\u00e9sultats exceptionnels. Pour assurer une reproduction fid\u00e8le des couleurs et des d\u00e9tails, les images doivent \u00eatre en 300 DPI et configur\u00e9es avec le profil colorim\u00e9trique sRGB IEC61966-2.1.\u00a0<strong>Express Print<\/strong>\u00a0s\u00e3o produzidos em papel\u00a0<strong>fotogr\u00e1fico de excel\u00eancia Fujifilm DP II Profissional<\/strong>, com acabamentos Silk ou Lustre, assegurando resultados excepcionais. Para garantir uma reprodu\u00e7\u00e3o fiel das cores e detalhes, as imagens devem estar em\u00a0<strong>300 DPI<\/strong>\u00a0e configuradas no perfil de cor\u00a0<strong>sRGB IEC61966-2.1<\/strong>.<\/p>\n<p><strong>Option de bordure blanche\nNous proposons la possibilit\u00e9 d\u2019ajouter des bordures blanches \u00e0 vos tirages, disponibles avec une \u00e9paisseur de 0,4 mm.<\/strong><br \/>\nOferecemos a possibilidade de adicionar margens brancas \u00e0s suas impress\u00f5es, dispon\u00edveis em espessuras de\u00a0<strong>0,4 mm.<\/strong><\/p>\n<p><strong>D\u00e9lais de production<\/strong><\/p>\n<p><strong>Express Print : 24 heures\nLes commandes pass\u00e9es avant 12h (heure du Portugal) seront trait\u00e9es et exp\u00e9di\u00e9es le jour m\u00eame. Pour des raisons logistiques, les Express Prints ne peuvent pas \u00eatre regroup\u00e9s ni exp\u00e9di\u00e9s avec des albums ou d'autres produits Rodrilab.<\/strong>\u00a024 horas<br \/>\nAs encomendas realizadas at\u00e9 \u00e0s\u00a0<strong>11h (hor\u00e1rio de Portugal)<\/strong>\u00a0ser\u00e3o processadas e enviadas no mesmo dia. Por quest\u00f5es log\u00edsticas, os\u00a0<strong>Express Prints<\/strong>\u00a0n\u00e3o podem ser agrupados ou enviados juntamente com \u00c1lbuns ou outros produtos da\u00a0<strong>Rodrilab<\/strong>.<\/p>","protected":false},"excerpt":{"rendered":"<h5><strong>Impressions de haute qualit\u00e9 \u00e0 des prix comp\u00e9titifs<\/strong><\/h5>","protected":false},"featured_media":18819,"comment_status":"closed","ping_status":"closed","template":"","meta":{"rs_blank_template":"","rs_page_bg_color":"","slide_template_v7":"","inline_featured_image":false},"product_brand":[],"product_cat":[3080],"product_tag":[],"class_list":{"0":"post-20451","1":"product","2":"type-product","3":"status-publish","4":"has-post-thumbnail","6":"product_cat-impressoes","8":"first","9":"instock","10":"taxable","11":"shipping-taxable","12":"product-type-variable"},"_links":{"self":[{"href":"https:\/\/rodrilab.com\/fr\/wp-json\/wp\/v2\/product\/20451","targetHints":{"allow":["GET"]}}],"collection":[{"href":"https:\/\/rodrilab.com\/fr\/wp-json\/wp\/v2\/product"}],"about":[{"href":"https:\/\/rodrilab.com\/fr\/wp-json\/wp\/v2\/types\/product"}],"replies":[{"embeddable":true,"href":"https:\/\/rodrilab.com\/fr\/wp-json\/wp\/v2\/comments?post=20451"}],"wp:featuredmedia":[{"embeddable":true,"href":"https:\/\/rodrilab.com\/fr\/wp-json\/wp\/v2\/media\/18819"}],"wp:attachment":[{"href":"https:\/\/rodrilab.com\/fr\/wp-json\/wp\/v2\/media?parent=20451"}],"wp:term":[{"taxonomy":"product_brand","embeddable":true,"href":"https:\/\/rodrilab.com\/fr\/wp-json\/wp\/v2\/product_brand?post=20451"},{"taxonomy":"product_cat","embeddable":true,"href":"https:\/\/rodrilab.com\/fr\/wp-json\/wp\/v2\/product_cat?post=20451"},{"taxonomy":"product_tag","embeddable":true,"href":"https:\/\/rodrilab.com\/fr\/wp-json\/wp\/v2\/product_tag?post=20451"}],"curies":[{"name":"wp","href":"https:\/\/api.w.org\/{rel}","templated":true}]}}