{"id":83,"date":"2018-01-12T17:21:52","date_gmt":"2018-01-12T17:21:52","guid":{"rendered":"https:\/\/rodrilab.com\/?page_id=83"},"modified":"2024-12-25T17:09:53","modified_gmt":"2024-12-25T17:09:53","slug":"politica-privacidade","status":"publish","type":"page","link":"https:\/\/rodrilab.com\/fr\/politica-privacidade\/","title":{"rendered":"Politique de Confidentialit\u00e9"},"content":{"rendered":"<div class=\"wpb-content-wrapper\"><div class=\"vc_row wpb_row vc_row-fluid\"><div class=\"wpb_column vc_column_container vc_col-sm-12\"><div class=\"vc_column-inner\"><div class=\"wpb_wrapper\">\n\t<div class=\"wpb_text_column wpb_content_element\" >\n\t\t<div class=\"wpb_wrapper\">\n\t\t\t<p><strong>RODRILAB se consacre \u00e0 fourniture de produits et services photographiques aux entreprises du secteur de la photographie et aux photographes professionnels.<\/strong><\/p>\n<p>L\u2019entreprise respecte la vie priv\u00e9e des visiteurs de son site internet, dont la page d\u2019accueil est accessible \u00e0 l\u2019adresse https:\/\/www.rodrilab.com.<br \/>\nCette Politique de Confidentialit\u00e9 a pour but de vous informer de nos politiques et pratiques concernant la collecte, l\u2019utilisation et la divulgation de toute information que vous nous communiquez via notre site internet.<\/p>\n<p>Cette politique d\u00e9crit bri\u00e8vement les informations que nous pourrions collecter, leurs utilisations possibles, ainsi que d\u2019autres sujets importants concernant la confidentialit\u00e9 et la protection des donn\u00e9es des utilisateurs.<\/p>\n<p>Toutes les informations relatives aux utilisateurs seront trait\u00e9es par RODRILAB conform\u00e9ment au R\u00e8glement (UE) 2016\/679 du 27 avril 2016 (R\u00e8glement g\u00e9n\u00e9ral sur la protection des donn\u00e9es \u2013 RGPD).<\/p>\n\n\t\t<\/div>\n\t<\/div>\n<\/div><\/div><\/div><\/div><div class=\"vc_row wpb_row vc_row-fluid wd-rs-676c2ef4cd9e0\"><div class=\"wpb_column vc_column_container vc_col-sm-12\"><div class=\"vc_column-inner\"><div class=\"wpb_wrapper\"><div  class=\"vc_do_toggle vc_toggle vc_toggle_default vc_toggle_color_default vc_toggle_size_md\"><div class=\"vc_toggle_title\"><h4>Responsabilit\u00e9 du traitement des donn\u00e9es<\/h4><i class=\"vc_toggle_icon\"><\/i><\/div><div class=\"vc_toggle_content\"><p>RODRILAB, dont le si\u00e8ge est situ\u00e9 Rua da Escola, 147, 4750-492 GALEGOS S. MARTINHO, NIF 517 379 210, est l\u2019entit\u00e9 responsable du traitement de vos donn\u00e9es collect\u00e9es sur ses diff\u00e9rents sites internet ainsi que dans ses formulaires d\u2019inscription et de contact.<\/p>\n<\/div><\/div><div  class=\"vc_do_toggle vc_toggle vc_toggle_default vc_toggle_color_default vc_toggle_size_md\"><div class=\"vc_toggle_title\"><h4>Consentement d\u2019utilisation<\/h4><i class=\"vc_toggle_icon\"><\/i><\/div><div class=\"vc_toggle_content\"><p>En soumettant vos informations commerciales ou tout autre contenu via notre site, vous acceptez les termes de la pr\u00e9sente Politique de Confidentialit\u00e9 et consentez express\u00e9ment au traitement de vos informations conform\u00e9ment \u00e0 celle-ci.<\/p>\n<p>Nous ne collectons que les informations strictement n\u00e9cessaires \u00e0 la prestation d\u2019un service de qualit\u00e9. Cette collecte nous permet de mieux conna\u00eetre les utilisateurs de notre site, nos clients et prospects. Nous utilisons ces donn\u00e9es afin de fournir les services demand\u00e9s.<\/p>\n<p>Les donn\u00e9es fournies seront utilis\u00e9es exclusivement par Rodrilab pour la gestion et la production des commandes, les demandes de contact et les informations sur ses produits et services. Ces donn\u00e9es seront trait\u00e9es informatiquement et int\u00e9gr\u00e9es dans un fichier appartenant \u00e0 RODRILAB (Rua da Escola 147 \u2013 4750-492 Galegos S. Martinho).<\/p>\n<p>Le titulaire des donn\u00e9es dispose du droit d\u2019acc\u00e8s, de rectification, de modification ou de suppression de ses donn\u00e9es. La demande doit \u00eatre adress\u00e9e au responsable du traitement \u2013 RODRILAB, \u00e0 l\u2019adresse \u00e9lectronique suivante : geral@rodrilab.com. En g\u00e9n\u00e9ral, nous r\u00e9pondons aux demandes dans un d\u00e9lai de 28 jours apr\u00e8s leur soumission.<\/p>\n<\/div><\/div><div  class=\"vc_do_toggle vc_toggle vc_toggle_default vc_toggle_color_default vc_toggle_size_md\"><div class=\"vc_toggle_title\"><h4>Donn\u00e9es que nous collectons et finalit\u00e9s<\/h4><i class=\"vc_toggle_icon\"><\/i><\/div><div class=\"vc_toggle_content\"><p>Toutes les informations collect\u00e9es sont conformes au R\u00e8glement G\u00e9n\u00e9ral sur la Protection des Donn\u00e9es (RGPD).<\/p>\n<p>Nous conserverons vos informations aussi longtemps que n\u00e9cessaire pour vous fournir nos services et atteindre les objectifs d\u00e9crits dans cette politique. Il en va de m\u00eame pour toute personne ou entreprise avec laquelle nous partageons vos informations et qui fournit des services pour RODRILAB. Lorsque nous n\u2019aurons plus besoin d\u2019utiliser vos informations et qu\u2019il ne sera plus n\u00e9cessaire de les conserver pour des raisons l\u00e9gales ou r\u00e9glementaires, elles seront supprim\u00e9es de nos syst\u00e8mes ou rendues anonymes de mani\u00e8re \u00e0 ne plus pouvoir \u00eatre identifi\u00e9es.<\/p>\n<p>Lorsque vous vous inscrivez sur notre site, nous collectons vos informations commerciales telles que le nom de l\u2019entreprise, le nom de la personne de contact, l\u2019adresse, l\u2019adresse e-mail, le num\u00e9ro d\u2019identification fiscale, etc. Nous recueillons \u00e9galement des donn\u00e9es nous permettant de d\u00e9finir votre profil client, notamment le domaine de la photographie dans lequel vous travaillez (mariage, nouveau-n\u00e9, studio ou autres).<\/p>\n<p>Lorsque vous commandez des produits ou services sur le site, nous recueillons toutes les informations n\u00e9cessaires \u00e0 la r\u00e9alisation de la transaction, y compris les images, les donn\u00e9es de facturation, les coordonn\u00e9es et l\u2019adresse de livraison.<\/p>\n<p>Lorsque vous vous abonnez \u00e0 la newsletter de RODRILAB, nous collectons votre nom et votre adresse e-mail.<\/p>\n<p>Lorsque vous nous contactez pour laisser des commentaires, poser des questions ou nous envoyer des retours via les formulaires sur notre site, nous collectons votre nom, votre adresse e-mail ainsi que vos commentaires, questions ou remarques.<\/p>\n<p>Lorsque vous participez \u00e0 nos questionnaires, nous pouvons collecter des informations suppl\u00e9mentaires.<\/p>\n<p>Lorsque vous nous contactez par e-mail, nous collectons votre adresse e-mail, toute information contenue dans le message que vous nous avez envoy\u00e9 ainsi que toute pi\u00e8ce jointe \u00e0 cet e-mail.<\/p>\n<p>De mani\u00e8re g\u00e9n\u00e9rale, les informations que vous nous fournissez nous permettent de vous contacter, de r\u00e9pondre \u00e0 vos questions ou de nous aider \u00e0 offrir un service de qualit\u00e9 conforme \u00e0 vos attentes.<\/p>\n<p>Veuillez noter que le contenu que vous publiez sur nos plateformes peut contenir des informations personnelles de tiers (telles que des images, des adresses de livraison, des coordonn\u00e9es ou d\u2019autres informations).<\/p>\n<p>Veuillez noter que pour partager ce contenu avec nous (ou avec d'autres, via les fonctionnalit\u00e9s de nos logiciels telles que la cr\u00e9ation de preuves ou les fonctions d\u2019aper\u00e7u), vous devez avoir le consentement expr\u00e8s des personnes concern\u00e9es. En soumettant ces donn\u00e9es sur nos plateformes, vous nous garantissez que vous \u00eates autoris\u00e9 \u00e0 le faire.<\/p>\n<p>Le contenu des donn\u00e9es soumises, essentiel \u00e0 la production et \u00e0 la livraison des commandes et pouvant contenir des informations personnelles relatives \u00e0 des tiers, est collect\u00e9 et trait\u00e9 par RODRILAB dans le seul but de traiter vos commandes, et est conserv\u00e9 pendant une p\u00e9riode maximale d\u2019un an.<\/p>\n<p>Abonnement \u00e0 la newsletter :<\/p>\n<p>RODRILAB peut envoyer des communications \u00e0 des fins de marketing direct, notamment par l\u2019utilisation de syst\u00e8mes automatis\u00e9s d\u2019appel et de communication ne n\u00e9cessitant pas d\u2019intervention humaine (appareils d\u2019appel automatique), de t\u00e9l\u00e9copieurs ou de courrier \u00e9lectronique, y compris SMS (services de messages courts), EMS (services de messages am\u00e9lior\u00e9s), MMS (services de messages multim\u00e9dias) et autres types d\u2019applications similaires.<\/p>\n<p>En faisant partie de notre base de donn\u00e9es, vous pourrez recevoir des newsletters contenant des informations relatives \u00e0 RODRILAB, vous informant sur des offres promotionnelles, des contenus publicitaires, des enqu\u00eates, des \u00e9v\u00e9nements sponsoris\u00e9s ou encore des annonces de modifications et mises \u00e0 jour de nos produits et services.<\/p>\n<p>La newsletter de RODRILAB est envoy\u00e9e par e-mail. En vous abonnant \u00e0 la newsletter sur le site de RODRILAB ou ailleurs, vous acceptez la collecte de votre nom et de votre adresse e-mail \u00e0 cette fin. Pour nous assurer que l\u2019abonnement a bien \u00e9t\u00e9 effectu\u00e9 par vous, nous vous enverrons un e-mail apr\u00e8s l\u2019inscription pour vous demander de confirmer votre autorisation pour la collecte et le stockage de vos donn\u00e9es personnelles \u00e0 cette fin.<\/p>\n<p>Les newsletters de RODRILAB contiennent des pixels de suivi. Ces pixels sont des codes int\u00e9gr\u00e9s dans l\u2019e-mail dont l\u2019objectif est de g\u00e9n\u00e9rer les donn\u00e9es statistiques dont nous avons besoin pour \u00e9valuer le succ\u00e8s de l\u2019envoi. Gr\u00e2ce \u00e0 ces donn\u00e9es, nous pouvons savoir si l\u2019e-mail a \u00e9t\u00e9 ouvert et quels liens ont \u00e9t\u00e9 cliqu\u00e9s.<\/p>\n<p>Pour vous envoyer les contenus les plus adapt\u00e9s ou les plus pertinents pour votre secteur d\u2019activit\u00e9, nous pouvons collecter des donn\u00e9es qui nous aident \u00e0 d\u00e9finir votre profil client (par exemple, en tant que photographe de mariage, nouveau-n\u00e9, etc.).<\/p>\n<p>L\u2019abonnement \u00e0 la newsletter peut \u00eatre annul\u00e9 \u00e0 tout moment en cliquant sur le lien situ\u00e9 en bas de l\u2019e-mail. Si vous le faites, vos donn\u00e9es ne seront plus trait\u00e9es \u00e0 cette fin. Dans le pied de page de l\u2019e-mail, vous trouverez \u00e9galement un autre lien permettant de modifier ou de mettre \u00e0 jour vos informations.<\/p>\n<p>Les donn\u00e9es que vous nous fournissez seront conserv\u00e9es dans une base de donn\u00e9es d\u2019abonn\u00e9s chiffr\u00e9e jusqu\u2019\u00e0 ce que vous en demandiez la suppression.<\/p>\n<p>Formulaire de Contact :<\/p>\n<p>Pour envoyer des messages via le formulaire de contact disponible sur la page \u00ab\u202fContact\u202f\u00bb du site rodrilab.com, vous devez obligatoirement indiquer votre nom et votre adresse e-mail. Ces donn\u00e9es seront utilis\u00e9es uniquement pour g\u00e9rer votre demande de contact et ne seront pas trait\u00e9es \u00e0 d\u2019autres fins une fois le processus initial termin\u00e9.<\/p>\n<p>Concernant les enfants :<\/p>\n<p>Nous ne collectons pas intentionnellement d\u2019informations personnelles concernant les visiteurs de moins de 18 ans.<\/p>\n<p>Autres sites web :<\/p>\n<p>Tout lien que vous pouvez trouver sur notre site Web renvoyant \u00e0 un autre site ou emplacement est uniquement pour votre commodit\u00e9 et n\u2019implique pas notre approbation de ce site ou de son contenu. Veuillez noter que les conditions de notre politique de confidentialit\u00e9 ne s\u2019appliquent pas \u00e0 ces autres sites.<\/p>\n<\/div><\/div><div  class=\"vc_do_toggle vc_toggle vc_toggle_default vc_toggle_color_default vc_toggle_size_md\"><div class=\"vc_toggle_title\"><h4>Dur\u00e9e de conservation de vos donn\u00e9es.<\/h4><i class=\"vc_toggle_icon\"><\/i><\/div><div class=\"vc_toggle_content\"><p>Nous conservons vos informations commerciales aussi longtemps que n\u00e9cessaire pour fournir les services que vous avez demand\u00e9s ou pour d\u2019autres fins essentielles telles que le respect des obligations l\u00e9gales, la r\u00e9solution des litiges et l\u2019application de nos politiques.<\/p>\n<\/div><\/div><div  class=\"vc_do_toggle vc_toggle vc_toggle_default vc_toggle_color_default vc_toggle_size_md\"><div class=\"vc_toggle_title\"><h4>Divulgation des informations commerciales et personnelles<\/h4><i class=\"vc_toggle_icon\"><\/i><\/div><div class=\"vc_toggle_content\"><p>Sauf disposition contraire dans la pr\u00e9sente politique de confidentialit\u00e9, Rodrilab ne vend pas, ne loue pas et ne partage pas vos informations avec des tiers et ne divulguera aucune information que vous nous transmettez sauf si vous en faites la demande.<\/p>\n<p>Nous pouvons partager vos informations commerciales ou d\u2019autres donn\u00e9es que vous nous fournissez avec des tiers afin de pouvoir vous fournir les produits et services demand\u00e9s via le site web, comme par exemple les entreprises charg\u00e9es du transport de vos commandes.<\/p>\n<p>Si Rodrilab est acquis par une autre entreprise, celle-ci disposera des informations que nous avons collect\u00e9es et respectera les droits et obligations d\u00e9crits dans cette politique de confidentialit\u00e9.<\/p>\n<\/div><\/div><div  class=\"vc_do_toggle vc_toggle vc_toggle_default vc_toggle_color_default vc_toggle_size_md\"><div class=\"vc_toggle_title\"><h4>Droit d\u2019acc\u00e8s et de retrait du consentement.<\/h4><i class=\"vc_toggle_icon\"><\/i><\/div><div class=\"vc_toggle_content\"><p>En tant que personne concern\u00e9e, vous avez le droit de savoir si RODRILAB traite des donn\u00e9es vous concernant et, le cas \u00e9ch\u00e9ant, vous avez le droit d\u2019acc\u00e9der, de mettre \u00e0 jour, de corriger des donn\u00e9es inexactes ou de demander leur suppression.<\/p>\n<p>Vous pouvez exercer ces droits en adressant une communication \u00e9crite \u00e0 RODRILAB, Rua da Escola, 147, 4750-492 Galegos S. Martinho, ou par e-mail \u00e0 geral@rodrilab.com.<\/p>\n<p>Dans toutes les newsletters de RODRILAB, vous pouvez \u00e9galement modifier directement vos donn\u00e9es ou annuler votre abonnement via les liens inclus dans le pied de page des e-mails. En exer\u00e7ant ces options, vos donn\u00e9es cesseront d\u2019\u00eatre trait\u00e9es ou seront imm\u00e9diatement mises \u00e0 jour, selon votre choix.<\/p>\n<p>Le retrait ult\u00e9rieur du consentement donn\u00e9 pour le traitement de vos donn\u00e9es n\u2019affecte pas la lic\u00e9it\u00e9 du traitement fond\u00e9 sur ce consentement pr\u00e9alable.<\/p>\n<p>Droit de porter plainte<\/p>\n<p>Le titulaire des donn\u00e9es a le droit de d\u00e9poser une plainte concernant toute question relative au traitement de ses donn\u00e9es aupr\u00e8s de RODRILAB, par t\u00e9l\u00e9phone au +351 253 088 353(*) ou par e-mail \u00e0 geral@rodrilab.com.<\/p>\n<p>N\u00e9anmoins, le titulaire des donn\u00e9es a le droit de d\u00e9poser une plainte aupr\u00e8s de la Commission Nationale de Protection des Donn\u00e9es \u2013 CNPD.<\/p>\n<p>(*) Co\u00fbt d\u2019un appel vers un r\u00e9seau mobile ou fixe national selon votre tarif au Portugal et\/ou en itin\u00e9rance.<\/p>\n<\/div><\/div><div  class=\"vc_do_toggle vc_toggle vc_toggle_default vc_toggle_color_default vc_toggle_size_md\"><div class=\"vc_toggle_title\"><h4>Protection de vos donn\u00e9es personnelles.<\/h4><i class=\"vc_toggle_icon\"><\/i><\/div><div class=\"vc_toggle_content\"><p>Quelles mesures RODRILAB prend-elle pour garantir la s\u00e9curit\u00e9 de vos donn\u00e9es personnelles ?<\/p>\n<p>RODRILAB s\u2019engage \u00e0 prendre toutes les mesures en son pouvoir pour prot\u00e9ger les donn\u00e9es fournies par ses clients. Dans ce souci, des mesures de s\u00e9curit\u00e9 techniques et organisationnelles ont \u00e9t\u00e9 adopt\u00e9es afin de prot\u00e9ger vos donn\u00e9es personnelles contre leur diffusion, perte ou utilisation abusive.<\/p>\n<p>\u00c0 cet \u00e9gard, tous les sites web de RODRILAB, ainsi que tous les formulaires de collecte de donn\u00e9es, exigent des sessions de navigateur crypt\u00e9es, et toutes les donn\u00e9es sont stock\u00e9es de mani\u00e8re s\u00e9curis\u00e9e sur les syst\u00e8mes de RODRILAB, prot\u00e9g\u00e9es par des mesures de s\u00e9curit\u00e9 appropri\u00e9es.<\/p>\n<p>De plus, toutes les entit\u00e9s tierces avec lesquelles nous partageons vos donn\u00e9es, afin de fournir le meilleur service possible, sont tenues de mettre en \u0153uvre des mesures techniques de s\u00e9curit\u00e9 et de garantir par \u00e9crit le respect des exigences pr\u00e9vues par la l\u00e9gislation en vigueur.<\/p>\n<p>Nonobstant les mesures de s\u00e9curit\u00e9 adopt\u00e9es par RODRILAB, nous avertissons nos clients qui naviguent sur Internet d\u2019adopter des mesures de s\u00e9curit\u00e9 suppl\u00e9mentaires telles que l\u2019utilisation de syst\u00e8mes \u00e0 jour, la pr\u00e9sence de pare-feux actifs et d\u2019ordinateurs prot\u00e9g\u00e9s par des syst\u00e8mes antivirus et antispyware, en v\u00e9rifiant l\u2019authenticit\u00e9 des sites qu\u2019ils visitent.<\/p>\n<p>Bien que RODRILAB ait pris des mesures importantes pour garantir qu\u2019aucune information qui nous est fournie ne soit intercept\u00e9e, consult\u00e9e, utilis\u00e9e ou divulgu\u00e9e par des personnes non autoris\u00e9es, vous devez garder \u00e0 l\u2019esprit que RODRILAB ne peut pas \u00e9liminer compl\u00e8tement les risques de s\u00e9curit\u00e9 li\u00e9s \u00e0 vos informations. Dans l\u2019\u00e9ventualit\u00e9 peu probable d\u2019une faille de s\u00e9curit\u00e9 provenant de nos syst\u00e8mes, RODRILAB a mis en place des protocoles de diagnostic et de confinement des dommages et s\u2019engage \u00e0 informer toutes les personnes concern\u00e9es ainsi que l\u2019autorit\u00e9 de r\u00e9gulation, conform\u00e9ment aux r\u00e9glementations en vigueur.<\/p>\n<\/div><\/div><\/div><\/div><\/div><\/div>\n<\/div>","protected":false},"excerpt":{"rendered":"A RODRILAB dedica-se ao fornecimento de produtos e servi\u00e7os fotogr\u00e1ficos a empresas na \u00e1rea da fotografia e fot\u00f3grafos profissionais. A","protected":false},"author":87,"featured_media":0,"parent":0,"menu_order":0,"comment_status":"closed","ping_status":"closed","template":"","meta":{"rs_blank_template":"","rs_page_bg_color":"","slide_template_v7":"","inline_featured_image":false,"footnotes":""},"class_list":["post-83","page","type-page","status-publish","hentry"],"_links":{"self":[{"href":"https:\/\/rodrilab.com\/fr\/wp-json\/wp\/v2\/pages\/83","targetHints":{"allow":["GET"]}}],"collection":[{"href":"https:\/\/rodrilab.com\/fr\/wp-json\/wp\/v2\/pages"}],"about":[{"href":"https:\/\/rodrilab.com\/fr\/wp-json\/wp\/v2\/types\/page"}],"author":[{"embeddable":true,"href":"https:\/\/rodrilab.com\/fr\/wp-json\/wp\/v2\/users\/87"}],"replies":[{"embeddable":true,"href":"https:\/\/rodrilab.com\/fr\/wp-json\/wp\/v2\/comments?post=83"}],"version-history":[{"count":0,"href":"https:\/\/rodrilab.com\/fr\/wp-json\/wp\/v2\/pages\/83\/revisions"}],"wp:attachment":[{"href":"https:\/\/rodrilab.com\/fr\/wp-json\/wp\/v2\/media?parent=83"}],"curies":[{"name":"wp","href":"https:\/\/api.w.org\/{rel}","templated":true}]}}