{"id":69,"date":"2018-01-11T19:31:32","date_gmt":"2018-01-11T19:31:32","guid":{"rendered":"https:\/\/rodrilab.com\/?page_id=69"},"modified":"2025-06-20T18:14:53","modified_gmt":"2025-06-20T18:14:53","slug":"termos-e-condicoes","status":"publish","type":"page","link":"https:\/\/rodrilab.com\/fr\/termos-e-condicoes\/","title":{"rendered":"Termes et Conditions"},"content":{"rendered":"<div class=\"wpb-content-wrapper\"><div class=\"vc_row wpb_row vc_row-fluid\"><div class=\"wpb_column vc_column_container vc_col-sm-12\"><div class=\"vc_column-inner\"><div class=\"wpb_wrapper\">\n\t<div class=\"wpb_text_column wpb_content_element\" >\n\t\t<div class=\"wpb_wrapper\">\n\t\t\t<p>L\u2019acc\u00e8s et l\u2019utilisation de notre site web, ainsi que de nos produits et services, sont soumis aux conditions pr\u00e9sent\u00e9es ci-dessous.<\/p>\n<p>En utilisant ce site, le client accepte les conditions d\u2019utilisation, qui peuvent \u00eatre mises \u00e0 jour occasionnellement. Nous vous conseillons de visiter r\u00e9guli\u00e8rement cette page afin d\u2019\u00eatre inform\u00e9 de toute mise \u00e0 jour de ces termes et conditions.<\/p>\n<p>RODRILAB est une marque d\u00e9pos\u00e9e, NIF 517 379 210, Rua da Escola 147, 4750-492 Galegos S. Martinho, Barcelos, Portugal.<\/p>\n<p>L\u2019acc\u00e8s \u00e0 ce site est accord\u00e9 de mani\u00e8re temporaire, et nous nous r\u00e9servons le droit de retirer ou de modifier les services sans pr\u00e9avis. Nous ne sommes pas responsables si, pour une raison quelconque, ce site est indisponible pendant une certaine p\u00e9riode, et nous pouvons occasionnellement restreindre l\u2019acc\u00e8s \u00e0 certaines zones.<\/p>\n<p>RODRILAB n\u2019est pas responsable des dommages ou pertes pouvant r\u00e9sulter de l\u2019utilisation de toute information contenue sur ce site.<\/p>\n<p>Certains hyperliens de ce site redirigent le client vers des sites externes, partenaires de RODRILAB. En cliquant sur ces hyperliens, vous quitterez le site de RODRILAB. Comme nous n\u2019avons aucun contr\u00f4le sur ces sites, nous ne sommes pas responsables du contenu qu\u2019ils contiennent.<\/p>\n<p>Pour passer une commande, le client doit \u00eatre majeur et s\u2019engage \u00e0 fournir des donn\u00e9es v\u00e9ridiques permettant le traitement r\u00e9ussi de sa commande. \u00c0 toutes fins utiles, RODRILAB consid\u00e8re qu\u2019une personne morale est identifi\u00e9e et individualis\u00e9e par la connexion entre sa d\u00e9nomination sociale, son si\u00e8ge social et son num\u00e9ro d\u2019identification.<\/p>\n<p>Pour \u00eatre client de RODRILAB, vous devez accepter notre politique de confidentialit\u00e9.<\/p>\n<p><strong><button class=\"accordion-button\" type=\"button\" aria-expanded=\"true\"><span class=\"panel-title\">M\u00e9thodes de Paiement<\/span><\/button><\/strong><\/p>\n<p>En passant une commande chez Rodrilab, vous prenez connaissance que l\u2019entreprise se r\u00e9serve le droit de facturer les services qu\u2019elle fournit et de modifier les tarifs qu\u2019elle propose \u00e0 sa convenance, en l\u2019annon\u00e7ant sur son site web ou ses applications. En utilisant les services, vous serez responsable du paiement de tous les frais applicables.<\/p>\n<p>Sur le site rodrilab.com, les paiements des commandes se font exclusivement en ligne via Carte de Cr\u00e9dit (Visa, Mastercard, American Express), PayPal, MB Way, Multibanco, Apple Pay et Google Pay.<\/p>\n<p>Vous acceptez de supporter toutes les d\u00e9penses li\u00e9es \u00e0 vos commandes et achats (y compris tous les frais impos\u00e9s qui peuvent ne pas se limiter aux taxes sur les ventes, l\u2019utilisation ou la TVA) aux taux en vigueur au moment du paiement.<\/p>\n<p>RODRILAB peut facturer automatiquement des frais d\u2019exp\u00e9dition pour les adresses situ\u00e9es dans des juridictions o\u00f9 ces frais sont obligatoires.<\/p>\n<p>Les commandes de produits livr\u00e9s en dehors du Portugal peuvent \u00eatre soumises \u00e0 des taxes et droits appliqu\u00e9s \u00e0 l\u2019arriv\u00e9e des produits \u00e0 destination. Comme les droits de douane varient d\u2019un pays \u00e0 l\u2019autre, vous devriez contacter les services douaniers de votre pays pour plus d\u2019informations. Veuillez \u00e9galement noter que vous \u00eates consid\u00e9r\u00e9 comme l\u2019importateur et devez respecter toutes les lois et r\u00e9glementations de votre pays.<\/p>\n<div>\n<h2 class=\"accordion-header\"><strong><button class=\"accordion-button\" type=\"button\" aria-expanded=\"true\"><span class=\"panel-title\">Exp\u00e9dition<\/span><\/button><\/strong><\/h2>\n<div class=\"accordion-collapse collapse show\">\n<p>Les produits RODRILAB, une fois command\u00e9s et le paiement valid\u00e9, seront exp\u00e9di\u00e9s apr\u00e8s la fin de la p\u00e9riode de production, compt\u00e9e en jours ouvrables, qui peut varier en fonction du produit s\u00e9lectionn\u00e9 et de l\u2019adresse de livraison. Vous pouvez consulter le d\u00e9lai de production de chaque produit dans notre catalogue.<\/p>\n<p>Rodrilab exp\u00e9die dans le monde entier. Veuillez nous contacter pour plus d\u2019informations sur l\u2019exp\u00e9dition vers les pays non r\u00e9pertori\u00e9s dans notre tableau des frais de port.<\/p>\n<p>Tous droits, frais et taxes applicables doivent \u00eatre pay\u00e9s par le destinataire au moment de la livraison.<\/p>\n<p>Les livraisons sont g\u00e9n\u00e9ralement effectu\u00e9es dans un d\u00e9lai de 1 \u00e0 8 jours apr\u00e8s la date d\u2019exp\u00e9dition. Pour les adresses situ\u00e9es dans des endroits plus \u00e9loign\u00e9s, veuillez pr\u00e9voir un d\u00e9lai suppl\u00e9mentaire pour la livraison.<\/p>\n<p>Les prix peuvent \u00eatre consult\u00e9s au moment de l\u2019achat, sur la facture ou en nous contactant au pr\u00e9alable par les moyens habituels.<\/p>\n<\/div>\n<\/div>\n<div>\n<h2 class=\"accordion-header\"><strong><button class=\"accordion-button\" type=\"button\" aria-expanded=\"true\"><span class=\"panel-title\">Retours et Remboursements<\/span><\/button><\/strong><\/h2>\n<div class=\"accordion-collapse collapse show\">\n<p><span style=\"color: #808080;\">Rodrilab garantit la satisfaction concernant la fabrication de votre commande. Plusieurs \u00e9tapes de contr\u00f4le qualit\u00e9 sont pr\u00e9sentes dans la cha\u00eene de production.<\/span><\/p>\n<p><span style=\"color: #808080;\">Cependant, en raison de la nature artisanale de l\u2019activit\u00e9, il peut y avoir de l\u00e9g\u00e8res variations dans la couleur des mat\u00e9riaux et la fabrication du produit, ce qui est consid\u00e9r\u00e9 comme le caract\u00e8re unique de chaque article.<\/span><\/p>\n<p><span style=\"color: #808080;\">Dans l\u2019\u00e9ventualit\u00e9 peu probable que votre commande arrive endommag\u00e9e ou avec un d\u00e9faut de fabrication, veuillez nous contacter via votre gestionnaire de compte ou directement \u00e0 geral@rodrilab.com le jour ouvrable suivant la r\u00e9ception, en joignant une photo du d\u00e9faut constat\u00e9.<\/span><\/p>\n<p><span style=\"color: #808080;\">Nous r\u00e9soudrons la situation. Une fois la commande pass\u00e9e, en raison du haut degr\u00e9 de personnalisation des produits, Rodrilab ne peut pas annuler la commande et\/ou rembourser le montant pay\u00e9, sauf dans les cas express\u00e9ment d\u00e9crits dans cette politique de retours et remboursements (c\u2019est-\u00e0-dire si votre produit arrive endommag\u00e9 ou avec un d\u00e9faut de fabrication). Nous ne pouvons pas accepter les retours autrement. Veuillez noter que chaque produit command\u00e9 aupr\u00e8s de notre entreprise est produit individuellement par diff\u00e9rents \u00e9quipements et collaborateurs.<\/span><\/p>\n<p><span style=\"color: #808080;\">Il peut y avoir de l\u00e9g\u00e8res diff\u00e9rences entre les diff\u00e9rentes impressions et reliures du m\u00eame produit.<\/span><\/p>\n<p><span style=\"color: #808080;\">Nous travaillons dur pour que votre produit soit aussi coh\u00e9rent que possible, mais les variations de finition sont normales, ne sont pas consid\u00e9r\u00e9es comme des d\u00e9fauts de fabrication et ne justifient pas une nouvelle production.<\/span><\/p>\n<p><span style=\"color: #808080;\">La responsabilit\u00e9 de Rodrilab se limite au remplacement du produit endommag\u00e9, sans indemnisation ni compensation pour d\u2019\u00e9ventuels dommages collat\u00e9raux. Votre produit vous appartient enti\u00e8rement : Rodrilab n\u2019envoie pas de \u00e9preuves, ne modifie ni ne change le contenu.<\/span><\/p>\n<\/div>\n<div class=\"accordion-collapse collapse show\" style=\"text-align: left;\">\n<p><span style=\"color: #808080;\">En cons\u00e9quence, Rodrilab a des limitations concernant la garantie de votre produit, incluant l\u2019obligation de corriger :<\/span><\/p>\n<ul>\n<li><span style=\"color: #808080;\">\u00a0Erreurs typographiques, grammaticales, textes inachev\u00e9s ou autres textes comportant des erreurs ;<\/span><\/li>\n<li><span style=\"color: #808080;\">\u00a0R\u00e9solution faible des images pouvant se refl\u00e9ter sur l\u2019impression des images ;<\/span><\/li>\n<li><span style=\"color: #808080;\">\u00a0Sp\u00e9cifications de conception, y compris la taille du produit, l\u2019organisation, le style, la couleur et la mise en page ;<\/span><\/li>\n<li><span style=\"color: #808080;\">\u00a0Toute autre choix cr\u00e9atif que vous auriez pu faire concernant votre produit.<\/span><\/li>\n<\/ul>\n<p><span style=\"color: #808080;\">Cela signifie que la responsabilit\u00e9 de v\u00e9rifier la pagination du produit avant l\u2019envoi vous incombe.<\/span><\/p>\n<p><span style=\"color: #808080;\">Vous devez le faire en pr\u00e9visualisant avant l\u2019impression, et nous vous recommandons vivement de demander \u00e0 un ami de le v\u00e9rifier avant l\u2019envoi. Cela signifie que vous acceptez de ne pas envoyer de contenu qui n\u2019a pas \u00e9t\u00e9 enti\u00e8rement v\u00e9rifi\u00e9 et dont vous n\u2019\u00eates pas s\u00fbr qu\u2019il soit pr\u00eat \u00e0 \u00eatre imprim\u00e9.<\/span><\/p>\n<\/div>\n<div class=\"accordion-collapse collapse show\">\n<p><span style=\"color: #808080;\">Le contenu de votre produit est enti\u00e8rement de votre responsabilit\u00e9 et vous devez vous assurer qu\u2019il ne viole pas les droits \u00e0 la vie priv\u00e9e, les droits \u00e0 l\u2019image, les droits d\u2019auteur ou tout autre droit de personnes ou d\u2019entit\u00e9s.<\/span><\/p>\n<p><span style=\"color: #808080;\">Le contenu comprend des textes, des fichiers, des mod\u00e8les de conception, des images, des photos, des \u0153uvres d\u2019auteur et d\u2019autres mat\u00e9riaux.<\/span><\/p>\n<p><span style=\"color: #808080;\">L\u2019inclusion de \u00ab\u202fPubli\u00e9 par Rodrilab\u202f\u00bb ou toute autre r\u00e9f\u00e9rence sugg\u00e9rant directement ou indirectement que Rodrilab est l\u2019\u00e9diteur des produits que vous avez cr\u00e9\u00e9s en utilisant les services de l\u2019entreprise est express\u00e9ment interdite sans autorisation pr\u00e9alable.<\/span><\/p>\n<p><span style=\"color: #808080;\">Votre commande est une impression unique apr\u00e8s votre achat, et nous ne stockons pas les produits. Par cons\u00e9quent, nous ne pouvons pas accepter de retours ou de remboursements pour toute autre raison que celles d\u00e9crites ci-dessus.<\/span><\/p>\n<\/div>\n<\/div>\n<p><!-- e651d4032b2f793c0d038812ad576b82 --><\/p>\n\n\t\t<\/div>\n\t<\/div>\n<\/div><\/div><\/div><\/div>\n<\/div>","protected":false},"excerpt":{"rendered":"L\u2019acc\u00e8s et l\u2019utilisation de notre site web, ainsi que de nos produits et services, sont soumis aux conditions pr\u00e9sent\u00e9es ci-dessous.","protected":false},"author":87,"featured_media":0,"parent":0,"menu_order":0,"comment_status":"closed","ping_status":"closed","template":"","meta":{"rs_blank_template":"","rs_page_bg_color":"","slide_template_v7":"","inline_featured_image":false,"footnotes":""},"class_list":["post-69","page","type-page","status-publish","hentry"],"_links":{"self":[{"href":"https:\/\/rodrilab.com\/fr\/wp-json\/wp\/v2\/pages\/69","targetHints":{"allow":["GET"]}}],"collection":[{"href":"https:\/\/rodrilab.com\/fr\/wp-json\/wp\/v2\/pages"}],"about":[{"href":"https:\/\/rodrilab.com\/fr\/wp-json\/wp\/v2\/types\/page"}],"author":[{"embeddable":true,"href":"https:\/\/rodrilab.com\/fr\/wp-json\/wp\/v2\/users\/87"}],"replies":[{"embeddable":true,"href":"https:\/\/rodrilab.com\/fr\/wp-json\/wp\/v2\/comments?post=69"}],"version-history":[{"count":1,"href":"https:\/\/rodrilab.com\/fr\/wp-json\/wp\/v2\/pages\/69\/revisions"}],"predecessor-version":[{"id":20337,"href":"https:\/\/rodrilab.com\/fr\/wp-json\/wp\/v2\/pages\/69\/revisions\/20337"}],"wp:attachment":[{"href":"https:\/\/rodrilab.com\/fr\/wp-json\/wp\/v2\/media?parent=69"}],"curies":[{"name":"wp","href":"https:\/\/api.w.org\/{rel}","templated":true}]}}