{"id":60,"date":"2018-01-11T19:25:41","date_gmt":"2018-01-11T19:25:41","guid":{"rendered":"https:\/\/rodrilab.com\/?page_id=60"},"modified":"2024-12-26T18:13:03","modified_gmt":"2024-12-26T18:13:03","slug":"sobre-nos","status":"publish","type":"page","link":"https:\/\/rodrilab.com\/fr\/sobre-nos\/","title":{"rendered":"\u00c0 Propos de Nous"},"content":{"rendered":"<p>&nbsp;<\/p>\n<section>\n<div class=\"container\">\n<div class=\"row v-align-children\">\n<div class=\"col-md-5 col-md-offset-1 col-sm-6 col-sm-offset-1\">\n<h4><span style=\"color: #000000;\"><strong>Rodrilab \u2013 Qui sommes-nous<\/strong><\/span><\/h4>\n<h5><span style=\"color: #808080;\">Chez Rodrilab, nous sommes anim\u00e9s par la passion de transformer des souvenirs inoubliables en \u0153uvres d\u2019art durables. Sp\u00e9cialis\u00e9s dans la fabrication et l\u2019impression d\u2019albums num\u00e9riques de haute qualit\u00e9, nous cr\u00e9ons des produits qui c\u00e9l\u00e8brent des histoires uniques comme des mariages, des bapt\u00eames, des s\u00e9ances nouveau-n\u00e9 et d\u2019autres occasions m\u00e9morables.<\/span><\/h5>\n<h5><span style=\"color: #808080;\">Nous allions technologie de pointe et design sophistiqu\u00e9 \u00e0 une touche artisanale, garantissant que chaque album soit une pi\u00e8ce unique, capable de capturer l\u2019essence et l\u2019\u00e9motion de vos moments les plus pr\u00e9cieux. Chaque d\u00e9tail est soigneusement travaill\u00e9, reflet de notre engagement ind\u00e9fectible envers l\u2019excellence.<\/span><\/h5>\n<h5><span style=\"color: #808080;\">Plus qu\u2019une entreprise, nous sommes des conteurs d\u2019histoires visuelles. Nous vivons et aimons ce que nous faisons, car nous croyons que chaque sourire, chaque regard et chaque souvenir m\u00e9rite d\u2019\u00eatre pr\u00e9serv\u00e9 avec perfection. Que ce soit pour immortaliser le jour le plus important de votre vie ou les petits instants qui font toute la diff\u00e9rence, nous sommes l\u00e0 pour cr\u00e9er des albums qui d\u00e9passent les attentes et deviennent de v\u00e9ritables h\u00e9ritages pour les g\u00e9n\u00e9rations futures.<\/span><\/h5>\n<h5><strong><span style=\"color: #000000;\">Transformer les \u00e9motions en art, pour que vos histoires soient grav\u00e9es \u00e0 jamais.<\/span><\/strong><\/h5>\n<\/div>\n<\/div>\n<\/div>\n<\/section>","protected":false},"excerpt":{"rendered":"<p>&nbsp; Rodrilab, quem somos Na Rodrilab, somos movidos pela paix\u00e3o de transformar mem\u00f3rias inesquec\u00edveis em obras de arte duradouras. Especializados<\/p>","protected":false},"author":87,"featured_media":0,"parent":0,"menu_order":0,"comment_status":"closed","ping_status":"closed","template":"","meta":{"rs_blank_template":"","rs_page_bg_color":"","slide_template_v7":"","inline_featured_image":false,"footnotes":""},"class_list":["post-60","page","type-page","status-publish","hentry"],"_links":{"self":[{"href":"https:\/\/rodrilab.com\/fr\/wp-json\/wp\/v2\/pages\/60","targetHints":{"allow":["GET"]}}],"collection":[{"href":"https:\/\/rodrilab.com\/fr\/wp-json\/wp\/v2\/pages"}],"about":[{"href":"https:\/\/rodrilab.com\/fr\/wp-json\/wp\/v2\/types\/page"}],"author":[{"embeddable":true,"href":"https:\/\/rodrilab.com\/fr\/wp-json\/wp\/v2\/users\/87"}],"replies":[{"embeddable":true,"href":"https:\/\/rodrilab.com\/fr\/wp-json\/wp\/v2\/comments?post=60"}],"version-history":[{"count":0,"href":"https:\/\/rodrilab.com\/fr\/wp-json\/wp\/v2\/pages\/60\/revisions"}],"wp:attachment":[{"href":"https:\/\/rodrilab.com\/fr\/wp-json\/wp\/v2\/media?parent=60"}],"curies":[{"name":"wp","href":"https:\/\/api.w.org\/{rel}","templated":true}]}}