{"id":581,"date":"2019-03-01T13:39:37","date_gmt":"2019-03-01T13:39:37","guid":{"rendered":"https:\/\/rodrilab.com\/?page_id=581"},"modified":"2025-06-17T22:20:20","modified_gmt":"2025-06-17T22:20:20","slug":"garantia-de-qualidade","status":"publish","type":"page","link":"https:\/\/rodrilab.com\/fr\/garantia-de-qualidade\/","title":{"rendered":"Garantie de Qualit\u00e9"},"content":{"rendered":"<h3 class=\"uk-h2 uk-margin-small uk-margin-remove-bottom uk-text-left@m uk-text-center\">Support et Contr\u00f4le de Qualit\u00e9<\/h3>\n<ul>\n<li class=\"uk-panel uk-margin-small uk-margin-remove-bottom\">Votre satisfaction est notre priorit\u00e9 absolue. Tous nos produits passent par trois \u00e9tapes rigoureuses de contr\u00f4le de qualit\u00e9 afin de garantir que chaque d\u00e9tail soit parfait.<\/li>\n<li class=\"uk-panel uk-margin-small uk-margin-remove-bottom\">Nous prenons en charge l\u2019ensemble du processus, de la r\u00e9ception de la commande \u00e0 l\u2019exp\u00e9dition finale, avec un suivi constant assur\u00e9 par des professionnels sp\u00e9cialis\u00e9s, garantissant une excellence maximale \u00e0 chaque \u00e9tape de la fabrication.<\/li>\n<\/ul>\n<div>\n<hr \/>\n<\/div>\n<h3 class=\"uk-h5 uk-text-emphasis uk-margin-large uk-margin-remove-bottom uk-width-xlarge uk-margin-auto-left@m uk-margin-remove-right@m uk-margin-auto uk-text-left@m uk-text-center\">Support et Accompagnement<\/h3>\n<ul>\n<li class=\"uk-panel uk-margin-small uk-margin-remove-bottom uk-width-xlarge@m uk-margin-auto-left@m uk-margin-remove-right@m uk-margin-auto uk-text-left@m uk-text-center\">Chez Rodrilab, nous disposons d\u2019une \u00e9quipe de service client toujours pr\u00eate \u00e0 vous apporter le soutien dont vous avez besoin. Nous sommes disponibles pour r\u00e9pondre \u00e0 vos questions, suivre l\u2019avancement de vos commandes et vous fournir des informations actualis\u00e9es sur le statut et la production de vos produits.<\/li>\n<li class=\"uk-panel uk-margin-small uk-margin-remove-bottom uk-width-xlarge@m uk-margin-auto-left@m uk-margin-remove-right@m uk-margin-auto uk-text-left@m uk-text-center\">De plus, notre \u00e9quipe commerciale hautement sp\u00e9cialis\u00e9e s\u2019engage \u00e0 soutenir la croissance de votre activit\u00e9 gr\u00e2ce \u00e0 la vente de produits photographiques, car nous croyons que votre succ\u00e8s est aussi le n\u00f4tre.<\/li>\n<\/ul>\n<div>\n<hr \/>\n<\/div>\n<div class=\"uk-grid tm-grid-expand uk-child-width-1-1 uk-grid-margin\">\n<div class=\"uk-width-1-1\">\n<h3 class=\"uk-h2 uk-margin-remove-vertical uk-text-center\">Mat\u00e9riaux et Couleur<\/h3>\n<\/div>\n<\/div>\n<div class=\"uk-grid tm-grid-expand uk-grid-column-medium uk-margin-large\">\n<div class=\"uk-grid-item-match uk-flex-middle uk-width-1-2@m\">\n<div class=\"uk-panel uk-width-1-1\">\n<ul>\n<li class=\"uk-panel uk-margin-small uk-margin-remove-bottom uk-text-left@m uk-text-center\">Nous proposons un large choix de mat\u00e9riaux de haute qualit\u00e9, avec des rev\u00eatements qui se distinguent tant par leur attrait visuel que par leur toucher agr\u00e9able.<\/li>\n<li class=\"uk-panel uk-margin-small uk-margin-remove-bottom uk-text-left@m uk-text-center\">Nos collaborateurs, artisans exp\u00e9riment\u00e9s, se consacrent \u00e0 perfectionner la technique visant \u00e0 r\u00e9v\u00e9ler le meilleur de chaque rev\u00eatement, garantissant un r\u00e9sultat exceptionnel.<\/li>\n<li class=\"uk-panel uk-margin-small uk-margin-remove-bottom uk-text-left@m uk-text-center\">De plus, nos papiers d\u2019impression se distinguent non seulement par leur vari\u00e9t\u00e9, mais aussi par leur excellence, \u00e9tant fournis par des marques mondialement reconnues et certifi\u00e9es telles que Hahnem\u00fchle et Fujifilm.<\/li>\n<\/ul>\n<div>\n<hr \/>\n<\/div>\n<\/div>\n<\/div>\n<\/div>\n<h3 class=\"uk-h5 uk-text-emphasis uk-margin-large uk-margin-remove-bottom uk-width-xlarge uk-margin-auto-left@m uk-margin-remove-right@m uk-margin-auto uk-text-left@m uk-text-center\">\u00c9preuves couleur quotidiennes<\/h3>\n<ul>\n<li class=\"uk-panel uk-margin-small uk-margin-remove-bottom uk-width-xlarge@m uk-margin-auto-left@m uk-margin-remove-right@m uk-margin-auto uk-text-left@m uk-text-center\">La qualit\u00e9 d\u2019impression est \u00e9troitement li\u00e9e \u00e0 la pr\u00e9cision des couleurs. C\u2019est pourquoi nous r\u00e9alisons des \u00e9preuves couleur quotidiennes, effectu\u00e9es par un technicien sp\u00e9cialis\u00e9 et certifi\u00e9 en impression.<\/li>\n<li class=\"uk-panel uk-margin-small uk-margin-remove-bottom uk-width-xlarge@m uk-margin-auto-left@m uk-margin-remove-right@m uk-margin-auto uk-text-left@m uk-text-center\">Apr\u00e8s les \u00e9preuves, nous effectuons les calibrations n\u00e9cessaires sur l\u2019ensemble de nos \u00e9quipements d\u2019impression, garantissant que les couleurs de vos produits restent toujours fid\u00e8les aux fichiers fournis.<\/li>\n<li class=\"uk-panel uk-margin-small uk-margin-remove-bottom uk-width-xlarge@m uk-margin-auto-left@m uk-margin-remove-right@m uk-margin-auto uk-text-left@m uk-text-center\">Chaque produit est imprim\u00e9 et soigneusement contr\u00f4l\u00e9, avec une attention et un engagement maximum, afin de garantir que les couleurs r\u00e9pondent aux attentes et impressionnent vos clients.<\/li>\n<\/ul>\n<div>\n<hr \/>\n<\/div>\n<div class=\"uk-margin-large uk-container\">\n<div class=\"uk-grid tm-grid-expand uk-child-width-1-1\">\n<div class=\"uk-grid-item-match uk-width-1-1\">\n<div class=\"uk-tile-muted uk-tile uk-padding-remove\">\n<h3 class=\"uk-h2 uk-margin-remove-vertical uk-text-left@m uk-text-center\">Pr\u00e9occupation Environnementale et Utilisation du Plastique<\/h3>\n<\/div>\n<\/div>\n<\/div>\n<\/div>\n<div class=\"uk-grid tm-grid-expand uk-grid-margin\">\n<div class=\"uk-grid-item-match uk-flex-bottom uk-width-1-2@m uk-first-column\">\n<div class=\"uk-panel uk-width-1-1\">\n<ul>\n<li class=\"uk-panel uk-margin-small uk-margin-remove-bottom uk-width-large@m uk-margin-auto-right@m uk-margin-remove-left@m uk-margin-auto uk-text-left@m uk-text-center\">La durabilit\u00e9 environnementale est l\u2019une de nos principales pr\u00e9occupations. C\u2019est pourquoi nous avons d\u00e9cid\u00e9 d\u2019\u00e9liminer l\u2019utilisation du plastique dans nos emballages, sans compromettre la s\u00e9curit\u00e9 ni la qualit\u00e9 de nos produits.<\/li>\n<li class=\"uk-panel uk-margin-small uk-margin-remove-bottom uk-width-large@m uk-margin-auto-right@m uk-margin-remove-left@m uk-margin-auto uk-text-left@m uk-text-center\">Nous vous recommandons de poursuivre le cycle de recyclage apr\u00e8s la r\u00e9ception de votre commande, contribuant ainsi \u00e0 un avenir plus durable.<\/li>\n<\/ul>\n<div>\n<hr \/>\n<\/div>\n<div>\n<h3 class=\"uk-h5 uk-text-emphasis uk-margin-large uk-margin-remove-bottom uk-width-large uk-margin-auto-left@m uk-margin-remove-right@m uk-margin-auto uk-text-left@m uk-text-center\">Impression et Traitement Chimique<\/h3>\n<ul>\n<li class=\"uk-panel uk-margin-small uk-margin-remove-bottom uk-width-large@m uk-margin-auto-left@m uk-margin-remove-right@m uk-margin-auto uk-text-left@m uk-text-center\">Nous adoptons des techniques d\u2019impression avanc\u00e9es, utilisant des \u00e9quipements haut de gamme \u00e0 la pointe du secteur, reconnus pour leur innovation et leur excellence.<\/li>\n<li class=\"uk-panel uk-margin-small uk-margin-remove-bottom uk-width-large@m uk-margin-auto-left@m uk-margin-remove-right@m uk-margin-auto uk-text-left@m uk-text-center\">L\u2019un des principaux avantages de nos \u00e9quipements est leur capacit\u00e9 \u00e0 minimiser le gaspillage de mati\u00e8res premi\u00e8res, en garantissant l\u2019utilisation uniquement des quantit\u00e9s strictement n\u00e9cessaires.<\/li>\n<li class=\"uk-panel uk-margin-small uk-margin-remove-bottom uk-width-large@m uk-margin-auto-left@m uk-margin-remove-right@m uk-margin-auto uk-text-left@m uk-text-center\">De plus, les produits chimiques utilis\u00e9s dans le processus d\u2019impression sont soigneusement trait\u00e9s par une entreprise sp\u00e9cialis\u00e9e et certifi\u00e9e, garantissant un impact environnemental r\u00e9duit au strict minimum.<\/li>\n<\/ul>\n<\/div>\n<\/div>\n<\/div>\n<\/div>\n<p><!-- a61d25be4c419d1a5bd71dd99eaac457 --><\/p>","protected":false},"excerpt":{"rendered":"<p>Apoio e controlo de qualidade A sua satisfa\u00e7\u00e3o \u00e9 a nossa principal prioridade. Todos os nossos produtos passam por tr\u00eas<\/p>","protected":false},"author":87,"featured_media":0,"parent":0,"menu_order":0,"comment_status":"closed","ping_status":"closed","template":"","meta":{"rs_blank_template":"","rs_page_bg_color":"","slide_template_v7":"","inline_featured_image":false,"footnotes":""},"class_list":["post-581","page","type-page","status-publish","hentry"],"_links":{"self":[{"href":"https:\/\/rodrilab.com\/fr\/wp-json\/wp\/v2\/pages\/581","targetHints":{"allow":["GET"]}}],"collection":[{"href":"https:\/\/rodrilab.com\/fr\/wp-json\/wp\/v2\/pages"}],"about":[{"href":"https:\/\/rodrilab.com\/fr\/wp-json\/wp\/v2\/types\/page"}],"author":[{"embeddable":true,"href":"https:\/\/rodrilab.com\/fr\/wp-json\/wp\/v2\/users\/87"}],"replies":[{"embeddable":true,"href":"https:\/\/rodrilab.com\/fr\/wp-json\/wp\/v2\/comments?post=581"}],"version-history":[{"count":1,"href":"https:\/\/rodrilab.com\/fr\/wp-json\/wp\/v2\/pages\/581\/revisions"}],"predecessor-version":[{"id":20277,"href":"https:\/\/rodrilab.com\/fr\/wp-json\/wp\/v2\/pages\/581\/revisions\/20277"}],"wp:attachment":[{"href":"https:\/\/rodrilab.com\/fr\/wp-json\/wp\/v2\/media?parent=581"}],"curies":[{"name":"wp","href":"https:\/\/api.w.org\/{rel}","templated":true}]}}