{"id":18560,"date":"2024-12-25T17:46:10","date_gmt":"2024-12-25T17:46:10","guid":{"rendered":"https:\/\/rodrilab.com\/?page_id=18560"},"modified":"2024-12-25T17:48:59","modified_gmt":"2024-12-25T17:48:59","slug":"politica-de-monstruario","status":"publish","type":"page","link":"https:\/\/rodrilab.com\/fr\/politica-de-monstruario\/","title":{"rendered":"Politique d\u2019\u00c9chantillons"},"content":{"rendered":"<p><strong>Remise sur les produits de d\u00e9monstration<\/strong><\/p>\n<p>Pr\u00e9senter vos travaux finaux dans des produits de haute qualit\u00e9 aux finitions exceptionnelles est un excellent moyen d\u2019augmenter vos ventes et d\u2019attirer l\u2019attention de vos clients.<\/p>\n<p>L\u2019utilisation de produits de d\u00e9monstration est l\u2019outil id\u00e9al pour cela, car elle permet de montrer l\u2019importance de capturer et de pr\u00e9server les souvenirs. La meilleure fa\u00e7on de raconter une histoire est d\u2019allier le d\u00e9vouement et le talent d\u2019un photographe professionnel \u00e0 des produits qui mettent en valeur les d\u00e9tails et les \u00e9motions de l\u2019histoire racont\u00e9e.<\/p>\n<p>Nous nous engageons \u00e0 refl\u00e9ter votre style unique et votre fa\u00e7on de travailler dans des produits qui repr\u00e9sentent le r\u00e9sultat final d\u2019un travail photographique ou vid\u00e9o exceptionnel.<\/p>\n<hr \/>\n<h2 class=\"accordion-header\"><strong><button class=\"accordion-button\" type=\"button\" aria-expanded=\"true\"><span class=\"panel-title\">Y a-t-il une diff\u00e9rence entre un produit et un produit de d\u00e9monstration ?<\/span><\/button><\/strong><\/h2>\n<div class=\"accordion-collapse collapse show\">\n<div class=\"whitespace-pre-line accordion-body\">La seule diff\u00e9rence entre un produit original et un produit de d\u00e9monstration est le sceau \"sample\" qui indique qu\u2019il s\u2019agit d\u2019un produit d\u2019exposition.<\/div>\n<\/div>\n<div>\n<hr \/>\n<\/div>\n<div><\/div>\n<div>\n<h2 class=\"accordion-header\"><strong><button class=\"accordion-button\" type=\"button\" aria-expanded=\"true\"><span class=\"panel-title\">O\u00f9 est appos\u00e9 le sceau \"sample\" ?<\/span><\/button><\/strong><\/h2>\n<div class=\"accordion-collapse collapse show\">\n<div class=\"whitespace-pre-line accordion-body\">L\u2019emplacement du sceau \"sample\" peut varier en fonction du produit command\u00e9 et des besoins sp\u00e9cifiques de chaque situation. Rodrilab se r\u00e9serve le droit de modifier la disposition du sceau \"sample\" sans pr\u00e9avis.<\/div>\n<div>\n<hr \/>\n<\/div>\n<div><\/div>\n<\/div>\n<div>\n<h2 class=\"accordion-header\"><strong><button class=\"accordion-button\" type=\"button\" aria-expanded=\"true\"><span class=\"panel-title\">Proposez-vous des remises sur les produits de d\u00e9monstration ?<\/span><\/button><\/strong><\/h2>\n<div class=\"accordion-collapse collapse show\">\n<div class=\"whitespace-pre-line accordion-body\">Oui, tous les livres command\u00e9s en tant que produits de d\u00e9monstration b\u00e9n\u00e9ficient d\u2019une remise de 50 %, et les produits des cat\u00e9gories d\u00e9coration, souvenirs et accessoires ont une remise de 30 %.<\/div>\n<div>\n<hr \/>\n<\/div>\n<div><\/div>\n<\/div>\n<div>\n<h2 class=\"accordion-header\"><strong><button class=\"accordion-button\" type=\"button\" aria-expanded=\"true\"><span class=\"panel-title\">Qui peut b\u00e9n\u00e9ficier de la remise sur les produits de d\u00e9monstration ?<\/span><\/button><\/strong><\/h2>\n<div class=\"accordion-collapse collapse show\">\n<div class=\"whitespace-pre-line accordion-body\">Tous les clients enregistr\u00e9s chez Rodrilab peuvent en b\u00e9n\u00e9ficier, \u00e0 condition que la commande respecte notre politique de d\u00e9monstration.<\/div>\n<div>\n<hr \/>\n<\/div>\n<div><\/div>\n<div>\n<h2 class=\"accordion-header\"><strong><button class=\"accordion-button\" type=\"button\" aria-expanded=\"true\"><span class=\"panel-title\">Quel est le d\u00e9lai de production pour les commandes de d\u00e9monstration ?<\/span><\/button><\/strong><\/h2>\n<div class=\"accordion-collapse collapse show\">\n<div class=\"whitespace-pre-line accordion-body\">Les commandes de d\u00e9monstration prennent entre 8 et 15 jours ouvrables pour \u00eatre produites, sauf pendant les p\u00e9riodes de f\u00eates o\u00f9 les d\u00e9lais standards du produit concern\u00e9 s\u2019appliquent.<\/div>\n<\/div>\n<\/div>\n<div>\n<hr \/>\n<\/div>\n<div>\n<div class=\"accordion-collapse collapse show\">\n<div>\n<h2 class=\"accordion-header\"><strong><button class=\"accordion-button\" type=\"button\" aria-expanded=\"true\"><span class=\"panel-title\">Y a-t-il des limitations pour les commandes de livres de d\u00e9monstration ?<\/span><\/button><\/strong><\/h2>\n<div class=\"accordion-collapse collapse show\">\n<div class=\"whitespace-pre-line accordion-body\">Afin de garantir un acc\u00e8s \u00e9quitable aux produits de d\u00e9monstration, une limite de 3 livres de d\u00e9monstration par an et par client a \u00e9t\u00e9 \u00e9tablie. Toutefois, dans des cas particuliers, il est possible de contacter le Service Client pour demander un examen compl\u00e9mentaire.<\/div>\n<div>\n<hr \/>\n<\/div>\n<div>\n<h2 class=\"accordion-header\"><button class=\"accordion-button\" type=\"button\" aria-expanded=\"true\"><span class=\"panel-title\">Comment puis-je b\u00e9n\u00e9ficier de la remise sur les livres de d\u00e9monstration ?<\/span><\/button><\/h2>\n<div class=\"accordion-collapse collapse show\">\n<div class=\"whitespace-pre-line accordion-body\">Pour b\u00e9n\u00e9ficier de la remise sur les livres de d\u00e9monstration, vous devez s\u00e9lectionner l\u2019option correspondante dans le champ indiqu\u00e9 avant de proc\u00e9der au paiement.<\/div>\n<div>\n<hr \/>\n<\/div>\n<div>\n<h2 class=\"accordion-header\"><button class=\"accordion-button\" type=\"button\" aria-expanded=\"true\"><span class=\"panel-title\">Y a-t-il des limitations pour les commandes de produits de d\u00e9monstration autres que les livres ?<\/span><\/button><\/h2>\n<div class=\"accordion-collapse collapse show\">\n<div class=\"whitespace-pre-line accordion-body\">Afin de garantir une utilisation responsable, vous pouvez commander jusqu\u2019\u00e0 3 produits de d\u00e9monstration dans les cat\u00e9gories Albums, d\u00e9coration, souvenirs et accessoires.<\/div>\n<div>\n<hr \/>\n<\/div>\n<div>\n<h2 class=\"accordion-header\"><button class=\"accordion-button\" type=\"button\" aria-expanded=\"true\"><span class=\"panel-title\">Est-il possible de demander la remise de d\u00e9monstration apr\u00e8s avoir finalis\u00e9 ma commande ?<\/span><\/button><\/h2>\n<div class=\"accordion-collapse collapse show\">\n<div class=\"whitespace-pre-line accordion-body\">Non, la remise de d\u00e9monstration est uniquement appliqu\u00e9e pendant le processus de commande. Il n\u2019est pas possible d\u2019identifier un produit comme d\u00e9monstration apr\u00e8s le traitement et\/ou la production de la commande.<\/div>\n<div>\n<hr \/>\n<\/div>\n<div>\n<h2 class=\"accordion-header\"><button class=\"accordion-button\" type=\"button\" aria-expanded=\"true\"><span class=\"panel-title\">Puis-je commander un produit de d\u00e9monstration \u00e0 tout moment de l\u2019ann\u00e9e ?<\/span><\/button><\/h2>\n<div class=\"accordion-collapse collapse show\">\n<div class=\"whitespace-pre-line accordion-body\">Oui, vous pouvez. Il n\u2019y a pas de restrictions de date pour commander un produit de d\u00e9monstration \u2014 vous pouvez passer votre commande \u00e0 tout moment de l\u2019ann\u00e9e. Toutefois, veuillez noter qu\u2019en p\u00e9riode de forte activit\u00e9, le d\u00e9lai de production des produits de d\u00e9monstration peut \u00eatre prolong\u00e9.<\/div>\n<div>\n<hr \/>\n<\/div>\n<div>\n<h2 class=\"accordion-header\"><button class=\"accordion-button\" type=\"button\" aria-expanded=\"true\"><span class=\"panel-title\">Puis-je cumuler la remise de d\u00e9monstration avec d\u2019autres promotions ou r\u00e9ductions ?<\/span><\/button><\/h2>\n<div class=\"accordion-collapse collapse show\">\n<div class=\"whitespace-pre-line accordion-body\">La remise de d\u00e9monstration ne peut pas \u00eatre cumul\u00e9e avec d\u2019autres offres ou r\u00e9ductions en cours.<\/div>\n<div>\n<hr \/>\n<\/div>\n<div>\n<h2 class=\"accordion-header\"><button class=\"accordion-button\" type=\"button\" aria-expanded=\"true\"><span class=\"panel-title\">Ma commande peut-elle \u00eatre refus\u00e9e ?<\/span><\/button><\/h2>\n<div class=\"accordion-collapse collapse show\">\n<div class=\"whitespace-pre-line accordion-body\">Rodrilab offre cette remise afin que vous puissiez diversifier ou renouveler vos \u00e9chantillons de produits et, par cons\u00e9quent, augmenter vos ventes aupr\u00e8s de vos clients. Nous nous r\u00e9servons le droit d\u2019annuler les commandes qui ne r\u00e9pondent pas \u00e0 cet objectif. Rodrilab se r\u00e9serve \u00e9galement le droit d\u2019annuler les commandes de produits qui ne correspondent pas \u00e0 notre politique de d\u00e9monstration et\/ou qui ne sont pas en ad\u00e9quation avec le domaine d\u2019activit\u00e9 du photographe.<\/div>\n<div>\n<hr \/>\n<\/div>\n<div>\n<h2 class=\"accordion-header\"><button class=\"accordion-button\" type=\"button\" aria-expanded=\"true\"><span class=\"panel-title\">Puis-je commander des produits de d\u00e9monstration avec des produits standards ?<\/span><\/button><\/h2>\n<div class=\"accordion-collapse collapse show\">\n<div class=\"whitespace-pre-line accordion-body\">Lors de la commande de produits de d\u00e9monstration, vous ne devez inclure aucun autre produit, car en s\u00e9lectionnant l\u2019option de d\u00e9monstration, celle-ci s\u2019appliquera \u00e0 l\u2019ensemble de la commande et tous les produits seront consid\u00e9r\u00e9s comme des produits de d\u00e9monstration.<\/div>\n<div>\n<hr \/>\n<\/div>\n<div>\n<h2 class=\"accordion-header\"><button class=\"accordion-button\" type=\"button\" aria-expanded=\"true\"><span class=\"panel-title\">Produits b\u00e9n\u00e9ficiant de la remise de d\u00e9monstration :<\/span><\/button><\/h2>\n<div class=\"accordion-collapse collapse show\">\n<div class=\"whitespace-pre-line accordion-body\">Tous les produits Rodrilab.<\/div>\n<\/div>\n<\/div>\n<\/div>\n<\/div>\n<\/div>\n<\/div>\n<\/div>\n<\/div>\n<\/div>\n<\/div>\n<\/div>\n<\/div>\n<\/div>\n<\/div>\n<\/div>\n<\/div>\n<\/div>\n<\/div>\n<\/div>\n<\/div>\n<\/div>\n<\/div>\n<\/div>\n<\/div>","protected":false},"excerpt":{"rendered":"<p>Desconto Produtos Mostru\u00e1rio. Expor os seus trabalhos finais em produtos de alta qualidade e acabamentos incr\u00edveis \u00e9 uma excelente maneira<\/p>","protected":false},"author":87,"featured_media":0,"parent":0,"menu_order":0,"comment_status":"closed","ping_status":"closed","template":"","meta":{"rs_blank_template":"","rs_page_bg_color":"","slide_template_v7":"","inline_featured_image":false,"footnotes":""},"class_list":["post-18560","page","type-page","status-publish","hentry"],"_links":{"self":[{"href":"https:\/\/rodrilab.com\/fr\/wp-json\/wp\/v2\/pages\/18560","targetHints":{"allow":["GET"]}}],"collection":[{"href":"https:\/\/rodrilab.com\/fr\/wp-json\/wp\/v2\/pages"}],"about":[{"href":"https:\/\/rodrilab.com\/fr\/wp-json\/wp\/v2\/types\/page"}],"author":[{"embeddable":true,"href":"https:\/\/rodrilab.com\/fr\/wp-json\/wp\/v2\/users\/87"}],"replies":[{"embeddable":true,"href":"https:\/\/rodrilab.com\/fr\/wp-json\/wp\/v2\/comments?post=18560"}],"version-history":[{"count":0,"href":"https:\/\/rodrilab.com\/fr\/wp-json\/wp\/v2\/pages\/18560\/revisions"}],"wp:attachment":[{"href":"https:\/\/rodrilab.com\/fr\/wp-json\/wp\/v2\/media?parent=18560"}],"curies":[{"name":"wp","href":"https:\/\/api.w.org\/{rel}","templated":true}]}}