{"id":26416,"date":"2026-04-23T19:17:14","date_gmt":"2026-04-23T19:17:14","guid":{"rendered":"https:\/\/rodrilab.com\/?post_type=product&#038;p=26416"},"modified":"2026-04-23T19:53:45","modified_gmt":"2026-04-23T19:53:45","slug":"wood-prestige","status":"publish","type":"product","link":"https:\/\/rodrilab.com\/es\/producto\/wood-prestige\/","title":{"rendered":"Wood Prestige"},"content":{"rendered":"<p data-start=\"83\" data-end=\"168\"><strong data-start=\"85\" data-end=\"102\">Wood Prestige,<\/strong> eleva a autenticidade da madeira a um novo n\u00edvel de sofistica\u00e7\u00e3o.<\/p>\n<p data-start=\"170\" data-end=\"361\">Desenvolvida com uma estrutura s\u00f3lida e intemporal, esta cole\u00e7\u00e3o distingue-se pela criteriosa sele\u00e7\u00e3o de madeiras nobres, meticulosamente trabalhadas para evidenciar texturas naturais \u00fanicas.<\/p>\n<p data-start=\"363\" data-end=\"472\">Cada pe\u00e7a \u00e9 irrepet\u00edvel, refletindo o car\u00e1ter org\u00e2nico da mat\u00e9ria-prima aliado a um acabamento de excel\u00eancia.<\/p>\n<p data-start=\"474\" data-end=\"642\">A fus\u00e3o entre tradi\u00e7\u00e3o e inova\u00e7\u00e3o permite a integra\u00e7\u00e3o de diferentes revestimentos na lombada e contracapa, criando um equil\u00edbrio harmonioso entre robustez e eleg\u00e2ncia.<\/p>\n<p data-start=\"644\" data-end=\"810\">A personaliza\u00e7\u00e3o atrav\u00e9s de grava\u00e7\u00e3o a laser ou impress\u00e3o UV acrescenta um toque distintivo, transformando cada \u00e1lbum numa pe\u00e7a verdadeiramente exclusiva e memor\u00e1vel.<\/p>\n<p data-start=\"72\" data-end=\"93\">.<\/p>","protected":false},"excerpt":{"rendered":"<p>Wood Prestige, eleva a autenticidade da madeira a um novo n\u00edvel de sofistica\u00e7\u00e3o. Desenvolvida com uma estrutura s\u00f3lida e intemporal,<\/p>","protected":false},"featured_media":19041,"comment_status":"closed","ping_status":"closed","template":"","meta":{"rs_blank_template":"","rs_page_bg_color":"","slide_template_v7":"","inline_featured_image":false},"product_brand":[],"product_cat":[3077],"product_tag":[],"class_list":{"0":"post-26416","1":"product","2":"type-product","3":"status-publish","4":"has-post-thumbnail","6":"product_cat-albuns","8":"first","9":"instock","10":"taxable","11":"shipping-taxable","12":"product-type-variable"},"_links":{"self":[{"href":"https:\/\/rodrilab.com\/es\/wp-json\/wp\/v2\/product\/26416","targetHints":{"allow":["GET"]}}],"collection":[{"href":"https:\/\/rodrilab.com\/es\/wp-json\/wp\/v2\/product"}],"about":[{"href":"https:\/\/rodrilab.com\/es\/wp-json\/wp\/v2\/types\/product"}],"replies":[{"embeddable":true,"href":"https:\/\/rodrilab.com\/es\/wp-json\/wp\/v2\/comments?post=26416"}],"wp:featuredmedia":[{"embeddable":true,"href":"https:\/\/rodrilab.com\/es\/wp-json\/wp\/v2\/media\/19041"}],"wp:attachment":[{"href":"https:\/\/rodrilab.com\/es\/wp-json\/wp\/v2\/media?parent=26416"}],"wp:term":[{"taxonomy":"product_brand","embeddable":true,"href":"https:\/\/rodrilab.com\/es\/wp-json\/wp\/v2\/product_brand?post=26416"},{"taxonomy":"product_cat","embeddable":true,"href":"https:\/\/rodrilab.com\/es\/wp-json\/wp\/v2\/product_cat?post=26416"},{"taxonomy":"product_tag","embeddable":true,"href":"https:\/\/rodrilab.com\/es\/wp-json\/wp\/v2\/product_tag?post=26416"}],"curies":[{"name":"wp","href":"https:\/\/api.w.org\/{rel}","templated":true}]}}