{"id":26238,"date":"2026-03-25T18:18:40","date_gmt":"2026-03-25T18:18:40","guid":{"rendered":"https:\/\/rodrilab.com\/?post_type=product&#038;p=26238"},"modified":"2026-03-27T13:34:18","modified_gmt":"2026-03-27T13:34:18","slug":"coverstory","status":"publish","type":"product","link":"https:\/\/rodrilab.com\/es\/producto\/coverstory\/","title":{"rendered":"CoverStory"},"content":{"rendered":"<p data-start=\"75\" data-end=\"175\"><strong data-start=\"75\" data-end=\"89\">CoverStory<\/strong><\/p>\n<p data-start=\"75\" data-end=\"175\">Uma experi\u00eancia que come\u00e7a na capa e continua no interior.<\/p>\n<p data-start=\"177\" data-end=\"381\">Cada detalhe foi pensado para contar uma hist\u00f3ria completa, uma capa que marca o primeiro impacto e uma p\u00e1gina interna que revela o essencial.<\/p>\n<p data-start=\"177\" data-end=\"381\">Dois momentos, um s\u00f3 conceito. Simples, elegante e memor\u00e1vel.<\/p>\n<p data-start=\"383\" data-end=\"551\">Perfeito para quem valoriza apresenta\u00e7\u00e3o e significado.<\/p>\n<p data-start=\"383\" data-end=\"551\">Porque toda capa tem uma hist\u00f3ria para contar, onde o exterior convida, e o interior emociona.<\/p>","protected":false},"excerpt":{"rendered":"<p>CoverStory Uma experi\u00eancia que come\u00e7a na capa e continua no interior. Cada detalhe foi pensado para contar uma hist\u00f3ria completa,<\/p>","protected":false},"featured_media":18793,"comment_status":"closed","ping_status":"closed","template":"","meta":{"rs_blank_template":"","rs_page_bg_color":"","slide_template_v7":"","inline_featured_image":false},"product_brand":[],"product_cat":[3081],"product_tag":[],"class_list":{"0":"post-26238","1":"product","2":"type-product","3":"status-publish","4":"has-post-thumbnail","6":"product_cat-lembrancas-acessorios","8":"first","9":"instock","10":"taxable","11":"shipping-taxable","12":"product-type-variable"},"_links":{"self":[{"href":"https:\/\/rodrilab.com\/es\/wp-json\/wp\/v2\/product\/26238","targetHints":{"allow":["GET"]}}],"collection":[{"href":"https:\/\/rodrilab.com\/es\/wp-json\/wp\/v2\/product"}],"about":[{"href":"https:\/\/rodrilab.com\/es\/wp-json\/wp\/v2\/types\/product"}],"replies":[{"embeddable":true,"href":"https:\/\/rodrilab.com\/es\/wp-json\/wp\/v2\/comments?post=26238"}],"wp:featuredmedia":[{"embeddable":true,"href":"https:\/\/rodrilab.com\/es\/wp-json\/wp\/v2\/media\/18793"}],"wp:attachment":[{"href":"https:\/\/rodrilab.com\/es\/wp-json\/wp\/v2\/media?parent=26238"}],"wp:term":[{"taxonomy":"product_brand","embeddable":true,"href":"https:\/\/rodrilab.com\/es\/wp-json\/wp\/v2\/product_brand?post=26238"},{"taxonomy":"product_cat","embeddable":true,"href":"https:\/\/rodrilab.com\/es\/wp-json\/wp\/v2\/product_cat?post=26238"},{"taxonomy":"product_tag","embeddable":true,"href":"https:\/\/rodrilab.com\/es\/wp-json\/wp\/v2\/product_tag?post=26238"}],"curies":[{"name":"wp","href":"https:\/\/api.w.org\/{rel}","templated":true}]}}