{"id":26012,"date":"2026-02-23T23:56:31","date_gmt":"2026-02-23T23:56:31","guid":{"rendered":"https:\/\/rodrilab.com\/?post_type=product&#038;p=26012"},"modified":"2026-03-25T03:24:43","modified_gmt":"2026-03-25T03:24:43","slug":"deco-kristal","status":"publish","type":"product","link":"https:\/\/rodrilab.com\/es\/producto\/deco-kristal\/","title":{"rendered":"Deco Kristal"},"content":{"rendered":"<p><strong>Deco Kristal Prints<\/strong><\/p>\n<p>Os Deco Kistal s\u00e3o produzidos em Acrilico de 4mm de espessura, com uma fotografia contracolada de alta qualidade impressa em <strong>Papel Lustre Fujicolor Crystal Archive Digital Paper Type DPII. <\/strong><\/p>\n<p>Este produto \u00e9 uma excelente op\u00e7\u00e3o tanto para decora\u00e7\u00e3o quanto para comunica\u00e7\u00e3o visual de alta qualidade.<\/p>\n<p>Dispon\u00edveis em diversos tamanhos \u2013 20\u00d720, 25\u00d725, 30\u00d730, 30\u00d740, 35\u00d735, 40\u00d740, 40\u00d750, 50\u00d750, e em 13 formatos diferentes.<\/p>\n<p>A instala\u00e7\u00e3o \u00e9 extremamente simples, gra\u00e7as ao suporte integrado, composto por uma placa em madeira de 4mm com um orif\u00edcio na extremidade, permitindo uma fixa\u00e7\u00e3o r\u00e1pida e segura.<\/p>\n<p><strong>Tempo de produ\u00e7\u00e3o: de 4 a 8 dias \u00fateis<\/strong><\/p>","protected":false},"excerpt":{"rendered":"<p>Deco Kristal Prints Os Deco Kistal s\u00e3o produzidos em Acrilico de 4mm de espessura, com uma fotografia contracolada de alta<\/p>","protected":false},"featured_media":16495,"comment_status":"closed","ping_status":"closed","template":"","meta":{"rs_blank_template":"","rs_page_bg_color":"","slide_template_v7":"","inline_featured_image":false},"product_brand":[],"product_cat":[3079],"product_tag":[],"class_list":{"0":"post-26012","1":"product","2":"type-product","3":"status-publish","4":"has-post-thumbnail","6":"product_cat-decoracao","8":"first","9":"instock","10":"taxable","11":"shipping-taxable","12":"product-type-variable"},"_links":{"self":[{"href":"https:\/\/rodrilab.com\/es\/wp-json\/wp\/v2\/product\/26012","targetHints":{"allow":["GET"]}}],"collection":[{"href":"https:\/\/rodrilab.com\/es\/wp-json\/wp\/v2\/product"}],"about":[{"href":"https:\/\/rodrilab.com\/es\/wp-json\/wp\/v2\/types\/product"}],"replies":[{"embeddable":true,"href":"https:\/\/rodrilab.com\/es\/wp-json\/wp\/v2\/comments?post=26012"}],"wp:featuredmedia":[{"embeddable":true,"href":"https:\/\/rodrilab.com\/es\/wp-json\/wp\/v2\/media\/16495"}],"wp:attachment":[{"href":"https:\/\/rodrilab.com\/es\/wp-json\/wp\/v2\/media?parent=26012"}],"wp:term":[{"taxonomy":"product_brand","embeddable":true,"href":"https:\/\/rodrilab.com\/es\/wp-json\/wp\/v2\/product_brand?post=26012"},{"taxonomy":"product_cat","embeddable":true,"href":"https:\/\/rodrilab.com\/es\/wp-json\/wp\/v2\/product_cat?post=26012"},{"taxonomy":"product_tag","embeddable":true,"href":"https:\/\/rodrilab.com\/es\/wp-json\/wp\/v2\/product_tag?post=26012"}],"curies":[{"name":"wp","href":"https:\/\/api.w.org\/{rel}","templated":true}]}}