{"id":24198,"date":"2025-10-07T14:50:14","date_gmt":"2025-10-07T14:50:14","guid":{"rendered":"https:\/\/rodrilab.com\/?post_type=product&#038;p=24198"},"modified":"2025-11-19T18:55:19","modified_gmt":"2025-11-19T18:55:19","slug":"christmas-acordion-folio-analogico","status":"publish","type":"product","link":"https:\/\/rodrilab.com\/es\/producto\/christmas-acordion-folio-analogico\/","title":{"rendered":"Christmas Acordion Folio Analogico"},"content":{"rendered":"<p><strong data-start=\"69\" data-end=\"108\">Christmas Accordion Folio Anal\u00f3gico<\/strong><\/p>\n<p>O <strong data-start=\"113\" data-end=\"152\">Christmas Accordion Folio Anal\u00f3gico<\/strong> \u00e9 uma solu\u00e7\u00e3o encantadora para oferecer mem\u00f3rias.<\/p>\n<p>Com <strong data-start=\"209\" data-end=\"236\">6 fotografias inclu\u00eddas<\/strong>, apresenta-se como uma pe\u00e7a delicada e original, ideal para guardar ou partilhar momentos \u00fanicos.<\/p>\n<p>\u00c9 <strong data-start=\"339\" data-end=\"373\">vendido em packs de 5 unidades<\/strong> e est\u00e1 dispon\u00edvel em <strong data-start=\"395\" data-end=\"440\">v\u00e1rios materiais com inspira\u00e7\u00e3o natal\u00edcia<\/strong>, sendo o presente perfeito para celebrar esta \u00e9poca especial com eleg\u00e2ncia e emo\u00e7\u00e3o.<\/p>","protected":false},"excerpt":{"rendered":"<p>Christmas Accordion Folio Anal\u00f3gico O Christmas Accordion Folio Anal\u00f3gico \u00e9 uma solu\u00e7\u00e3o encantadora para oferecer mem\u00f3rias. Com 6 fotografias inclu\u00eddas,<\/p>","protected":false},"featured_media":23088,"comment_status":"closed","ping_status":"closed","template":"","meta":{"rs_blank_template":"","rs_page_bg_color":"","slide_template_v7":"","inline_featured_image":false},"product_brand":[],"product_cat":[2947],"product_tag":[],"class_list":{"0":"post-24198","1":"product","2":"type-product","3":"status-publish","4":"has-post-thumbnail","6":"product_cat-natal","8":"first","9":"instock","10":"taxable","11":"shipping-taxable","12":"product-type-variable"},"_links":{"self":[{"href":"https:\/\/rodrilab.com\/es\/wp-json\/wp\/v2\/product\/24198","targetHints":{"allow":["GET"]}}],"collection":[{"href":"https:\/\/rodrilab.com\/es\/wp-json\/wp\/v2\/product"}],"about":[{"href":"https:\/\/rodrilab.com\/es\/wp-json\/wp\/v2\/types\/product"}],"replies":[{"embeddable":true,"href":"https:\/\/rodrilab.com\/es\/wp-json\/wp\/v2\/comments?post=24198"}],"wp:featuredmedia":[{"embeddable":true,"href":"https:\/\/rodrilab.com\/es\/wp-json\/wp\/v2\/media\/23088"}],"wp:attachment":[{"href":"https:\/\/rodrilab.com\/es\/wp-json\/wp\/v2\/media?parent=24198"}],"wp:term":[{"taxonomy":"product_brand","embeddable":true,"href":"https:\/\/rodrilab.com\/es\/wp-json\/wp\/v2\/product_brand?post=24198"},{"taxonomy":"product_cat","embeddable":true,"href":"https:\/\/rodrilab.com\/es\/wp-json\/wp\/v2\/product_cat?post=24198"},{"taxonomy":"product_tag","embeddable":true,"href":"https:\/\/rodrilab.com\/es\/wp-json\/wp\/v2\/product_tag?post=24198"}],"curies":[{"name":"wp","href":"https:\/\/api.w.org\/{rel}","templated":true}]}}