{"id":22070,"date":"2025-08-15T18:23:21","date_gmt":"2025-08-15T18:23:21","guid":{"rendered":"https:\/\/rodrilab.com\/?post_type=product&#038;p=22070"},"modified":"2025-11-13T09:06:40","modified_gmt":"2025-11-13T09:06:40","slug":"linen-pure","status":"publish","type":"product","link":"https:\/\/rodrilab.com\/es\/producto\/linen-pure\/","title":{"rendered":"Linen Pure"},"content":{"rendered":"<p><strong data-start=\"76\" data-end=\"98\">Linen Pure Collection<\/strong><\/p>\n<p>Pensada para quem valoriza a experi\u00eancia t\u00e1til, a <strong data-start=\"76\" data-end=\"98\">Linen Pure<\/strong> destaca-se pela suavidade e eleg\u00e2ncia incompar\u00e1veis do seu revestimento em linho.<\/p>\n<p>A capa, produzida numa \u00fanica pe\u00e7a, refor\u00e7a a sua est\u00e9tica minimalista e sofisticada, enquanto o linho de origem sustent\u00e1vel, torna uma escolha consciente e amiga do ambiente.<\/p>\n<p>Dispon\u00edvel numa ampla paleta de cores e com diversas op\u00e7\u00f5es de personaliza\u00e7\u00e3o, \u00e9 a combina\u00e7\u00e3o perfeita entre design, versatilidade e responsabilidade ecol\u00f3gica.<\/p>\n<p>Um produto vegan, atrativo e duradouro, que reflete o melhor da qualidade e do estilo contempor\u00e2neo.<\/p>","protected":false},"excerpt":{"rendered":"<p>Linen Pure Collection Pensada para quem valoriza a experi\u00eancia t\u00e1til, a Linen Pure destaca-se pela suavidade e eleg\u00e2ncia incompar\u00e1veis do<\/p>","protected":false},"featured_media":21916,"comment_status":"closed","ping_status":"closed","template":"","meta":{"rs_blank_template":"","rs_page_bg_color":"","slide_template_v7":"","inline_featured_image":false},"product_brand":[],"product_cat":[3077],"product_tag":[],"class_list":{"0":"post-22070","1":"product","2":"type-product","3":"status-publish","4":"has-post-thumbnail","6":"product_cat-albuns","8":"first","9":"instock","10":"taxable","11":"shipping-taxable","12":"product-type-variable"},"_links":{"self":[{"href":"https:\/\/rodrilab.com\/es\/wp-json\/wp\/v2\/product\/22070","targetHints":{"allow":["GET"]}}],"collection":[{"href":"https:\/\/rodrilab.com\/es\/wp-json\/wp\/v2\/product"}],"about":[{"href":"https:\/\/rodrilab.com\/es\/wp-json\/wp\/v2\/types\/product"}],"replies":[{"embeddable":true,"href":"https:\/\/rodrilab.com\/es\/wp-json\/wp\/v2\/comments?post=22070"}],"wp:featuredmedia":[{"embeddable":true,"href":"https:\/\/rodrilab.com\/es\/wp-json\/wp\/v2\/media\/21916"}],"wp:attachment":[{"href":"https:\/\/rodrilab.com\/es\/wp-json\/wp\/v2\/media?parent=22070"}],"wp:term":[{"taxonomy":"product_brand","embeddable":true,"href":"https:\/\/rodrilab.com\/es\/wp-json\/wp\/v2\/product_brand?post=22070"},{"taxonomy":"product_cat","embeddable":true,"href":"https:\/\/rodrilab.com\/es\/wp-json\/wp\/v2\/product_cat?post=22070"},{"taxonomy":"product_tag","embeddable":true,"href":"https:\/\/rodrilab.com\/es\/wp-json\/wp\/v2\/product_tag?post=22070"}],"curies":[{"name":"wp","href":"https:\/\/api.w.org\/{rel}","templated":true}]}}