{"id":20306,"date":"2025-06-19T17:51:53","date_gmt":"2025-06-19T17:51:53","guid":{"rendered":"https:\/\/rodrilab.com\/?post_type=product&#038;p=20306"},"modified":"2026-01-15T13:40:32","modified_gmt":"2026-01-15T13:40:32","slug":"luxe","status":"publish","type":"product","link":"https:\/\/rodrilab.com\/es\/producto\/luxe\/","title":{"rendered":"Luxe"},"content":{"rendered":"<p data-start=\"115\" data-end=\"135\">Luxe Collection<\/p>\n<p data-start=\"136\" data-end=\"408\">A <strong data-start=\"138\" data-end=\"156\">Luxe Collection<\/strong> traduz inova\u00e7\u00e3o e eleg\u00e2ncia, com padr\u00f5es pensados para responder aos desejos dos casais contempor\u00e2neos e de clientes que procuram sempre algo distinto.<\/p>\n<p data-start=\"136\" data-end=\"408\">Mais do que um \u00e1lbum, \u00e9 a celebra\u00e7\u00e3o de momentos \u00fanicos, eternizados com brilho e sofistica\u00e7\u00e3o.<\/p>","protected":false},"excerpt":{"rendered":"<p>Luxe Collection A Luxe Collection traduz inova\u00e7\u00e3o e eleg\u00e2ncia, com padr\u00f5es pensados para responder aos desejos dos casais contempor\u00e2neos e<\/p>","protected":false},"featured_media":21461,"comment_status":"closed","ping_status":"closed","template":"","meta":{"rs_blank_template":"","rs_page_bg_color":"","slide_template_v7":"","inline_featured_image":false},"product_brand":[],"product_cat":[3077],"product_tag":[],"class_list":{"0":"post-20306","1":"product","2":"type-product","3":"status-publish","4":"has-post-thumbnail","6":"product_cat-albuns","8":"first","9":"instock","10":"taxable","11":"shipping-taxable","12":"product-type-variable"},"_links":{"self":[{"href":"https:\/\/rodrilab.com\/es\/wp-json\/wp\/v2\/product\/20306","targetHints":{"allow":["GET"]}}],"collection":[{"href":"https:\/\/rodrilab.com\/es\/wp-json\/wp\/v2\/product"}],"about":[{"href":"https:\/\/rodrilab.com\/es\/wp-json\/wp\/v2\/types\/product"}],"replies":[{"embeddable":true,"href":"https:\/\/rodrilab.com\/es\/wp-json\/wp\/v2\/comments?post=20306"}],"wp:featuredmedia":[{"embeddable":true,"href":"https:\/\/rodrilab.com\/es\/wp-json\/wp\/v2\/media\/21461"}],"wp:attachment":[{"href":"https:\/\/rodrilab.com\/es\/wp-json\/wp\/v2\/media?parent=20306"}],"wp:term":[{"taxonomy":"product_brand","embeddable":true,"href":"https:\/\/rodrilab.com\/es\/wp-json\/wp\/v2\/product_brand?post=20306"},{"taxonomy":"product_cat","embeddable":true,"href":"https:\/\/rodrilab.com\/es\/wp-json\/wp\/v2\/product_cat?post=20306"},{"taxonomy":"product_tag","embeddable":true,"href":"https:\/\/rodrilab.com\/es\/wp-json\/wp\/v2\/product_tag?post=20306"}],"curies":[{"name":"wp","href":"https:\/\/api.w.org\/{rel}","templated":true}]}}