{"id":83,"date":"2018-01-12T17:21:52","date_gmt":"2018-01-12T17:21:52","guid":{"rendered":"https:\/\/rodrilab.com\/?page_id=83"},"modified":"2024-12-25T17:09:53","modified_gmt":"2024-12-25T17:09:53","slug":"politica-privacidade","status":"publish","type":"page","link":"https:\/\/rodrilab.com\/es\/politica-privacidade\/","title":{"rendered":"Pol\u00edtica de Privacidad"},"content":{"rendered":"<div class=\"wpb-content-wrapper\"><div class=\"vc_row wpb_row vc_row-fluid\"><div class=\"wpb_column vc_column_container vc_col-sm-12\"><div class=\"vc_column-inner\"><div class=\"wpb_wrapper\">\n\t<div class=\"wpb_text_column wpb_content_element\" >\n\t\t<div class=\"wpb_wrapper\">\n\t\t\t<p><strong>RODRILAB se dedica a la provisi\u00f3n de productos y servicios fotogr\u00e1ficos para empresas del sector fotogr\u00e1fico y fot\u00f3grafos profesionales.<\/strong><\/p>\n<p>La empresa respeta la privacidad de los visitantes de su sitio web, cuya p\u00e1gina principal se encuentra en https:\/\/www.rodrilab.com.<br \/>\nEsta Pol\u00edtica de Privacidad tiene como objetivo informarle sobre nuestras pol\u00edticas y pr\u00e1cticas en relaci\u00f3n con la recopilaci\u00f3n, el uso y la divulgaci\u00f3n de cualquier informaci\u00f3n que nos proporcione a trav\u00e9s de nuestro sitio web.<\/p>\n<p>Esta pol\u00edtica describe brevemente la informaci\u00f3n que podr\u00edamos recopilar, sus posibles usos y otros temas importantes relacionados con la privacidad y la protecci\u00f3n de datos del usuario.<\/p>\n<p>Toda la informaci\u00f3n relativa a los usuarios ser\u00e1 tratada por RODRILAB de acuerdo con el Reglamento (UE) 2016\/679 de 27 de abril de 2016 (Reglamento General de Protecci\u00f3n de Datos \u2013 RGPD).<\/p>\n\n\t\t<\/div>\n\t<\/div>\n<\/div><\/div><\/div><\/div><div class=\"vc_row wpb_row vc_row-fluid wd-rs-676c2ef4cd9e0\"><div class=\"wpb_column vc_column_container vc_col-sm-12\"><div class=\"vc_column-inner\"><div class=\"wpb_wrapper\"><div  class=\"vc_do_toggle vc_toggle vc_toggle_default vc_toggle_color_default vc_toggle_size_md\"><div class=\"vc_toggle_title\"><h4>Responsabilidad del tratamiento de datos<\/h4><i class=\"vc_toggle_icon\"><\/i><\/div><div class=\"vc_toggle_content\"><p>RODRILAB, con sede en Rua da Escola, 147, 4750-492 GALEGOS S. MARTINHO, NIF 517 379 210, es la entidad responsable del tratamiento de sus datos recogidos en sus distintos sitios web y en sus formularios de registro y contacto.<\/p>\n<\/div><\/div><div  class=\"vc_do_toggle vc_toggle vc_toggle_default vc_toggle_color_default vc_toggle_size_md\"><div class=\"vc_toggle_title\"><h4>Consentimiento de uso<\/h4><i class=\"vc_toggle_icon\"><\/i><\/div><div class=\"vc_toggle_content\"><p>Al enviar su informaci\u00f3n comercial u otros contenidos a trav\u00e9s de nuestro sitio web, usted acepta los t\u00e9rminos de esta Pol\u00edtica de Privacidad y consiente expresamente el tratamiento de su informaci\u00f3n conforme a la misma.<\/p>\n<p>Recogemos \u00fanicamente la informaci\u00f3n estrictamente necesaria para ofrecer un servicio de calidad. Esta recogida de datos nos ayuda a comprender mejor a los usuarios de nuestro sitio web, a nuestros clientes y potenciales clientes. Utilizamos estos datos para poder prestar los servicios solicitados.<\/p>\n<p>Los datos proporcionados ser\u00e1n utilizados exclusivamente por Rodrilab para la gesti\u00f3n y producci\u00f3n de pedidos, solicitudes de contacto e informaci\u00f3n sobre sus productos y servicios. Estos datos ser\u00e1n tratados inform\u00e1ticamente e incorporados en un fichero propiedad de RODRILAB (Rua da Escola 147 \u2013 4750-492 Galegos S. Martinho).<\/p>\n<p>El titular de los datos tiene garantizado el derecho de acceso, rectificaci\u00f3n, modificaci\u00f3n o eliminaci\u00f3n de los mismos. La solicitud debe dirigirse al responsable del tratamiento \u2013 RODRILAB, a trav\u00e9s del correo electr\u00f3nico geral@rodrilab.com. Normalmente respondemos a las solicitudes en un plazo de 28 d\u00edas a partir de su recepci\u00f3n.<\/p>\n<\/div><\/div><div  class=\"vc_do_toggle vc_toggle vc_toggle_default vc_toggle_color_default vc_toggle_size_md\"><div class=\"vc_toggle_title\"><h4>Datos que recopilamos y finalidades<\/h4><i class=\"vc_toggle_icon\"><\/i><\/div><div class=\"vc_toggle_content\"><p>Toda la informaci\u00f3n recopilada est\u00e1 en conformidad con el Reglamento General de Protecci\u00f3n de Datos (RGPD).<\/p>\n<p>Conservaremos su informaci\u00f3n mientras sea necesario para prestarle nuestros servicios y cumplir con los fines indicados en esta pol\u00edtica. Esto tambi\u00e9n se aplica a cualquier persona o empresa con la que compartamos su informaci\u00f3n y que preste servicios para RODRILAB. Cuando ya no necesitemos utilizar su informaci\u00f3n y no haya ninguna obligaci\u00f3n legal o reglamentaria para conservarla, ser\u00e1 eliminada de nuestros sistemas o anonimizada de forma que no pueda ser identificada.<\/p>\n<p>Cuando se registra en nuestro sitio web, recopilamos sus datos comerciales, como el nombre de la empresa, el nombre de la persona de contacto, la direcci\u00f3n, el correo electr\u00f3nico, el n\u00famero de identificaci\u00f3n fiscal, etc. Tambi\u00e9n recopilamos datos que nos permiten definir su perfil de cliente, incluyendo el \u00e1rea de la fotograf\u00eda en la que trabaja (bodas, reci\u00e9n nacidos, estudio u otras).<\/p>\n<p>Cuando realiza un pedido de productos o servicios en el sitio web, recopilamos toda la informaci\u00f3n necesaria para completar la transacci\u00f3n, incluidas im\u00e1genes, datos de facturaci\u00f3n, informaci\u00f3n de contacto y direcci\u00f3n de entrega.<\/p>\n<p>Cuando se suscribe al bolet\u00edn de RODRILAB, recopilamos su nombre y direcci\u00f3n de correo electr\u00f3nico.<\/p>\n<p>Cuando se pone en contacto con nosotros para dejar comentarios, hacer preguntas o enviarnos sugerencias mediante los formularios del sitio web, recopilamos su nombre, direcci\u00f3n de correo electr\u00f3nico y sus comentarios, preguntas o sugerencias.<\/p>\n<p>Cuando participa en nuestros cuestionarios, podemos recopilar informaci\u00f3n adicional.<\/p>\n<p>Cuando se pone en contacto con nosotros por correo electr\u00f3nico, recopilamos su direcci\u00f3n de correo, toda la informaci\u00f3n contenida en el mensaje que nos haya enviado y cualquier archivo adjunto.<\/p>\n<p>En general, la informaci\u00f3n que nos proporciona sirve para ponernos en contacto con usted, responder a sus consultas o ayudarnos a ofrecer un servicio de calidad acorde a sus expectativas.<\/p>\n<p>Tenga en cuenta que el contenido que suba a nuestras plataformas puede contener informaci\u00f3n personal de terceros (como im\u00e1genes, direcciones de env\u00edo, datos de contacto u otra informaci\u00f3n).<\/p>\n<p>Tenga en cuenta que para compartir este contenido con nosotros (o con otros, a trav\u00e9s de funciones de nuestro software como la creaci\u00f3n de pruebas o las funciones de vista previa), debe contar con el consentimiento expreso de las personas involucradas. Al enviar estos datos en nuestras plataformas, nos garantiza que est\u00e1 autorizado para hacerlo.<\/p>\n<p>El contenido de los datos enviados, esenciales para la producci\u00f3n y entrega de los pedidos y que puede contener informaci\u00f3n personal de terceros, es recopilado y tratado por RODRILAB con el \u00fanico objetivo de procesar sus pedidos y se almacena durante un per\u00edodo m\u00e1ximo de un a\u00f1o.<\/p>\n<p>Suscripci\u00f3n al bolet\u00edn:<\/p>\n<p>RODRILAB puede enviar comunicaciones con fines de marketing directo, en particular mediante el uso de sistemas automatizados de llamada y comunicaci\u00f3n que no requieren intervenci\u00f3n humana (dispositivos de llamada autom\u00e1tica), m\u00e1quinas de fax o correo electr\u00f3nico, incluidos SMS (servicios de mensajes cortos), EMS (servicios de mensajes mejorados), MMS (servicios de mensajes multimedia) y otros tipos de aplicaciones similares.<\/p>\n<p>Al formar parte de nuestra base de datos, podr\u00e1 recibir boletines con contenido relacionado con RODRILAB, inform\u00e1ndole sobre ofertas promocionales, informaci\u00f3n publicitaria, encuestas, eventos patrocinados o anuncios de cambios y mejoras en nuestros productos y servicios.<\/p>\n<p>El bolet\u00edn de RODRILAB se env\u00eda por correo electr\u00f3nico. Al suscribirse al bolet\u00edn en el sitio web de RODRILAB o en otro lugar, usted acepta la recopilaci\u00f3n de su nombre y direcci\u00f3n de correo electr\u00f3nico para este prop\u00f3sito. Para asegurarnos de que la suscripci\u00f3n ha sido realizada por usted, le enviaremos un correo electr\u00f3nico despu\u00e9s de la suscripci\u00f3n solicitando que confirme su autorizaci\u00f3n para la recopilaci\u00f3n y el almacenamiento de sus datos personales para este fin.<\/p>\n<p>Los boletines de RODRILAB contienen p\u00edxeles de seguimiento. Estos p\u00edxeles son c\u00f3digos incluidos en el correo electr\u00f3nico con el objetivo de generar los datos estad\u00edsticos que necesitamos para evaluar el \u00e9xito del env\u00edo. Con base en estos datos, podemos ver si el correo fue abierto y qu\u00e9 enlaces se clicaron.<\/p>\n<p>Para enviarle los contenidos m\u00e1s adecuados o que puedan considerarse m\u00e1s relevantes para su \u00e1rea de negocio, podremos recopilar datos que nos ayuden a definir su perfil de cliente (por ejemplo, como fot\u00f3grafo de bodas, de reci\u00e9n nacidos, etc.).<\/p>\n<p>La suscripci\u00f3n al bolet\u00edn puede cancelarse en cualquier momento haciendo clic en el enlace que aparece en el pie del correo electr\u00f3nico. Si lo hace, sus datos dejar\u00e1n de ser tratados con este fin. En el pie del correo tambi\u00e9n encontrar\u00e1 otro enlace que puede utilizar para modificar o actualizar sus datos.<\/p>\n<p>Los datos que nos proporcione se almacenar\u00e1n en una base de datos de suscriptores encriptada hasta que solicite su eliminaci\u00f3n.<\/p>\n<p>Formulario de Contacto:<\/p>\n<p>Para enviar mensajes a trav\u00e9s del formulario de contacto disponible en la p\u00e1gina \"Contacto\" del sitio rodrilab.com, debe proporcionar obligatoriamente su nombre y direcci\u00f3n de correo electr\u00f3nico. Estos datos se utilizar\u00e1n \u00fanicamente para gestionar su solicitud de contacto y no se procesar\u00e1n para ning\u00fan otro fin una vez concluido el proceso inicial.<\/p>\n<p>En lo que respecta a los ni\u00f1os:<\/p>\n<p>No recopilamos intencionalmente informaci\u00f3n personal sobre visitantes menores de 18 a\u00f1os.<\/p>\n<p>Otros sitios web:<\/p>\n<p>Cualquier enlace que pueda encontrar en nuestro sitio web que se refiera a otro sitio web o lugar es solo para su conveniencia y no implica nuestro respaldo a ese sitio o su contenido. Tenga en cuenta que los t\u00e9rminos de nuestra pol\u00edtica de privacidad no se extienden a esos otros sitios web.<\/p>\n<\/div><\/div><div  class=\"vc_do_toggle vc_toggle vc_toggle_default vc_toggle_color_default vc_toggle_size_md\"><div class=\"vc_toggle_title\"><h4>Por cu\u00e1nto tiempo conservamos sus datos.<\/h4><i class=\"vc_toggle_icon\"><\/i><\/div><div class=\"vc_toggle_content\"><p>Conservamos su informaci\u00f3n comercial durante el tiempo necesario para proporcionar los servicios que solicit\u00f3 o para otros fines esenciales, como cumplir con obligaciones legales, resolver disputas y aplicar nuestras pol\u00edticas.<\/p>\n<\/div><\/div><div  class=\"vc_do_toggle vc_toggle vc_toggle_default vc_toggle_color_default vc_toggle_size_md\"><div class=\"vc_toggle_title\"><h4>Divulgaci\u00f3n de informaci\u00f3n comercial y personal<\/h4><i class=\"vc_toggle_icon\"><\/i><\/div><div class=\"vc_toggle_content\"><p>Salvo que se indique lo contrario en esta Pol\u00edtica de Privacidad, Rodrilab no vende, alquila ni comparte su informaci\u00f3n con terceros y no divulgar\u00e1 ninguna informaci\u00f3n que nos proporcione a menos que usted lo solicite.<\/p>\n<p>Podemos compartir su informaci\u00f3n comercial u otros datos que nos proporcione con terceros para poder ofrecerle los productos y servicios solicitados a trav\u00e9s del sitio web, como es el caso, por ejemplo, de las empresas que realizan el transporte de sus pedidos.<\/p>\n<p>Si Rodrilab es adquirida por otra empresa, esa empresa poseer\u00e1 la informaci\u00f3n que hemos recopilado y respetar\u00e1 los derechos y obligaciones descritos en esta Pol\u00edtica de Privacidad.<\/p>\n<\/div><\/div><div  class=\"vc_do_toggle vc_toggle vc_toggle_default vc_toggle_color_default vc_toggle_size_md\"><div class=\"vc_toggle_title\"><h4>Derecho de acceso y retirada del consentimiento.<\/h4><i class=\"vc_toggle_icon\"><\/i><\/div><div class=\"vc_toggle_content\"><p>Como titular de los datos, tiene derecho a saber si RODRILAB est\u00e1 tratando datos relacionados con usted y, de ser as\u00ed, tiene derecho a acceder, actualizar, corregir datos inexactos o solicitar su eliminaci\u00f3n.<\/p>\n<p>Puede ejercer estos derechos enviando una comunicaci\u00f3n por escrito a RODRILAB en Rua da Escola, 147, 4750-492 Galegos S. Martinho o por correo electr\u00f3nico a geral@rodrilab.com.<\/p>\n<p>En todos los boletines de RODRILAB, tambi\u00e9n puede modificar directamente sus datos o cancelar su suscripci\u00f3n a trav\u00e9s de los enlaces incluidos en el pie de p\u00e1gina de los correos electr\u00f3nicos. Al ejercer estas opciones, sus datos dejar\u00e1n de procesarse o se actualizar\u00e1n inmediatamente, seg\u00fan la opci\u00f3n elegida.<\/p>\n<p>La posterior retirada del consentimiento otorgado para el tratamiento de sus datos no compromete la licitud del tratamiento basado en el consentimiento previamente otorgado.<\/p>\n<p>Derecho a presentar una reclamaci\u00f3n<\/p>\n<p>El titular de los datos tiene derecho a presentar una reclamaci\u00f3n sobre cualquier asunto relacionado con el tratamiento de sus datos ante RODRILAB, por tel\u00e9fono al +351 253 088 353(*) o por correo electr\u00f3nico a geral@rodrilab.com.<\/p>\n<p>No obstante, el titular de los datos tiene derecho a presentar una reclamaci\u00f3n ante la Comisi\u00f3n Nacional de Protecci\u00f3n de Datos \u2013 CNPD.<\/p>\n<p>(*) Coste de una llamada a una red m\u00f3vil o fija nacional seg\u00fan su tarifa en Portugal y\/o en roaming.<\/p>\n<\/div><\/div><div  class=\"vc_do_toggle vc_toggle vc_toggle_default vc_toggle_color_default vc_toggle_size_md\"><div class=\"vc_toggle_title\"><h4>Protecci\u00f3n de sus datos personales.<\/h4><i class=\"vc_toggle_icon\"><\/i><\/div><div class=\"vc_toggle_content\"><p>\u00bfQu\u00e9 medidas adopta RODRILAB para asegurar la seguridad de sus datos personales?<\/p>\n<p>RODRILAB se compromete a tomar todas las medidas a su alcance para proteger los datos que le son proporcionados por sus clientes. Con esta preocupaci\u00f3n, se han adoptado medidas de seguridad t\u00e9cnicas y organizativas para proteger sus datos personales contra su difusi\u00f3n, p\u00e9rdida o uso indebido.<\/p>\n<p>En este sentido, todos los sitios web de RODRILAB, as\u00ed como todos los formularios de recopilaci\u00f3n de datos, requieren sesiones de navegador cifradas, y todos los datos se almacenan de forma segura en los sistemas de RODRILAB, protegidos por medidas de seguridad adecuadas.<\/p>\n<p>Adem\u00e1s, todas las entidades terceras con las que compartimos sus datos, con el fin de prestar el mejor servicio, est\u00e1n obligadas a ejecutar medidas t\u00e9cnicas de seguridad y a garantizar por escrito el cumplimiento de los requisitos establecidos en la legislaci\u00f3n vigente.<\/p>\n<p>No obstante las medidas de seguridad adoptadas por RODRILAB, advertimos a nuestros clientes que navegan por Internet que deben adoptar medidas de seguridad adicionales, como trabajar con sistemas actualizados, tener cortafuegos activos y computadoras protegidas por sistemas antivirus y antispyware, asegur\u00e1ndose de la autenticidad de los sitios que visitan.<\/p>\n<p>Aunque RODRILAB ha tomado medidas significativas para asegurar que ninguna informaci\u00f3n que nos sea proporcionada sea interceptada, visualizada, utilizada o divulgada por personas no autorizadas, debe tener en cuenta que RODRILAB no puede eliminar completamente los riesgos de seguridad asociados a su informaci\u00f3n. En el improbable caso de una brecha de seguridad originada en nuestros sistemas, RODRILAB ha establecido protocolos de diagn\u00f3stico y contenci\u00f3n de da\u00f1os y se compromete a informar a todos los afectados as\u00ed como a la autoridad reguladora, de conformidad con la normativa vigente.<\/p>\n<\/div><\/div><\/div><\/div><\/div><\/div>\n<\/div>","protected":false},"excerpt":{"rendered":"A RODRILAB dedica-se ao fornecimento de produtos e servi\u00e7os fotogr\u00e1ficos a empresas na \u00e1rea da fotografia e fot\u00f3grafos profissionais. A","protected":false},"author":87,"featured_media":0,"parent":0,"menu_order":0,"comment_status":"closed","ping_status":"closed","template":"","meta":{"rs_blank_template":"","rs_page_bg_color":"","slide_template_v7":"","inline_featured_image":false,"footnotes":""},"class_list":["post-83","page","type-page","status-publish","hentry"],"_links":{"self":[{"href":"https:\/\/rodrilab.com\/es\/wp-json\/wp\/v2\/pages\/83","targetHints":{"allow":["GET"]}}],"collection":[{"href":"https:\/\/rodrilab.com\/es\/wp-json\/wp\/v2\/pages"}],"about":[{"href":"https:\/\/rodrilab.com\/es\/wp-json\/wp\/v2\/types\/page"}],"author":[{"embeddable":true,"href":"https:\/\/rodrilab.com\/es\/wp-json\/wp\/v2\/users\/87"}],"replies":[{"embeddable":true,"href":"https:\/\/rodrilab.com\/es\/wp-json\/wp\/v2\/comments?post=83"}],"version-history":[{"count":0,"href":"https:\/\/rodrilab.com\/es\/wp-json\/wp\/v2\/pages\/83\/revisions"}],"wp:attachment":[{"href":"https:\/\/rodrilab.com\/es\/wp-json\/wp\/v2\/media?parent=83"}],"curies":[{"name":"wp","href":"https:\/\/api.w.org\/{rel}","templated":true}]}}