{"id":69,"date":"2018-01-11T19:31:32","date_gmt":"2018-01-11T19:31:32","guid":{"rendered":"https:\/\/rodrilab.com\/?page_id=69"},"modified":"2025-06-20T18:14:53","modified_gmt":"2025-06-20T18:14:53","slug":"termos-e-condicoes","status":"publish","type":"page","link":"https:\/\/rodrilab.com\/es\/termos-e-condicoes\/","title":{"rendered":"T\u00e9rminos y Condiciones"},"content":{"rendered":"<div class=\"wpb-content-wrapper\"><div class=\"vc_row wpb_row vc_row-fluid\"><div class=\"wpb_column vc_column_container vc_col-sm-12\"><div class=\"vc_column-inner\"><div class=\"wpb_wrapper\">\n\t<div class=\"wpb_text_column wpb_content_element\" >\n\t\t<div class=\"wpb_wrapper\">\n\t\t\t<p>El acceso y uso de nuestro sitio web, as\u00ed como de nuestros productos y servicios, est\u00e1n sujetos a las condiciones que se presentan a continuaci\u00f3n.<\/p>\n<p>Al utilizar este sitio, el cliente acepta los t\u00e9rminos de uso, que pueden actualizarse ocasionalmente. Le recomendamos visitar esta p\u00e1gina regularmente para estar informado sobre cualquier actualizaci\u00f3n de estos t\u00e9rminos y condiciones.<\/p>\n<p>RODRILAB es una marca registrada, NIF 517 379 210, Rua da Escola 147, 4750-492 Galegos S. Martinho, Barcelos, Portugal.<\/p>\n<p>El acceso a este sitio se concede de forma temporal, y nos reservamos el derecho de retirar o modificar servicios sin previo aviso. No nos hacemos responsables si, por cualquier motivo, este sitio est\u00e1 inactivo durante un per\u00edodo determinado y, ocasionalmente, podemos restringir el acceso a algunas \u00e1reas.<\/p>\n<p>RODRILAB no se hace responsable de los da\u00f1os o p\u00e9rdidas que puedan derivarse del uso de cualquier informaci\u00f3n contenida en este sitio.<\/p>\n<p>Algunos hiperv\u00ednculos de este sitio redirigen al cliente a sitios externos, socios de RODRILAB. Al hacer clic en estos hiperv\u00ednculos, abandonar\u00e1 el sitio de RODRILAB. Como no tenemos control sobre esos sitios, no somos responsables del material presente en ellos.<\/p>\n<p>Para realizar un pedido, el cliente debe ser mayor de 18 a\u00f1os y se compromete a proporcionar datos veraces que permitan el procesamiento exitoso de su pedido. A todos los efectos, RODRILAB considera que una persona jur\u00eddica queda identificada e individualizada por la conexi\u00f3n entre su denominaci\u00f3n social, domicilio social y n\u00famero de identificaci\u00f3n fiscal.<\/p>\n<p>Para ser cliente de RODRILAB, debe aceptar nuestra Pol\u00edtica de Privacidad.<\/p>\n<p><strong><button class=\"accordion-button\" type=\"button\" aria-expanded=\"true\"><span class=\"panel-title\">M\u00e9todos de Pago<\/span><\/button><\/strong><\/p>\n<p>Al realizar un pedido a Rodrilab, acepta que la empresa se reserva el derecho de cobrar por los servicios que presta y de modificar las tarifas que presenta seg\u00fan considere oportuno, anunci\u00e1ndolo en su sitio web o aplicaciones. Al utilizar los servicios, usted ser\u00e1 responsable del pago de las tasas aplicables.<\/p>\n<p>En el sitio rodrilab.com, los pagos de los pedidos se realizan exclusivamente en l\u00ednea mediante Tarjeta de Cr\u00e9dito (Visa, Mastercard, American Express), PayPal, MB Way, Multibanco, Apple Pay y Google Pay.<\/p>\n<p>Usted acepta asumir todos los gastos relacionados con sus pedidos y compras (incluidas las tasas impuestas que pueden no limitarse a impuestos sobre ventas, uso o IVA) a las tarifas vigentes en el momento del pago.<\/p>\n<p>RODRILAB podr\u00e1 cobrar autom\u00e1ticamente tasas de env\u00edo para direcciones dentro de jurisdicciones donde sean obligatorias.<\/p>\n<p>Los pedidos de productos para entrega fuera de Portugal pueden estar sujetos a impuestos y tasas que se cobran cuando los productos llegan a su destino. Dado que los aranceles aduaneros var\u00edan de un pa\u00eds a otro, debe contactar con los servicios de aduanas de su pa\u00eds para obtener m\u00e1s informaci\u00f3n. Tenga en cuenta tambi\u00e9n que se le considera el importador y debe cumplir con todas las leyes y regulaciones de su pa\u00eds.<\/p>\n<div>\n<h2 class=\"accordion-header\"><strong><button class=\"accordion-button\" type=\"button\" aria-expanded=\"true\"><span class=\"panel-title\">Env\u00edo<\/span><\/button><\/strong><\/h2>\n<div class=\"accordion-collapse collapse show\">\n<p>Los productos de RODRILAB, una vez pedidos y validado el pago, se enviar\u00e1n despu\u00e9s de que finalice el per\u00edodo de producci\u00f3n, contado en d\u00edas h\u00e1biles, que puede variar dependiendo del producto seleccionado y la direcci\u00f3n de entrega. Puede consultar el plazo de producci\u00f3n de cada producto en nuestro cat\u00e1logo.<\/p>\n<p>Rodrilab realiza env\u00edos a todo el mundo. Por favor, cont\u00e1ctenos para m\u00e1s informaci\u00f3n sobre env\u00edos a pa\u00edses no listados en nuestra tabla de tarifas de env\u00edo.<\/p>\n<p>Cualquier derecho, tarifa e impuesto aplicable debe ser pagado por el destinatario en el momento de la entrega.<\/p>\n<p>Las entregas suelen realizarse en un per\u00edodo que puede variar de 1 a 8 d\u00edas despu\u00e9s de la fecha de env\u00edo. Para direcciones en lugares m\u00e1s remotos, por favor considere un tiempo adicional para la entrega.<\/p>\n<p>Los precios pueden consultarse en el momento de la compra, en la factura o contact\u00e1ndonos previamente a trav\u00e9s de los medios habituales.<\/p>\n<\/div>\n<\/div>\n<div>\n<h2 class=\"accordion-header\"><strong><button class=\"accordion-button\" type=\"button\" aria-expanded=\"true\"><span class=\"panel-title\">Devoluciones y Reembolsos<\/span><\/button><\/strong><\/h2>\n<div class=\"accordion-collapse collapse show\">\n<p><span style=\"color: #808080;\">Rodrilab garantiza la satisfacci\u00f3n con la fabricaci\u00f3n de su pedido. Existen varias etapas de control de calidad dentro de la cadena de producci\u00f3n.<\/span><\/p>\n<p><span style=\"color: #808080;\">Sin embargo, debido a la naturaleza artesanal del negocio, pueden existir peque\u00f1as variaciones en el color de los materiales y la fabricaci\u00f3n del producto, que se consideran la personalidad individual de cada uno.<\/span><\/p>\n<p><span style=\"color: #808080;\">En la remota posibilidad de que su pedido llegue da\u00f1ado o con un defecto de fabricaci\u00f3n, p\u00f3ngase en contacto con nosotros a trav\u00e9s de su gestor de cuenta o directamente en geral@rodrilab.com el d\u00eda h\u00e1bil siguiente a la recepci\u00f3n, adjuntando una fotograf\u00eda del defecto detectado.<\/span><\/p>\n<p><span style=\"color: #808080;\">Corregiremos la situaci\u00f3n. Despu\u00e9s de realizar el pedido, debido al alto grado de personalizaci\u00f3n de los productos, Rodrilab no podr\u00e1 cancelar el pedido y\/o reembolsar el importe pagado, excepto en los casos expresamente descritos en esta pol\u00edtica de Devoluciones y Reembolsos (es decir, si su producto llega da\u00f1ado o con un defecto de fabricaci\u00f3n). No podemos aceptar devoluciones en otros casos. Tenga en cuenta que cada producto pedido a nuestra empresa es producido individualmente por diferentes equipos y colaboradores.<\/span><\/p>\n<p><span style=\"color: #808080;\">Puede haber ligeras diferencias entre las diferentes impresiones y encuadernaciones del mismo producto.<\/span><\/p>\n<p><span style=\"color: #808080;\">Trabajamos arduamente para mantener su producto tan consistente como sea posible, pero las variaciones en los acabados son normales, no se consideran defectos de fabricaci\u00f3n y no justifican una nueva producci\u00f3n.<\/span><\/p>\n<p><span style=\"color: #808080;\">La responsabilidad de Rodrilab se limita a la sustituci\u00f3n del producto da\u00f1ado, sin lugar a indemnizaci\u00f3n o compensaci\u00f3n por posibles da\u00f1os colaterales. Su producto es totalmente suyo: Rodrilab no env\u00eda pruebas, edita ni altera el contenido.<\/span><\/p>\n<\/div>\n<div class=\"accordion-collapse collapse show\" style=\"text-align: left;\">\n<p><span style=\"color: #808080;\">Como resultado, Rodrilab tiene limitaciones en la garant\u00eda de su producto que incluyen la obligaci\u00f3n de corregir:<\/span><\/p>\n<ul>\n<li><span style=\"color: #808080;\">\u00a0Errores tipogr\u00e1ficos, gramaticales, textos incompletos u otros textos con errores;<\/span><\/li>\n<li><span style=\"color: #808080;\">\u00a0Baja resoluci\u00f3n de las im\u00e1genes que pueda reflejarse en la impresi\u00f3n de las mismas;<\/span><\/li>\n<li><span style=\"color: #808080;\">\u00a0Especificaciones de dise\u00f1o, incluyendo tama\u00f1o del producto, organizaci\u00f3n, estilo, color y dise\u00f1o;<\/span><\/li>\n<li><span style=\"color: #808080;\">\u00a0Cualquier otra elecci\u00f3n creativa que haya hecho relacionada con su producto.<\/span><\/li>\n<\/ul>\n<p><span style=\"color: #808080;\">Esto significa que la responsabilidad de revisar la paginaci\u00f3n del producto antes de enviarlo es suya.<\/span><\/p>\n<p><span style=\"color: #808080;\">Debe hacerlo previsualizando antes de imprimir y le recomendamos encarecidamente que pida a un amigo que lo revise antes de enviarlo. Esto significa que acepta no enviar contenido que no haya sido completamente revisado y que no est\u00e9 seguro de que est\u00e9 listo para imprimir.<\/span><\/p>\n<\/div>\n<div class=\"accordion-collapse collapse show\">\n<p><span style=\"color: #808080;\">El contenido de su producto es enteramente su responsabilidad y debe asegurarse de que no viole derechos de privacidad, derechos de publicidad, derechos de autor u otros derechos de personas o entidades.<\/span><\/p>\n<p><span style=\"color: #808080;\">El contenido incluye textos, archivos, plantillas de dise\u00f1o, im\u00e1genes, fotos, obras de autor y otros materiales.<\/span><\/p>\n<p><span style=\"color: #808080;\">Queda expresamente prohibida la inclusi\u00f3n de \u201cPublicado por Rodrilab\u201d o cualquier otra referencia que sugiera directa o indirectamente que Rodrilab es el editor de los productos que cre\u00f3 utilizando los servicios de la empresa, sin autorizaci\u00f3n previa.<\/span><\/p>\n<p><span style=\"color: #808080;\">Su pedido es una impresi\u00f3n \u00fanica tras su compra y no almacenamos productos. Por lo tanto, no podemos aceptar devoluciones ni reembolsos por ning\u00fan motivo que no sea los descritos anteriormente.<\/span><\/p>\n<\/div>\n<\/div>\n<p><!-- e651d4032b2f793c0d038812ad576b82 --><\/p>\n\n\t\t<\/div>\n\t<\/div>\n<\/div><\/div><\/div><\/div>\n<\/div>","protected":false},"excerpt":{"rendered":"El acceso y uso de nuestro sitio web, as\u00ed como de nuestros productos y servicios, est\u00e1n sujetos a las condiciones que se presentan a continuaci\u00f3n.","protected":false},"author":87,"featured_media":0,"parent":0,"menu_order":0,"comment_status":"closed","ping_status":"closed","template":"","meta":{"rs_blank_template":"","rs_page_bg_color":"","slide_template_v7":"","inline_featured_image":false,"footnotes":""},"class_list":["post-69","page","type-page","status-publish","hentry"],"_links":{"self":[{"href":"https:\/\/rodrilab.com\/es\/wp-json\/wp\/v2\/pages\/69","targetHints":{"allow":["GET"]}}],"collection":[{"href":"https:\/\/rodrilab.com\/es\/wp-json\/wp\/v2\/pages"}],"about":[{"href":"https:\/\/rodrilab.com\/es\/wp-json\/wp\/v2\/types\/page"}],"author":[{"embeddable":true,"href":"https:\/\/rodrilab.com\/es\/wp-json\/wp\/v2\/users\/87"}],"replies":[{"embeddable":true,"href":"https:\/\/rodrilab.com\/es\/wp-json\/wp\/v2\/comments?post=69"}],"version-history":[{"count":1,"href":"https:\/\/rodrilab.com\/es\/wp-json\/wp\/v2\/pages\/69\/revisions"}],"predecessor-version":[{"id":20337,"href":"https:\/\/rodrilab.com\/es\/wp-json\/wp\/v2\/pages\/69\/revisions\/20337"}],"wp:attachment":[{"href":"https:\/\/rodrilab.com\/es\/wp-json\/wp\/v2\/media?parent=69"}],"curies":[{"name":"wp","href":"https:\/\/api.w.org\/{rel}","templated":true}]}}