{"id":652,"date":"2019-07-19T14:32:46","date_gmt":"2019-07-19T14:32:46","guid":{"rendered":"https:\/\/rodrilab.com\/?page_id=652"},"modified":"2025-06-17T23:03:31","modified_gmt":"2025-06-17T23:03:31","slug":"video","status":"publish","type":"page","link":"https:\/\/rodrilab.com\/es\/video\/","title":{"rendered":"V\u00eddeo"},"content":{"rendered":"<section class=\"fw-main-row-custom fw-main-row-top fw-section-no-padding auto fw-section-position-back tf-sh-71e86d23a0cdf1eb795fad21068ed81e\">\n<div class=\"fw-container\">\n<div class=\"fw-row\">\n<div id=\"column-5d31d50cacf2c\" class=\"fw-col-sm-12 tf-sh-14e71283fcb110f3269fb4f8f5bdd2ec\">\n<div class=\"fw-wrap-col-inner clearfix\">\n<div class=\"fw-col-inner\">\n<div class=\"fw-divider-space space-lg clearfix\"><\/div>\n<div class=\"fw-heading fw-heading-center tf-sh-257ad9f1e1450d2808b8cf867f3ef26c\">\n<h2 class=\"fw-special-title\">V\u00eddeo<\/h2>\n<\/div>\n<div class=\"fw-text-box tf-sh-2bb70510dcb1fadea92a914805638795 max-width600\">\n<div class=\"fw-text-inner\">\n<p style=\"text-align: center;\">Pr\u00f3ximamente disponible<\/p>\n<\/div>\n<\/div>\n<\/div>\n<\/div>\n<\/div>\n<\/div>\n<\/div>\n<\/section>\n<section class=\"fw-main-row-custom auto fw-section-position-back tf-sh-e7be65ab5bd982d1847399663876f8f2\">\n<div class=\"fw-container\">\n<div class=\"fw-row\">\n<div id=\"column-5d31d50cad88d\" class=\"fw-col-sm-4 tf-sh-ea6139d66c28b44bd24fc263257a233e fw-animated-element\">\n<div class=\"fw-wrap-col-inner clearfix\">\n<div class=\"fw-col-inner\">\n<div class=\"fw-video tf-sh-d2f41f498953dde5673745831aea31e8\">\n<div class=\"fw-wrap-boxed-media fw-wp-embed-shortcode\"><\/div>\n<\/div>\n<div class=\"fw-divider-space space-sm clearfix\"><\/div>\n<div class=\"fw-heading fw-heading-left tf-sh-773e5e8e885b6764cef4942d9e3853a4\">\n<h3 class=\"fw-special-title\">T\u00edtulo del v\u00eddeo<\/h3>\n<\/div>\n<div class=\"fw-text-box tf-sh-6142eab363e5e5ffcbfdedbf1a55fdd5\">\n<div class=\"fw-text-inner\">\n<p>Pr\u00f3ximamente disponible<\/p>\n<\/div>\n<\/div>\n<div class=\"fw-divider-space space-sm clearfix\"><\/div>\n<\/div>\n<\/div>\n<\/div>\n<div id=\"column-5d31d50cae2ca\" class=\"fw-col-sm-4 tf-sh-af6e1f30487e6d7e5e665154200154aa fw-animated-element\">\n<div class=\"fw-wrap-col-inner clearfix\">\n<div class=\"fw-col-inner\">\n<div class=\"fw-video tf-sh-aae1bdc79af46966c4a4c58b324d4b03\">\n<div class=\"fw-wrap-boxed-media fw-wp-embed-shortcode\"><\/div>\n<\/div>\n<div class=\"fw-divider-space space-sm clearfix\"><\/div>\n<div class=\"fw-heading fw-heading-left tf-sh-dc19c17100beeb7530196c48d1f432de\">\n<h3 class=\"fw-special-title\">T\u00edtulo del v\u00eddeo<\/h3>\n<\/div>\n<div class=\"fw-text-box tf-sh-bdde73f4ef1243a05e9ef9e547135dfc\">\n<div class=\"fw-text-inner\">\n<p>Pr\u00f3ximamente disponible<\/p>\n<\/div>\n<\/div>\n<div class=\"fw-divider-space space-sm clearfix\"><\/div>\n<\/div>\n<\/div>\n<\/div>\n<div id=\"column-5d31d50caec8c\" class=\"fw-col-sm-4 tf-sh-24554ea300aeb99dd067cc0f7a9b0c5d fw-animated-element\">\n<div class=\"fw-wrap-col-inner clearfix\">\n<div class=\"fw-col-inner\">\n<div class=\"fw-video tf-sh-331cba53eb7e4074e32a3bdd2a879598\">\n<div class=\"fw-wrap-boxed-media fw-wp-embed-shortcode\"><\/div>\n<\/div>\n<div class=\"fw-divider-space space-sm clearfix\"><\/div>\n<div class=\"fw-heading fw-heading-left tf-sh-2e7b5c470779c4c67ecc761a3ea28451\">\n<h3 class=\"fw-special-title\">T\u00edtulo del v\u00eddeo<\/h3>\n<\/div>\n<div class=\"fw-text-box tf-sh-ed4db4a13538a2a5452637fb78ab6853\">\n<div class=\"fw-text-inner\">\n<p>Pr\u00f3ximamente disponible<\/p>\n<\/div>\n<\/div>\n<div class=\"fw-divider-space space-sm clearfix\"><\/div>\n<\/div>\n<\/div>\n<\/div>\n<\/div>\n<\/div>\n<\/section>\n<p><!-- ad41ff044ded0034278820e6e5b86522 --><\/p>","protected":false},"excerpt":{"rendered":"<p>V\u00eddeo Brevemente dispon\u00edvel T\u00edtulo v\u00eddeo Brevemente dispon\u00edvel T\u00edtulo v\u00eddeo Brevemente dispon\u00edvel T\u00edtulo v\u00eddeo Brevemente dispon\u00edvel<\/p>","protected":false},"author":87,"featured_media":0,"parent":0,"menu_order":0,"comment_status":"closed","ping_status":"closed","template":"","meta":{"rs_blank_template":"","rs_page_bg_color":"","slide_template_v7":"","inline_featured_image":false,"footnotes":""},"class_list":["post-652","page","type-page","status-publish","hentry"],"_links":{"self":[{"href":"https:\/\/rodrilab.com\/es\/wp-json\/wp\/v2\/pages\/652","targetHints":{"allow":["GET"]}}],"collection":[{"href":"https:\/\/rodrilab.com\/es\/wp-json\/wp\/v2\/pages"}],"about":[{"href":"https:\/\/rodrilab.com\/es\/wp-json\/wp\/v2\/types\/page"}],"author":[{"embeddable":true,"href":"https:\/\/rodrilab.com\/es\/wp-json\/wp\/v2\/users\/87"}],"replies":[{"embeddable":true,"href":"https:\/\/rodrilab.com\/es\/wp-json\/wp\/v2\/comments?post=652"}],"version-history":[{"count":1,"href":"https:\/\/rodrilab.com\/es\/wp-json\/wp\/v2\/pages\/652\/revisions"}],"predecessor-version":[{"id":20278,"href":"https:\/\/rodrilab.com\/es\/wp-json\/wp\/v2\/pages\/652\/revisions\/20278"}],"wp:attachment":[{"href":"https:\/\/rodrilab.com\/es\/wp-json\/wp\/v2\/media?parent=652"}],"curies":[{"name":"wp","href":"https:\/\/api.w.org\/{rel}","templated":true}]}}