{"id":60,"date":"2018-01-11T19:25:41","date_gmt":"2018-01-11T19:25:41","guid":{"rendered":"https:\/\/rodrilab.com\/?page_id=60"},"modified":"2024-12-26T18:13:03","modified_gmt":"2024-12-26T18:13:03","slug":"sobre-nos","status":"publish","type":"page","link":"https:\/\/rodrilab.com\/es\/sobre-nos\/","title":{"rendered":"Sobre Nosotros"},"content":{"rendered":"<p>&nbsp;<\/p>\n<section>\n<div class=\"container\">\n<div class=\"row v-align-children\">\n<div class=\"col-md-5 col-md-offset-1 col-sm-6 col-sm-offset-1\">\n<h4><span style=\"color: #000000;\"><strong>Rodrilab \u2013 Qui\u00e9nes Somos<\/strong><\/span><\/h4>\n<h5><span style=\"color: #808080;\">En Rodrilab, nos mueve la pasi\u00f3n de transformar recuerdos inolvidables en obras de arte duraderas. Especializados en la fabricaci\u00f3n e impresi\u00f3n de \u00e1lbumes digitales de alta calidad, creamos productos que celebran historias \u00fanicas como bodas, bautizos, sesiones de reci\u00e9n nacidos y otras ocasiones memorables.<\/span><\/h5>\n<h5><span style=\"color: #808080;\">Combinamos tecnolog\u00eda avanzada y dise\u00f1o sofisticado con un toque artesanal, asegurando que cada \u00e1lbum sea una pieza exclusiva, capaz de capturar la esencia y la emoci\u00f3n de tus momentos m\u00e1s valiosos. Cada detalle est\u00e1 cuidadosamente trabajado, reflejando nuestro firme compromiso con la excelencia.<\/span><\/h5>\n<h5><span style=\"color: #808080;\">M\u00e1s que una empresa, somos narradores de historias visuales. Vivimos y amamos lo que hacemos, porque creemos que cada sonrisa, cada mirada y cada recuerdo merecen ser preservados con perfecci\u00f3n. Ya sea para inmortalizar el d\u00eda m\u00e1s importante de tu vida o los peque\u00f1os momentos que marcan la diferencia, estamos aqu\u00ed para crear \u00e1lbumes que superan las expectativas y se convierten en verdaderos legados para las generaciones futuras.<\/span><\/h5>\n<h5><strong><span style=\"color: #000000;\">Transformando emociones en arte, para que tus historias sean recordadas para siempre.<\/span><\/strong><\/h5>\n<\/div>\n<\/div>\n<\/div>\n<\/section>","protected":false},"excerpt":{"rendered":"<p>&nbsp; Rodrilab, quem somos Na Rodrilab, somos movidos pela paix\u00e3o de transformar mem\u00f3rias inesquec\u00edveis em obras de arte duradouras. Especializados<\/p>","protected":false},"author":87,"featured_media":0,"parent":0,"menu_order":0,"comment_status":"closed","ping_status":"closed","template":"","meta":{"rs_blank_template":"","rs_page_bg_color":"","slide_template_v7":"","inline_featured_image":false,"footnotes":""},"class_list":["post-60","page","type-page","status-publish","hentry"],"_links":{"self":[{"href":"https:\/\/rodrilab.com\/es\/wp-json\/wp\/v2\/pages\/60","targetHints":{"allow":["GET"]}}],"collection":[{"href":"https:\/\/rodrilab.com\/es\/wp-json\/wp\/v2\/pages"}],"about":[{"href":"https:\/\/rodrilab.com\/es\/wp-json\/wp\/v2\/types\/page"}],"author":[{"embeddable":true,"href":"https:\/\/rodrilab.com\/es\/wp-json\/wp\/v2\/users\/87"}],"replies":[{"embeddable":true,"href":"https:\/\/rodrilab.com\/es\/wp-json\/wp\/v2\/comments?post=60"}],"version-history":[{"count":0,"href":"https:\/\/rodrilab.com\/es\/wp-json\/wp\/v2\/pages\/60\/revisions"}],"wp:attachment":[{"href":"https:\/\/rodrilab.com\/es\/wp-json\/wp\/v2\/media?parent=60"}],"curies":[{"name":"wp","href":"https:\/\/api.w.org\/{rel}","templated":true}]}}