{"id":581,"date":"2019-03-01T13:39:37","date_gmt":"2019-03-01T13:39:37","guid":{"rendered":"https:\/\/rodrilab.com\/?page_id=581"},"modified":"2025-06-17T22:20:20","modified_gmt":"2025-06-17T22:20:20","slug":"garantia-de-qualidade","status":"publish","type":"page","link":"https:\/\/rodrilab.com\/es\/garantia-de-qualidade\/","title":{"rendered":"Garant\u00eda de Calidad"},"content":{"rendered":"<h3 class=\"uk-h2 uk-margin-small uk-margin-remove-bottom uk-text-left@m uk-text-center\">Soporte y Control de Calidad<\/h3>\n<ul>\n<li class=\"uk-panel uk-margin-small uk-margin-remove-bottom\">Su satisfacci\u00f3n es nuestra principal prioridad. Todos nuestros productos pasan por tres estrictas etapas de control de calidad para asegurar que cada detalle est\u00e9 perfecto.<\/li>\n<li class=\"uk-panel uk-margin-small uk-margin-remove-bottom\">Nos encargamos de todo el proceso, desde la recepci\u00f3n del pedido hasta el env\u00edo final, con seguimiento constante de profesionales especializados, garantizando la m\u00e1xima excelencia en cada etapa de la producci\u00f3n.<\/li>\n<\/ul>\n<div>\n<hr \/>\n<\/div>\n<h3 class=\"uk-h5 uk-text-emphasis uk-margin-large uk-margin-remove-bottom uk-width-xlarge uk-margin-auto-left@m uk-margin-remove-right@m uk-margin-auto uk-text-left@m uk-text-center\">Apoyo y Seguimiento<\/h3>\n<ul>\n<li class=\"uk-panel uk-margin-small uk-margin-remove-bottom uk-width-xlarge@m uk-margin-auto-left@m uk-margin-remove-right@m uk-margin-auto uk-text-left@m uk-text-center\">En Rodrilab, contamos con un equipo de atenci\u00f3n al cliente siempre dispuesto a brindarle el soporte que necesita. Estamos disponibles para resolver dudas, seguir el estado de sus pedidos y ofrecerle informaci\u00f3n actualizada sobre la producci\u00f3n de sus productos.<\/li>\n<li class=\"uk-panel uk-margin-small uk-margin-remove-bottom uk-width-xlarge@m uk-margin-auto-left@m uk-margin-remove-right@m uk-margin-auto uk-text-left@m uk-text-center\">Adem\u00e1s, nuestro equipo comercial, altamente especializado, est\u00e1 comprometido con impulsar el crecimiento de su negocio mediante la venta de productos fotogr\u00e1ficos, ya que creemos que su \u00e9xito tambi\u00e9n es el nuestro.<\/li>\n<\/ul>\n<div>\n<hr \/>\n<\/div>\n<div class=\"uk-grid tm-grid-expand uk-child-width-1-1 uk-grid-margin\">\n<div class=\"uk-width-1-1\">\n<h3 class=\"uk-h2 uk-margin-remove-vertical uk-text-center\">Materiales y Color<\/h3>\n<\/div>\n<\/div>\n<div class=\"uk-grid tm-grid-expand uk-grid-column-medium uk-margin-large\">\n<div class=\"uk-grid-item-match uk-flex-middle uk-width-1-2@m\">\n<div class=\"uk-panel uk-width-1-1\">\n<ul>\n<li class=\"uk-panel uk-margin-small uk-margin-remove-bottom uk-text-left@m uk-text-center\">Ofrecemos una amplia selecci\u00f3n de materiales de alta calidad, con revestimientos que destacan tanto por su atractivo visual como por su agradable tacto.<\/li>\n<li class=\"uk-panel uk-margin-small uk-margin-remove-bottom uk-text-left@m uk-text-center\">Nuestros colaboradores, artesanos experimentados, se dedican a perfeccionar la t\u00e9cnica para resaltar lo mejor de cada revestimiento, garantizando un resultado excepcional.<\/li>\n<li class=\"uk-panel uk-margin-small uk-margin-remove-bottom uk-text-left@m uk-text-center\">Adem\u00e1s, nuestros papeles para impresi\u00f3n se destacan no solo por su variedad, sino tambi\u00e9n por su excelencia, siendo suministrados por marcas reconocidas y certificadas a nivel mundial como Hahnem\u00fchle y Fujifilm.<\/li>\n<\/ul>\n<div>\n<hr \/>\n<\/div>\n<\/div>\n<\/div>\n<\/div>\n<h3 class=\"uk-h5 uk-text-emphasis uk-margin-large uk-margin-remove-bottom uk-width-xlarge uk-margin-auto-left@m uk-margin-remove-right@m uk-margin-auto uk-text-left@m uk-text-center\">Pruebas de color diarias<\/h3>\n<ul>\n<li class=\"uk-panel uk-margin-small uk-margin-remove-bottom uk-width-xlarge@m uk-margin-auto-left@m uk-margin-remove-right@m uk-margin-auto uk-text-left@m uk-text-center\">La calidad de impresi\u00f3n est\u00e1 estrechamente relacionada con la precisi\u00f3n del color. Por ello, realizamos pruebas de color diarias, llevadas a cabo por un t\u00e9cnico especializado y certificado en impresi\u00f3n.<\/li>\n<li class=\"uk-panel uk-margin-small uk-margin-remove-bottom uk-width-xlarge@m uk-margin-auto-left@m uk-margin-remove-right@m uk-margin-auto uk-text-left@m uk-text-center\">Despu\u00e9s de las pruebas, realizamos las calibraciones necesarias en todos los equipos de impresi\u00f3n, garantizando que los colores de sus productos sean siempre fieles a los archivos que nos proporciona.<\/li>\n<li class=\"uk-panel uk-margin-small uk-margin-remove-bottom uk-width-xlarge@m uk-margin-auto-left@m uk-margin-remove-right@m uk-margin-auto uk-text-left@m uk-text-center\">Cada producto se imprime y se inspecciona cuidadosamente, con la m\u00e1xima atenci\u00f3n y dedicaci\u00f3n, para garantizar que los colores cumplan con las expectativas e impresionen a sus clientes.<\/li>\n<\/ul>\n<div>\n<hr \/>\n<\/div>\n<div class=\"uk-margin-large uk-container\">\n<div class=\"uk-grid tm-grid-expand uk-child-width-1-1\">\n<div class=\"uk-grid-item-match uk-width-1-1\">\n<div class=\"uk-tile-muted uk-tile uk-padding-remove\">\n<h3 class=\"uk-h2 uk-margin-remove-vertical uk-text-left@m uk-text-center\">Preocupaci\u00f3n Ambiental y Uso del Pl\u00e1stico<\/h3>\n<\/div>\n<\/div>\n<\/div>\n<\/div>\n<div class=\"uk-grid tm-grid-expand uk-grid-margin\">\n<div class=\"uk-grid-item-match uk-flex-bottom uk-width-1-2@m uk-first-column\">\n<div class=\"uk-panel uk-width-1-1\">\n<ul>\n<li class=\"uk-panel uk-margin-small uk-margin-remove-bottom uk-width-large@m uk-margin-auto-right@m uk-margin-remove-left@m uk-margin-auto uk-text-left@m uk-text-center\">La sostenibilidad ambiental es una de nuestras principales preocupaciones. Por ello, hemos tomado la decisi\u00f3n de eliminar el uso de pl\u00e1stico en nuestros embalajes, sin comprometer la seguridad ni la calidad de nuestros productos.<\/li>\n<li class=\"uk-panel uk-margin-small uk-margin-remove-bottom uk-width-large@m uk-margin-auto-right@m uk-margin-remove-left@m uk-margin-auto uk-text-left@m uk-text-center\">Recomendamos que, tras recibir su pedido, contin\u00fae con el ciclo de reciclaje, contribuyendo as\u00ed a un futuro m\u00e1s sostenible.<\/li>\n<\/ul>\n<div>\n<hr \/>\n<\/div>\n<div>\n<h3 class=\"uk-h5 uk-text-emphasis uk-margin-large uk-margin-remove-bottom uk-width-large uk-margin-auto-left@m uk-margin-remove-right@m uk-margin-auto uk-text-left@m uk-text-center\">Impresi\u00f3n y Tratamiento Qu\u00edmico<\/h3>\n<ul>\n<li class=\"uk-panel uk-margin-small uk-margin-remove-bottom uk-width-large@m uk-margin-auto-left@m uk-margin-remove-right@m uk-margin-auto uk-text-left@m uk-text-center\">Adoptamos t\u00e9cnicas de impresi\u00f3n avanzadas, utilizando equipos de alta gama que est\u00e1n a la vanguardia del sector, reconocidos por su innovaci\u00f3n y excelencia.<\/li>\n<li class=\"uk-panel uk-margin-small uk-margin-remove-bottom uk-width-large@m uk-margin-auto-left@m uk-margin-remove-right@m uk-margin-auto uk-text-left@m uk-text-center\">Una de las principales ventajas de nuestros equipos es su capacidad para minimizar el desperdicio de materias primas, asegurando que se utilicen solo las cantidades estrictamente necesarias.<\/li>\n<li class=\"uk-panel uk-margin-small uk-margin-remove-bottom uk-width-large@m uk-margin-auto-left@m uk-margin-remove-right@m uk-margin-auto uk-text-left@m uk-text-center\">Adem\u00e1s, los productos qu\u00edmicos empleados en el proceso de impresi\u00f3n son cuidadosamente gestionados por una empresa especializada y certificada, asegurando que el impacto ambiental se reduzca al m\u00ednimo posible.<\/li>\n<\/ul>\n<\/div>\n<\/div>\n<\/div>\n<\/div>\n<p><!-- a61d25be4c419d1a5bd71dd99eaac457 --><\/p>","protected":false},"excerpt":{"rendered":"<p>Apoio e controlo de qualidade A sua satisfa\u00e7\u00e3o \u00e9 a nossa principal prioridade. Todos os nossos produtos passam por tr\u00eas<\/p>","protected":false},"author":87,"featured_media":0,"parent":0,"menu_order":0,"comment_status":"closed","ping_status":"closed","template":"","meta":{"rs_blank_template":"","rs_page_bg_color":"","slide_template_v7":"","inline_featured_image":false,"footnotes":""},"class_list":["post-581","page","type-page","status-publish","hentry"],"_links":{"self":[{"href":"https:\/\/rodrilab.com\/es\/wp-json\/wp\/v2\/pages\/581","targetHints":{"allow":["GET"]}}],"collection":[{"href":"https:\/\/rodrilab.com\/es\/wp-json\/wp\/v2\/pages"}],"about":[{"href":"https:\/\/rodrilab.com\/es\/wp-json\/wp\/v2\/types\/page"}],"author":[{"embeddable":true,"href":"https:\/\/rodrilab.com\/es\/wp-json\/wp\/v2\/users\/87"}],"replies":[{"embeddable":true,"href":"https:\/\/rodrilab.com\/es\/wp-json\/wp\/v2\/comments?post=581"}],"version-history":[{"count":1,"href":"https:\/\/rodrilab.com\/es\/wp-json\/wp\/v2\/pages\/581\/revisions"}],"predecessor-version":[{"id":20277,"href":"https:\/\/rodrilab.com\/es\/wp-json\/wp\/v2\/pages\/581\/revisions\/20277"}],"wp:attachment":[{"href":"https:\/\/rodrilab.com\/es\/wp-json\/wp\/v2\/media?parent=581"}],"curies":[{"name":"wp","href":"https:\/\/api.w.org\/{rel}","templated":true}]}}