{"id":18560,"date":"2024-12-25T17:46:10","date_gmt":"2024-12-25T17:46:10","guid":{"rendered":"https:\/\/rodrilab.com\/?page_id=18560"},"modified":"2024-12-25T17:48:59","modified_gmt":"2024-12-25T17:48:59","slug":"politica-de-monstruario","status":"publish","type":"page","link":"https:\/\/rodrilab.com\/es\/politica-de-monstruario\/","title":{"rendered":"Pol\u00edtica de Muestras"},"content":{"rendered":"<p><strong>Descuento en productos de muestra<\/strong><\/p>\n<p>Exponer sus trabajos finales en productos de alta calidad y con acabados incre\u00edbles es una excelente forma de aumentar las ventas y captar la atenci\u00f3n de sus clientes.<\/p>\n<p>El uso de productos de muestra es la herramienta perfecta para esto, ya que permite mostrar la importancia de capturar y conservar recuerdos. La mejor forma de contar una historia es combinar la dedicaci\u00f3n y habilidad de un fot\u00f3grafo profesional con productos que resalten los detalles y emociones de la historia contada.<\/p>\n<p>Estamos comprometidos a reflejar su estilo \u00fanico y forma de trabajar en productos que representen el resultado final de un incre\u00edble trabajo fotogr\u00e1fico o de video.<\/p>\n<hr \/>\n<h2 class=\"accordion-header\"><strong><button class=\"accordion-button\" type=\"button\" aria-expanded=\"true\"><span class=\"panel-title\">\u00bfHay alguna diferencia entre un producto y un producto de muestra?<\/span><\/button><\/strong><\/h2>\n<div class=\"accordion-collapse collapse show\">\n<div class=\"whitespace-pre-line accordion-body\">La \u00fanica diferencia entre un producto original y un producto de muestra es el sello \"sample\" que lo identifica como un art\u00edculo de exhibici\u00f3n.<\/div>\n<\/div>\n<div>\n<hr \/>\n<\/div>\n<div><\/div>\n<div>\n<h2 class=\"accordion-header\"><strong><button class=\"accordion-button\" type=\"button\" aria-expanded=\"true\"><span class=\"panel-title\">\u00bfD\u00f3nde se coloca el sello de muestra?<\/span><\/button><\/strong><\/h2>\n<div class=\"accordion-collapse collapse show\">\n<div class=\"whitespace-pre-line accordion-body\">La ubicaci\u00f3n del sello de muestra puede variar seg\u00fan el producto solicitado y las necesidades espec\u00edficas de cada situaci\u00f3n. Rodrilab se reserva el derecho de modificar la colocaci\u00f3n del sello de muestra sin previo aviso.<\/div>\n<div>\n<hr \/>\n<\/div>\n<div><\/div>\n<\/div>\n<div>\n<h2 class=\"accordion-header\"><strong><button class=\"accordion-button\" type=\"button\" aria-expanded=\"true\"><span class=\"panel-title\">Ofrecen descuentos en productos de muestra?<\/span><\/button><\/strong><\/h2>\n<div class=\"accordion-collapse collapse show\">\n<div class=\"whitespace-pre-line accordion-body\">S\u00ed, todos los libros encargados como productos de muestra tienen un 50 % de descuento, y los productos de las categor\u00edas de decoraci\u00f3n, recuerdos y accesorios tienen un 30 % de descuento.<\/div>\n<div>\n<hr \/>\n<\/div>\n<div><\/div>\n<\/div>\n<div>\n<h2 class=\"accordion-header\"><strong><button class=\"accordion-button\" type=\"button\" aria-expanded=\"true\"><span class=\"panel-title\">\u00bfQui\u00e9n puede beneficiarse del descuento de muestra?<\/span><\/button><\/strong><\/h2>\n<div class=\"accordion-collapse collapse show\">\n<div class=\"whitespace-pre-line accordion-body\">Todos los clientes registrados en Rodrilab pueden beneficiarse, siempre que el pedido se ajuste a nuestra pol\u00edtica de productos de muestra.<\/div>\n<div>\n<hr \/>\n<\/div>\n<div><\/div>\n<div>\n<h2 class=\"accordion-header\"><strong><button class=\"accordion-button\" type=\"button\" aria-expanded=\"true\"><span class=\"panel-title\">\u00bfCu\u00e1l es el tiempo de producci\u00f3n para los pedidos de muestra?<\/span><\/button><\/strong><\/h2>\n<div class=\"accordion-collapse collapse show\">\n<div class=\"whitespace-pre-line accordion-body\">Los pedidos de muestra tardan entre 8 y 15 d\u00edas laborables en producirse, salvo en \u00e9pocas festivas, en las que se aplican los plazos establecidos para el producto en cuesti\u00f3n.<\/div>\n<\/div>\n<\/div>\n<div>\n<hr \/>\n<\/div>\n<div>\n<div class=\"accordion-collapse collapse show\">\n<div>\n<h2 class=\"accordion-header\"><strong><button class=\"accordion-button\" type=\"button\" aria-expanded=\"true\"><span class=\"panel-title\">\u00bfHay limitaciones en los pedidos de libros de muestra?<\/span><\/button><\/strong><\/h2>\n<div class=\"accordion-collapse collapse show\">\n<div class=\"whitespace-pre-line accordion-body\">Para garantizar un acceso equitativo a los productos de muestra, se ha establecido un l\u00edmite de 3 libros de muestra por a\u00f1o y por cliente. No obstante, en casos especiales, se puede contactar con el Servicio de Atenci\u00f3n al Cliente para solicitar una evaluaci\u00f3n adicional.<\/div>\n<div>\n<hr \/>\n<\/div>\n<div>\n<h2 class=\"accordion-header\"><button class=\"accordion-button\" type=\"button\" aria-expanded=\"true\"><span class=\"panel-title\">\u00bfC\u00f3mo puedo acceder al descuento para libros de muestra?<\/span><\/button><\/h2>\n<div class=\"accordion-collapse collapse show\">\n<div class=\"whitespace-pre-line accordion-body\">Para acceder al descuento de libros de muestra, debe seleccionar la opci\u00f3n correspondiente en el campo indicado antes de realizar el pago.<\/div>\n<div>\n<hr \/>\n<\/div>\n<div>\n<h2 class=\"accordion-header\"><button class=\"accordion-button\" type=\"button\" aria-expanded=\"true\"><span class=\"panel-title\">\u00bfHay limitaciones para los pedidos de productos de muestra que no sean libros?<\/span><\/button><\/h2>\n<div class=\"accordion-collapse collapse show\">\n<div class=\"whitespace-pre-line accordion-body\">Para garantizar un uso responsable, podr\u00e1 pedir hasta 3 productos de muestra en las categor\u00edas de \u00c1lbumes, decoraci\u00f3n, recuerdos y accesorios.<\/div>\n<div>\n<hr \/>\n<\/div>\n<div>\n<h2 class=\"accordion-header\"><button class=\"accordion-button\" type=\"button\" aria-expanded=\"true\"><span class=\"panel-title\">\u00bfEs posible solicitar el descuento de muestra despu\u00e9s de finalizar mi pedido?<\/span><\/button><\/h2>\n<div class=\"accordion-collapse collapse show\">\n<div class=\"whitespace-pre-line accordion-body\">No, el descuento de muestra solo se aplica durante el proceso de pedido. No es posible identificar un producto como muestra una vez que el pedido ha sido procesado y\/o producido.<\/div>\n<div>\n<hr \/>\n<\/div>\n<div>\n<h2 class=\"accordion-header\"><button class=\"accordion-button\" type=\"button\" aria-expanded=\"true\"><span class=\"panel-title\">\u00bfPuedo pedir un producto de muestra en cualquier momento del a\u00f1o?<\/span><\/button><\/h2>\n<div class=\"accordion-collapse collapse show\">\n<div class=\"whitespace-pre-line accordion-body\">S\u00ed, puede. No hay restricciones de fecha para pedir un producto de muestra \u2014 puede realizar su pedido en cualquier momento del a\u00f1o. Sin embargo, tenga en cuenta que en \u00e9pocas de alta demanda, el tiempo de producci\u00f3n de los productos de muestra puede ser mayor.<\/div>\n<div>\n<hr \/>\n<\/div>\n<div>\n<h2 class=\"accordion-header\"><button class=\"accordion-button\" type=\"button\" aria-expanded=\"true\"><span class=\"panel-title\">\u00bfPuedo acumular el descuento de muestra con otras campa\u00f1as o descuentos?<\/span><\/button><\/h2>\n<div class=\"accordion-collapse collapse show\">\n<div class=\"whitespace-pre-line accordion-body\">El descuento de muestra no se puede combinar con otras ofertas o descuentos vigentes.<\/div>\n<div>\n<hr \/>\n<\/div>\n<div>\n<h2 class=\"accordion-header\"><button class=\"accordion-button\" type=\"button\" aria-expanded=\"true\"><span class=\"panel-title\">\u00bfMi pedido puede ser rechazado?<\/span><\/button><\/h2>\n<div class=\"accordion-collapse collapse show\">\n<div class=\"whitespace-pre-line accordion-body\">Rodrilab ofrece este descuento para que pueda diversificar o renovar sus muestras de productos y, en consecuencia, aumentar las ventas con sus clientes. Nos reservamos el derecho de cancelar los pedidos que no cumplan con este prop\u00f3sito. Rodrilab tambi\u00e9n se reserva el derecho de cancelar pedidos de productos que no se ajusten a nuestra pol\u00edtica de productos de muestra y\/o que no est\u00e9n alineados con el \u00e1rea de trabajo del fot\u00f3grafo.<\/div>\n<div>\n<hr \/>\n<\/div>\n<div>\n<h2 class=\"accordion-header\"><button class=\"accordion-button\" type=\"button\" aria-expanded=\"true\"><span class=\"panel-title\">\u00bfPuedo pedir productos de muestra junto con productos que no lo son?<\/span><\/button><\/h2>\n<div class=\"accordion-collapse collapse show\">\n<div class=\"whitespace-pre-line accordion-body\">Al pedir productos de muestra, no debe incluir ning\u00fan otro producto, ya que al seleccionar la opci\u00f3n de muestra, esta se aplicar\u00e1 a todo el pedido y todos los productos ser\u00e1n considerados como productos de muestra.<\/div>\n<div>\n<hr \/>\n<\/div>\n<div>\n<h2 class=\"accordion-header\"><button class=\"accordion-button\" type=\"button\" aria-expanded=\"true\"><span class=\"panel-title\">Productos con descuento de muestra:<\/span><\/button><\/h2>\n<div class=\"accordion-collapse collapse show\">\n<div class=\"whitespace-pre-line accordion-body\">Todos los productos de Rodrilab.<\/div>\n<\/div>\n<\/div>\n<\/div>\n<\/div>\n<\/div>\n<\/div>\n<\/div>\n<\/div>\n<\/div>\n<\/div>\n<\/div>\n<\/div>\n<\/div>\n<\/div>\n<\/div>\n<\/div>\n<\/div>\n<\/div>\n<\/div>\n<\/div>\n<\/div>\n<\/div>\n<\/div>\n<\/div>","protected":false},"excerpt":{"rendered":"<p>Desconto Produtos Mostru\u00e1rio. Expor os seus trabalhos finais em produtos de alta qualidade e acabamentos incr\u00edveis \u00e9 uma excelente maneira<\/p>","protected":false},"author":87,"featured_media":0,"parent":0,"menu_order":0,"comment_status":"closed","ping_status":"closed","template":"","meta":{"rs_blank_template":"","rs_page_bg_color":"","slide_template_v7":"","inline_featured_image":false,"footnotes":""},"class_list":["post-18560","page","type-page","status-publish","hentry"],"_links":{"self":[{"href":"https:\/\/rodrilab.com\/es\/wp-json\/wp\/v2\/pages\/18560","targetHints":{"allow":["GET"]}}],"collection":[{"href":"https:\/\/rodrilab.com\/es\/wp-json\/wp\/v2\/pages"}],"about":[{"href":"https:\/\/rodrilab.com\/es\/wp-json\/wp\/v2\/types\/page"}],"author":[{"embeddable":true,"href":"https:\/\/rodrilab.com\/es\/wp-json\/wp\/v2\/users\/87"}],"replies":[{"embeddable":true,"href":"https:\/\/rodrilab.com\/es\/wp-json\/wp\/v2\/comments?post=18560"}],"version-history":[{"count":0,"href":"https:\/\/rodrilab.com\/es\/wp-json\/wp\/v2\/pages\/18560\/revisions"}],"wp:attachment":[{"href":"https:\/\/rodrilab.com\/es\/wp-json\/wp\/v2\/media?parent=18560"}],"curies":[{"name":"wp","href":"https:\/\/api.w.org\/{rel}","templated":true}]}}