{"id":24733,"date":"2025-10-30T12:00:12","date_gmt":"2025-10-30T12:00:12","guid":{"rendered":"https:\/\/rodrilab.com\/?post_type=product&#038;p=24733"},"modified":"2025-11-12T20:35:41","modified_gmt":"2025-11-12T20:35:41","slug":"stand-kristal","status":"publish","type":"product","link":"https:\/\/rodrilab.com\/en\/product\/stand-kristal\/","title":{"rendered":"Stand Kristal"},"content":{"rendered":"<p><strong>Stand Kristal<\/strong><\/p>\n<p><strong>Sofistica\u00e7\u00e3o e Modernidade na Exposi\u00e7\u00e3o de Suas Mem\u00f3rias.<\/strong><\/p>\n<p>O <strong>Stand Kristal<\/strong> \u00e9 um suporte em acr\u00edlico de design minimalista e acabamento impec\u00e1vel, projetado especialmente para exibir seus <strong>Matted Prints, ou Prints<\/strong> com eleg\u00e2ncia e destaque. Esta pe\u00e7a combina funcionalidade e estilo, permitindo que as suas fotografias se tornem o centro das aten\u00e7\u00f5es em qualquer ambiente.<\/p>\n<p>Com um design moderno e atemporal, o <strong>Stand Kristal<\/strong> \u00e9 a escolha perfeita para decorar espa\u00e7os, valorizar as lembran\u00e7as e transformar as fotos em obras de arte.<\/p>","protected":false},"excerpt":{"rendered":"<p>Stand Kristal Sofistica\u00e7\u00e3o e Modernidade na Exposi\u00e7\u00e3o de Suas Mem\u00f3rias. O Stand Kristal \u00e9 um suporte em acr\u00edlico de design<\/p>","protected":false},"featured_media":23033,"comment_status":"closed","ping_status":"closed","template":"","meta":{"rs_blank_template":"","rs_page_bg_color":"","slide_template_v7":"","inline_featured_image":false},"product_brand":[],"product_cat":[3081],"product_tag":[],"class_list":{"0":"post-24733","1":"product","2":"type-product","3":"status-publish","4":"has-post-thumbnail","6":"product_cat-lembrancas-acessorios","8":"first","9":"instock","10":"taxable","11":"shipping-taxable","12":"product-type-variable"},"_links":{"self":[{"href":"https:\/\/rodrilab.com\/en\/wp-json\/wp\/v2\/product\/24733","targetHints":{"allow":["GET"]}}],"collection":[{"href":"https:\/\/rodrilab.com\/en\/wp-json\/wp\/v2\/product"}],"about":[{"href":"https:\/\/rodrilab.com\/en\/wp-json\/wp\/v2\/types\/product"}],"replies":[{"embeddable":true,"href":"https:\/\/rodrilab.com\/en\/wp-json\/wp\/v2\/comments?post=24733"}],"wp:featuredmedia":[{"embeddable":true,"href":"https:\/\/rodrilab.com\/en\/wp-json\/wp\/v2\/media\/23033"}],"wp:attachment":[{"href":"https:\/\/rodrilab.com\/en\/wp-json\/wp\/v2\/media?parent=24733"}],"wp:term":[{"taxonomy":"product_brand","embeddable":true,"href":"https:\/\/rodrilab.com\/en\/wp-json\/wp\/v2\/product_brand?post=24733"},{"taxonomy":"product_cat","embeddable":true,"href":"https:\/\/rodrilab.com\/en\/wp-json\/wp\/v2\/product_cat?post=24733"},{"taxonomy":"product_tag","embeddable":true,"href":"https:\/\/rodrilab.com\/en\/wp-json\/wp\/v2\/product_tag?post=24733"}],"curies":[{"name":"wp","href":"https:\/\/api.w.org\/{rel}","templated":true}]}}