{"id":24409,"date":"2025-10-22T11:27:10","date_gmt":"2025-10-22T11:27:10","guid":{"rendered":"https:\/\/rodrilab.com\/?post_type=product&#038;p=24409"},"modified":"2025-11-19T18:46:55","modified_gmt":"2025-11-19T18:46:55","slug":"christmas-stand-cristal-matted-prints","status":"publish","type":"product","link":"https:\/\/rodrilab.com\/en\/product\/christmas-stand-cristal-matted-prints\/","title":{"rendered":"Christmas Stand Cristal Matted Prints"},"content":{"rendered":"<p data-start=\"122\" data-end=\"163\"><strong data-start=\"83\" data-end=\"124\">Christmas Stand Cristal Matted Prints<\/strong><\/p>\n<p data-start=\"122\" data-end=\"163\">O <strong data-start=\"129\" data-end=\"170\">Christmas Stand Cristal Matted Prints<\/strong> \u00e9 a combina\u00e7\u00e3o perfeita entre eleg\u00e2ncia e resist\u00eancia.<\/p>\n<p data-start=\"122\" data-end=\"163\">As fotografias s\u00e3o apresentadas com mattes colados, conferindo maior rigidez e estabilidade, enquanto o suporte em acr\u00edlico real\u00e7a cada detalhe com sofistica\u00e7\u00e3o.<\/p>\n<p data-start=\"122\" data-end=\"163\">Ideal para expor mem\u00f3rias especiais, transforma as suas imagens em pe\u00e7as decorativas de destaque, unindo modernidade e durabilidade num s\u00f3 produto.<\/p>\n<p data-start=\"122\" data-end=\"163\">Inclui <strong data-start=\"549\" data-end=\"568\">6 Matted Prints<\/strong>, prontos para exibi\u00e7\u00e3o com acabamento requintado e qualidade superior.<\/p>","protected":false},"excerpt":{"rendered":"<p>Christmas Stand Cristal Matted Prints O Christmas Stand Cristal Matted Prints \u00e9 a combina\u00e7\u00e3o perfeita entre eleg\u00e2ncia e resist\u00eancia. As<\/p>","protected":false},"featured_media":23031,"comment_status":"closed","ping_status":"closed","template":"","meta":{"rs_blank_template":"","rs_page_bg_color":"","slide_template_v7":"","inline_featured_image":false},"product_brand":[],"product_cat":[2947],"product_tag":[],"class_list":{"0":"post-24409","1":"product","2":"type-product","3":"status-publish","4":"has-post-thumbnail","6":"product_cat-natal","8":"first","9":"instock","10":"taxable","11":"shipping-taxable","12":"product-type-variable"},"_links":{"self":[{"href":"https:\/\/rodrilab.com\/en\/wp-json\/wp\/v2\/product\/24409","targetHints":{"allow":["GET"]}}],"collection":[{"href":"https:\/\/rodrilab.com\/en\/wp-json\/wp\/v2\/product"}],"about":[{"href":"https:\/\/rodrilab.com\/en\/wp-json\/wp\/v2\/types\/product"}],"replies":[{"embeddable":true,"href":"https:\/\/rodrilab.com\/en\/wp-json\/wp\/v2\/comments?post=24409"}],"wp:featuredmedia":[{"embeddable":true,"href":"https:\/\/rodrilab.com\/en\/wp-json\/wp\/v2\/media\/23031"}],"wp:attachment":[{"href":"https:\/\/rodrilab.com\/en\/wp-json\/wp\/v2\/media?parent=24409"}],"wp:term":[{"taxonomy":"product_brand","embeddable":true,"href":"https:\/\/rodrilab.com\/en\/wp-json\/wp\/v2\/product_brand?post=24409"},{"taxonomy":"product_cat","embeddable":true,"href":"https:\/\/rodrilab.com\/en\/wp-json\/wp\/v2\/product_cat?post=24409"},{"taxonomy":"product_tag","embeddable":true,"href":"https:\/\/rodrilab.com\/en\/wp-json\/wp\/v2\/product_tag?post=24409"}],"curies":[{"name":"wp","href":"https:\/\/api.w.org\/{rel}","templated":true}]}}