{"id":22722,"date":"2025-08-28T12:31:39","date_gmt":"2025-08-28T12:31:39","guid":{"rendered":"https:\/\/rodrilab.com\/?post_type=product&#038;p=22722"},"modified":"2025-11-13T08:47:46","modified_gmt":"2025-11-13T08:47:46","slug":"box-rodel-for-albuns","status":"publish","type":"product","link":"https:\/\/rodrilab.com\/en\/product\/box-rodel-for-albuns\/","title":{"rendered":"Box Rodel For \u00c1lbuns"},"content":{"rendered":"<p data-start=\"123\" data-end=\"212\"><strong data-start=\"123\" data-end=\"148\">Box Rodel For \u00c1lbuns<\/strong><br data-start=\"148\" data-end=\"151\" \/><strong data-start=\"151\" data-end=\"210\">Design exclusivo, versatilidade e eleg\u00e2ncia intemporal.<\/strong><\/p>\n<p data-start=\"214\" data-end=\"503\">Criada para impressionar, a Box Rodel apresenta um formato distinto, arredondado de um lado e reto do outro, que lhe confere um aspeto moderno e elegante. Pode ser utilizada como objeto decorativo de mesa ou, com a adi\u00e7\u00e3o de um suporte opcional, transformada numa pe\u00e7a de parede \u00fanica.<\/p>\n<p data-start=\"505\" data-end=\"726\">Desenvolvida para guardar \u00e1lbuns fotogr\u00e1ficos\u00a0 nos formatos <strong data-start=\"580\" data-end=\"604\">25&#215;25, 30&#215;30 e 30&#215;25<\/strong>, acomoda at\u00e9 <strong data-start=\"618\" data-end=\"644\">15 folhas (30 p\u00e1ginas)<\/strong>, oferecendo uma solu\u00e7\u00e3o pr\u00e1tica e requintada para preservar mem\u00f3rias preciosas.<\/p>\n<p data-start=\"728\" data-end=\"976\">Produzida em madeira de alta qualidade, dispon\u00edvel em v\u00e1rias cores, apresenta <strong data-start=\"806\" data-end=\"830\">5 cm de altura total<\/strong> (3,5 cm de base + 1,5 cm de tampa). A uni\u00e3o entre base e tampa \u00e9 feita com <strong data-start=\"906\" data-end=\"928\">4 \u00edmanes discretos<\/strong>, que asseguram um fecho seguro e sofisticado.<\/p>\n<p data-start=\"978\" data-end=\"1216\">A tampa \u00e9 personalizada com impress\u00e3o de alta qualidade em <strong data-start=\"1037\" data-end=\"1108\">papel fotogr\u00e1fico Fujicolor Crystal Archive Digital Paper Type DPII<\/strong>, protegida com lamina\u00e7\u00e3o <strong data-start=\"1134\" data-end=\"1153\">Soft Touch Mate<\/strong> ou <strong data-start=\"1157\" data-end=\"1167\">Brilho<\/strong>, conferindo um acabamento luxuoso e duradouro.<\/p>","protected":false},"excerpt":{"rendered":"<p>Box Rodel For \u00c1lbunsDesign exclusivo, versatilidade e eleg\u00e2ncia intemporal. Criada para impressionar, a Box Rodel apresenta um formato distinto, arredondado<\/p>","protected":false},"featured_media":19478,"comment_status":"closed","ping_status":"closed","template":"","meta":{"rs_blank_template":"","rs_page_bg_color":"","slide_template_v7":"","inline_featured_image":false},"product_brand":[],"product_cat":[81],"product_tag":[],"class_list":{"0":"post-22722","1":"product","2":"type-product","3":"status-publish","4":"has-post-thumbnail","6":"product_cat-embalagens","8":"first","9":"instock","10":"taxable","11":"shipping-taxable","12":"product-type-variable"},"_links":{"self":[{"href":"https:\/\/rodrilab.com\/en\/wp-json\/wp\/v2\/product\/22722","targetHints":{"allow":["GET"]}}],"collection":[{"href":"https:\/\/rodrilab.com\/en\/wp-json\/wp\/v2\/product"}],"about":[{"href":"https:\/\/rodrilab.com\/en\/wp-json\/wp\/v2\/types\/product"}],"replies":[{"embeddable":true,"href":"https:\/\/rodrilab.com\/en\/wp-json\/wp\/v2\/comments?post=22722"}],"wp:featuredmedia":[{"embeddable":true,"href":"https:\/\/rodrilab.com\/en\/wp-json\/wp\/v2\/media\/19478"}],"wp:attachment":[{"href":"https:\/\/rodrilab.com\/en\/wp-json\/wp\/v2\/media?parent=22722"}],"wp:term":[{"taxonomy":"product_brand","embeddable":true,"href":"https:\/\/rodrilab.com\/en\/wp-json\/wp\/v2\/product_brand?post=22722"},{"taxonomy":"product_cat","embeddable":true,"href":"https:\/\/rodrilab.com\/en\/wp-json\/wp\/v2\/product_cat?post=22722"},{"taxonomy":"product_tag","embeddable":true,"href":"https:\/\/rodrilab.com\/en\/wp-json\/wp\/v2\/product_tag?post=22722"}],"curies":[{"name":"wp","href":"https:\/\/api.w.org\/{rel}","templated":true}]}}