{"id":22126,"date":"2025-08-18T11:45:38","date_gmt":"2025-08-18T11:45:38","guid":{"rendered":"https:\/\/rodrilab.com\/?post_type=product&#038;p=22126"},"modified":"2026-04-23T19:13:09","modified_gmt":"2026-04-23T19:13:09","slug":"wood","status":"publish","type":"product","link":"https:\/\/rodrilab.com\/en\/product\/wood\/","title":{"rendered":"Wood"},"content":{"rendered":"<p data-start=\"72\" data-end=\"93\">Wood Collection<\/p>\n<p data-start=\"94\" data-end=\"445\">A <strong data-start=\"96\" data-end=\"115\">Wood Collection<\/strong> valoriza de forma \u00fanica a ess\u00eancia r\u00fastica da madeira, revelando toda a sua beleza natural.<\/p>\n<p data-start=\"94\" data-end=\"445\">A capa, composta por duas partes, destaca-se pela madeira frontal, dispon\u00edvel numa ampla variedade de colora\u00e7\u00f5es, enquanto a lombada e a contracapa recebem revestimentos \u00e0 escolha, conferindo-lhe um car\u00e1cter distinto e personalizado.<\/p>\n<p data-start=\"447\" data-end=\"578\">\u00c9 uma das escolhas preferidas por quem deseja eternizar as suas mem\u00f3rias com um toque aut\u00eantico, r\u00fastico e naturalmente elegante.<\/p>","protected":false},"excerpt":{"rendered":"<p>Wood Collection A Wood Collection valoriza de forma \u00fanica a ess\u00eancia r\u00fastica da madeira, revelando toda a sua beleza natural.<\/p>","protected":false},"featured_media":19059,"comment_status":"closed","ping_status":"closed","template":"","meta":{"rs_blank_template":"","rs_page_bg_color":"","slide_template_v7":"","inline_featured_image":false},"product_brand":[],"product_cat":[3077],"product_tag":[],"class_list":{"0":"post-22126","1":"product","2":"type-product","3":"status-publish","4":"has-post-thumbnail","6":"product_cat-albuns","8":"first","9":"instock","10":"taxable","11":"shipping-taxable","12":"product-type-variable"},"_links":{"self":[{"href":"https:\/\/rodrilab.com\/en\/wp-json\/wp\/v2\/product\/22126","targetHints":{"allow":["GET"]}}],"collection":[{"href":"https:\/\/rodrilab.com\/en\/wp-json\/wp\/v2\/product"}],"about":[{"href":"https:\/\/rodrilab.com\/en\/wp-json\/wp\/v2\/types\/product"}],"replies":[{"embeddable":true,"href":"https:\/\/rodrilab.com\/en\/wp-json\/wp\/v2\/comments?post=22126"}],"wp:featuredmedia":[{"embeddable":true,"href":"https:\/\/rodrilab.com\/en\/wp-json\/wp\/v2\/media\/19059"}],"wp:attachment":[{"href":"https:\/\/rodrilab.com\/en\/wp-json\/wp\/v2\/media?parent=22126"}],"wp:term":[{"taxonomy":"product_brand","embeddable":true,"href":"https:\/\/rodrilab.com\/en\/wp-json\/wp\/v2\/product_brand?post=22126"},{"taxonomy":"product_cat","embeddable":true,"href":"https:\/\/rodrilab.com\/en\/wp-json\/wp\/v2\/product_cat?post=22126"},{"taxonomy":"product_tag","embeddable":true,"href":"https:\/\/rodrilab.com\/en\/wp-json\/wp\/v2\/product_tag?post=22126"}],"curies":[{"name":"wp","href":"https:\/\/api.w.org\/{rel}","templated":true}]}}