{"id":22046,"date":"2025-08-15T17:14:49","date_gmt":"2025-08-15T17:14:49","guid":{"rendered":"https:\/\/rodrilab.com\/?post_type=product&#038;p=22046"},"modified":"2025-11-18T10:48:40","modified_gmt":"2025-11-18T10:48:40","slug":"requinte","status":"publish","type":"product","link":"https:\/\/rodrilab.com\/en\/product\/requinte\/","title":{"rendered":"Requinte"},"content":{"rendered":"<p data-start=\"119\" data-end=\"144\">Requinte Collection<\/p>\n<p data-start=\"145\" data-end=\"551\">Inspirada nas tradi\u00e7\u00f5es portuguesas, a linha <strong data-start=\"184\" data-end=\"207\">Requinte<\/strong>\u00a0distingue-se pelos bordados personalizados, que homenageiam as t\u00e9cnicas artesanais ancestrais e o trabalho manual de excel\u00eancia caracter\u00edstico de Portugal.<\/p>\n<p data-start=\"145\" data-end=\"551\">Produzida com os <strong data-start=\"383\" data-end=\"408\">revestimentos Glamour<\/strong>, combina sofistica\u00e7\u00e3o e durabilidade, sendo a escolha ideal para quem valoriza materiais requintados e deseja um \u00e1lbum com identidade \u00fanica.<\/p>","protected":false},"excerpt":{"rendered":"<p>Requinte Collection Inspirada nas tradi\u00e7\u00f5es portuguesas, a linha Requinte\u00a0distingue-se pelos bordados personalizados, que homenageiam as t\u00e9cnicas artesanais ancestrais e o<\/p>","protected":false},"featured_media":25146,"comment_status":"closed","ping_status":"closed","template":"","meta":{"rs_blank_template":"","rs_page_bg_color":"","slide_template_v7":"","inline_featured_image":false},"product_brand":[],"product_cat":[3077],"product_tag":[],"class_list":{"0":"post-22046","1":"product","2":"type-product","3":"status-publish","4":"has-post-thumbnail","6":"product_cat-albuns","8":"first","9":"instock","10":"taxable","11":"shipping-taxable","12":"product-type-variable"},"_links":{"self":[{"href":"https:\/\/rodrilab.com\/en\/wp-json\/wp\/v2\/product\/22046","targetHints":{"allow":["GET"]}}],"collection":[{"href":"https:\/\/rodrilab.com\/en\/wp-json\/wp\/v2\/product"}],"about":[{"href":"https:\/\/rodrilab.com\/en\/wp-json\/wp\/v2\/types\/product"}],"replies":[{"embeddable":true,"href":"https:\/\/rodrilab.com\/en\/wp-json\/wp\/v2\/comments?post=22046"}],"wp:featuredmedia":[{"embeddable":true,"href":"https:\/\/rodrilab.com\/en\/wp-json\/wp\/v2\/media\/25146"}],"wp:attachment":[{"href":"https:\/\/rodrilab.com\/en\/wp-json\/wp\/v2\/media?parent=22046"}],"wp:term":[{"taxonomy":"product_brand","embeddable":true,"href":"https:\/\/rodrilab.com\/en\/wp-json\/wp\/v2\/product_brand?post=22046"},{"taxonomy":"product_cat","embeddable":true,"href":"https:\/\/rodrilab.com\/en\/wp-json\/wp\/v2\/product_cat?post=22046"},{"taxonomy":"product_tag","embeddable":true,"href":"https:\/\/rodrilab.com\/en\/wp-json\/wp\/v2\/product_tag?post=22046"}],"curies":[{"name":"wp","href":"https:\/\/api.w.org\/{rel}","templated":true}]}}